{"id":7001,"date":"2026-02-04T14:25:30","date_gmt":"2026-02-04T14:25:30","guid":{"rendered":"https:\/\/planeto.be\/?post_type=product&#038;p=7001"},"modified":"2026-02-09T21:12:45","modified_gmt":"2026-02-09T21:12:45","slug":"kunstplant-ficus-1260-bladeren-200-cm-groen-2","status":"publish","type":"product","link":"https:\/\/planeto.be\/fr\/produit\/kunstplant-ficus-1260-bladeren-200-cm-groen-2\/","title":{"rendered":"Planeto Plante artificielle ficus 1260 feuilles 200 cm vert"},"content":{"rendered":"<p>Ce ficus artificiel est un choix parfait pour d\u00e9corer votre hall d'entr\u00e9e, votre salon ou votre bureau. Aspect r\u00e9aliste : le ficus artificiel a des feuilles en PEVA qui ressemblent \u00e0 de vraies feuilles de ficus et des troncs en bois qui ajoutent de l'authenticit\u00e9 gr\u00e2ce \u00e0 leur texture et leur couleur naturelles. Ensemble, ces caract\u00e9ristiques donnent \u00e0 l'arbre un aspect luxuriant et vivant.Moins d'entretien : la plante artificielle ne n\u00e9cessite aucun entretien, puisqu'elle n'a pas besoin d'\u00eatre arros\u00e9e ou fertilis\u00e9e, ni taill\u00e9e. Il s'agit d'une solution sans souci pour ceux qui souhaitent b\u00e9n\u00e9ficier de la beaut\u00e9 d'un palmier sans en avoir l'entretien.Pot rond en plastique : le faux arbre r\u00e9aliste est d\u00e9j\u00e0 fermement ancr\u00e9 dans un pot en plastique lors de la r\u00e9ception.Largement applicable : le ficus artificiel est polyvalent et peut \u00eatre plac\u00e9 dans diff\u00e9rents environnements. Il enrichit les espaces int\u00e9rieurs, tels que les maisons, les bureaux ou les zones commerciales, et cr\u00e9e une atmosph\u00e8re naturelle lorsqu'il est plac\u00e9 \u00e0 l'ext\u00e9rieur dans les jardins, les patios ou pr\u00e8s des piscines.<\/p>","protected":false},"excerpt":{"rendered":"<ul>\n<li>Couleur : vert<\/li>\n<li>Mat\u00e9riau des troncs : bois<\/li>\n<li>Mat\u00e9riau de la feuille : PEVA (poly\u00e9thyl\u00e8ne-ac\u00e9tate de vinyle)<\/li>\n<li>Mat\u00e9riau du pot rond : plastique<\/li>\n<li>Hauteur totale : 200 cm<\/li>\n<li>Nombre de feuilles : 1 260<\/li>\n<li>Montage n\u00e9cessaire : oui<\/li>\n<\/ul>","protected":false},"featured_media":7154,"comment_status":"open","ping_status":"closed","template":"","meta":[],"product_brand":[],"product_cat":[158,60],"product_tag":[1245,1244,1247,1166,69],"class_list":{"0":"post-7001","1":"product","2":"type-product","3":"status-publish","4":"has-post-thumbnail","6":"product_cat-kunstbomen","7":"product_cat-kunstplanten","8":"product_tag-200cm","9":"product_tag-bladeren","10":"product_tag-ficus","11":"product_tag-groen","12":"product_tag-kunstplant","14":"first","15":"instock","16":"purchasable","17":"product-type-simple"},"_links":{"self":[{"href":"https:\/\/planeto.be\/fr\/wp-json\/wp\/v2\/product\/7001","targetHints":{"allow":["GET"]}}],"collection":[{"href":"https:\/\/planeto.be\/fr\/wp-json\/wp\/v2\/product"}],"about":[{"href":"https:\/\/planeto.be\/fr\/wp-json\/wp\/v2\/types\/product"}],"replies":[{"embeddable":true,"href":"https:\/\/planeto.be\/fr\/wp-json\/wp\/v2\/comments?post=7001"}],"version-history":[{"count":2,"href":"https:\/\/planeto.be\/fr\/wp-json\/wp\/v2\/product\/7001\/revisions"}],"predecessor-version":[{"id":8331,"href":"https:\/\/planeto.be\/fr\/wp-json\/wp\/v2\/product\/7001\/revisions\/8331"}],"wp:featuredmedia":[{"embeddable":true,"href":"https:\/\/planeto.be\/fr\/wp-json\/wp\/v2\/media\/7154"}],"wp:attachment":[{"href":"https:\/\/planeto.be\/fr\/wp-json\/wp\/v2\/media?parent=7001"}],"wp:term":[{"taxonomy":"product_brand","embeddable":true,"href":"https:\/\/planeto.be\/fr\/wp-json\/wp\/v2\/product_brand?post=7001"},{"taxonomy":"product_cat","embeddable":true,"href":"https:\/\/planeto.be\/fr\/wp-json\/wp\/v2\/product_cat?post=7001"},{"taxonomy":"product_tag","embeddable":true,"href":"https:\/\/planeto.be\/fr\/wp-json\/wp\/v2\/product_tag?post=7001"}],"curies":[{"name":"wp","href":"https:\/\/api.w.org\/{rel}","templated":true}]}}