{"id":6998,"date":"2026-02-04T14:25:30","date_gmt":"2026-02-04T14:25:30","guid":{"rendered":"https:\/\/planeto.be\/?post_type=product&#038;p=6998"},"modified":"2026-02-09T21:12:43","modified_gmt":"2026-02-09T21:12:43","slug":"kunstplant-wisteria-1470-bladeren-200-cm-groen-en-wit","status":"publish","type":"product","link":"https:\/\/planeto.be\/fr\/produit\/kunstplant-wisteria-1470-bladeren-200-cm-groen-en-wit\/","title":{"rendered":"Planeto Plante artificielle glycine 1470 feuilles 200 cm vert et blanc"},"content":{"rendered":"<p>Cet arbre artificiel \u00e0 glycine est un choix parfait pour d\u00e9corer votre hall d'entr\u00e9e, votre salon ou votre bureau. Aspect r\u00e9aliste : l'arbre artificiel a des feuilles en fibre textile qui ressemblent \u00e0 de vraies feuilles de glycine et des troncs en bois v\u00e9ritable qui ajoutent de l'authenticit\u00e9 gr\u00e2ce \u00e0 leur texture et \u00e0 leur couleur naturelles. Ensemble, ces caract\u00e9ristiques donnent \u00e0 l'arbre un aspect luxuriant et vivant.Moins d'entretien : la plante artificielle ne n\u00e9cessite aucun entretien, puisqu'elle n'a pas besoin d'\u00eatre arros\u00e9e ou fertilis\u00e9e, ni taill\u00e9e. Elle offre une solution sans souci pour ceux qui veulent la beaut\u00e9 d'une glycine, sans son entretien.Pot rond en plastique : le faux arbre r\u00e9aliste est d\u00e9j\u00e0 fermement ancr\u00e9 dans un pot en plastique lors de la r\u00e9ception.Largement applicable : la glycine artificielle est polyvalente et peut \u00eatre plac\u00e9e dans diff\u00e9rents environnements. Elle enrichit les espaces int\u00e9rieurs, tels que les maisons, les bureaux ou les zones commerciales, et cr\u00e9e une atmosph\u00e8re naturelle lorsqu'elle est plac\u00e9e \u00e0 l'ext\u00e9rieur, dans les jardins, les patios ou pr\u00e8s des piscines.<\/p>","protected":false},"excerpt":{"rendered":"<ul>\n<li>Couleur : vert et blanc<\/li>\n<li>Mat\u00e9riau des troncs : bois<\/li>\n<li>Mat\u00e9riau de la feuille : fibre textile<\/li>\n<li>Mat\u00e9riau du pot rond : plastique<\/li>\n<li>Hauteur totale : 200 cm<\/li>\n<li>Aantal bladeren: 1.470<\/li>\n<li>Aantal bloemen: 1.360<\/li>\n<li>Montage n\u00e9cessaire : oui<\/li>\n<\/ul>","protected":false},"featured_media":7136,"comment_status":"open","ping_status":"closed","template":"","meta":[],"product_brand":[],"product_cat":[60],"product_tag":[1245,1244,1166,69,1246,982],"class_list":{"0":"post-6998","1":"product","2":"type-product","3":"status-publish","4":"has-post-thumbnail","6":"product_cat-kunstplanten","7":"product_tag-200cm","8":"product_tag-bladeren","9":"product_tag-groen","10":"product_tag-kunstplant","11":"product_tag-wisteria","12":"product_tag-wit","14":"first","15":"outofstock","16":"purchasable","17":"product-type-simple"},"_links":{"self":[{"href":"https:\/\/planeto.be\/fr\/wp-json\/wp\/v2\/product\/6998","targetHints":{"allow":["GET"]}}],"collection":[{"href":"https:\/\/planeto.be\/fr\/wp-json\/wp\/v2\/product"}],"about":[{"href":"https:\/\/planeto.be\/fr\/wp-json\/wp\/v2\/types\/product"}],"replies":[{"embeddable":true,"href":"https:\/\/planeto.be\/fr\/wp-json\/wp\/v2\/comments?post=6998"}],"version-history":[{"count":2,"href":"https:\/\/planeto.be\/fr\/wp-json\/wp\/v2\/product\/6998\/revisions"}],"predecessor-version":[{"id":8328,"href":"https:\/\/planeto.be\/fr\/wp-json\/wp\/v2\/product\/6998\/revisions\/8328"}],"wp:featuredmedia":[{"embeddable":true,"href":"https:\/\/planeto.be\/fr\/wp-json\/wp\/v2\/media\/7136"}],"wp:attachment":[{"href":"https:\/\/planeto.be\/fr\/wp-json\/wp\/v2\/media?parent=6998"}],"wp:term":[{"taxonomy":"product_brand","embeddable":true,"href":"https:\/\/planeto.be\/fr\/wp-json\/wp\/v2\/product_brand?post=6998"},{"taxonomy":"product_cat","embeddable":true,"href":"https:\/\/planeto.be\/fr\/wp-json\/wp\/v2\/product_cat?post=6998"},{"taxonomy":"product_tag","embeddable":true,"href":"https:\/\/planeto.be\/fr\/wp-json\/wp\/v2\/product_tag?post=6998"}],"curies":[{"name":"wp","href":"https:\/\/api.w.org\/{rel}","templated":true}]}}