{"id":6876,"date":"2026-02-04T14:24:44","date_gmt":"2026-02-04T14:24:44","guid":{"rendered":"https:\/\/planeto.be\/?post_type=product&#038;p=6876"},"modified":"2026-02-09T21:12:40","modified_gmt":"2026-02-09T21:12:40","slug":"kunstgras-1x5-m-20-mm-groen-2","status":"publish","type":"product","link":"https:\/\/planeto.be\/fr\/produit\/kunstgras-1x5-m-20-mm-groen-2\/","title":{"rendered":"Planeto Kunstgras 1&#215;5 m\/20 mm groen"},"content":{"rendered":"<p>Le gazon sp\u00e9cialement con\u00e7u a une hauteur de poils de 20 mm et peut \u00eatre utilis\u00e9 pour cr\u00e9er une pelouse unique, sans entretien. Ce gazon artificiel emball\u00e9 ressemble beaucoup au gazon naturel et se fond parfaitement dans l'environnement. Il est tr\u00e8s doux et tr\u00e8s agr\u00e9able au toucher. La face inf\u00e9rieure, lourde mais flexible, garantit que le gazon reste en place et peut facilement \u00eatre coup\u00e9 \u00e0 n'importe quelle taille. Gr\u00e2ce au mat\u00e9riau r\u00e9sistant aux UV, le gazon artificiel ne se d\u00e9colore pas et peut \u00eatre utilis\u00e9 pendant des ann\u00e9es.<\/p>","protected":false},"excerpt":{"rendered":"<ul>\n<li>Couleur principale : vert<\/li>\n<li>Une combinaison de 4 couleurs : vert clair, 2 sortes de vert fonc\u00e9 et marron.<\/li>\n<li>Mat\u00e9riau des fibres du gazon synth\u00e9tique : PP (polypropyl\u00e8ne)<\/li>\n<li>Mat\u00e9riau du dessous : SBR (caoutchouc styr\u00e8ne-butadi\u00e8ne)<\/li>\n<li>Afmetingen: 1 x 5 m (B x L)<\/li>\n<li>Hauteur de la pile : 20 mm<\/li>\n<li>Poids total : environ 1 366 g\/m\u00b2.<\/li>\n<li>R\u00e9sistant aux UV<\/li>\n<\/ul>","protected":false},"featured_media":7031,"comment_status":"closed","ping_status":"closed","template":"","meta":[],"product_brand":[],"product_cat":[61,60],"product_tag":[1189,1202,1166,65],"class_list":{"0":"post-6876","1":"product","2":"type-product","3":"status-publish","4":"has-post-thumbnail","6":"product_cat-kunstgras","7":"product_cat-kunstplanten","8":"product_tag-1x5","9":"product_tag-20mm","10":"product_tag-groen","11":"product_tag-kunstgras","13":"first","14":"outofstock","15":"purchasable","16":"product-type-simple"},"_links":{"self":[{"href":"https:\/\/planeto.be\/fr\/wp-json\/wp\/v2\/product\/6876","targetHints":{"allow":["GET"]}}],"collection":[{"href":"https:\/\/planeto.be\/fr\/wp-json\/wp\/v2\/product"}],"about":[{"href":"https:\/\/planeto.be\/fr\/wp-json\/wp\/v2\/types\/product"}],"replies":[{"embeddable":true,"href":"https:\/\/planeto.be\/fr\/wp-json\/wp\/v2\/comments?post=6876"}],"version-history":[{"count":2,"href":"https:\/\/planeto.be\/fr\/wp-json\/wp\/v2\/product\/6876\/revisions"}],"predecessor-version":[{"id":8309,"href":"https:\/\/planeto.be\/fr\/wp-json\/wp\/v2\/product\/6876\/revisions\/8309"}],"wp:featuredmedia":[{"embeddable":true,"href":"https:\/\/planeto.be\/fr\/wp-json\/wp\/v2\/media\/7031"}],"wp:attachment":[{"href":"https:\/\/planeto.be\/fr\/wp-json\/wp\/v2\/media?parent=6876"}],"wp:term":[{"taxonomy":"product_brand","embeddable":true,"href":"https:\/\/planeto.be\/fr\/wp-json\/wp\/v2\/product_brand?post=6876"},{"taxonomy":"product_cat","embeddable":true,"href":"https:\/\/planeto.be\/fr\/wp-json\/wp\/v2\/product_cat?post=6876"},{"taxonomy":"product_tag","embeddable":true,"href":"https:\/\/planeto.be\/fr\/wp-json\/wp\/v2\/product_tag?post=6876"}],"curies":[{"name":"wp","href":"https:\/\/api.w.org\/{rel}","templated":true}]}}