{"id":6522,"date":"2026-02-04T14:22:25","date_gmt":"2026-02-04T14:22:25","guid":{"rendered":"https:\/\/planeto.be\/?post_type=product&#038;p=6522"},"modified":"2026-02-09T21:12:26","modified_gmt":"2026-02-09T21:12:26","slug":"kunstplant-met-pot-buxus-bolvorming-60-cm-groen","status":"publish","type":"product","link":"https:\/\/planeto.be\/fr\/produit\/kunstplant-met-pot-buxus-bolvorming-60-cm-groen\/","title":{"rendered":"Planeto Plante artificielle avec pot buis formation bulbe 60 cm vert"},"content":{"rendered":"<p>Deze buxus kunstplant geeft elke ruimte een vleugje groen en de dubbele bolvorm is een blikvanger in je interieur! De plant is gemaakt van polyethyleen waardoor hij weerbestendig is en geschikt is voor buiten- en binnengebruik. De decoratieplant heeft een weelderige gemengde groene kleur en een natuurlijke textuur die er authentiek uitziet. Daarnaast zorgt de massief eucalyptushouten stam voor veel stabiliteit. Hij is ideaal voor diegenen die planten in huis willen hebben, maar geen tijd hebben om ze te verzorgen.<\/p>","protected":false},"excerpt":{"rendered":"<ul>\n<li>Couleur : vert<\/li>\n<li>Mat\u00e9riau : poly\u00e9thyl\u00e8ne, bois d'eucalyptus massif et polypropyl\u00e8ne<\/li>\n<li>Dimensions totales : 16 x 60 cm (L x H)<\/li>\n<li>Aucun assemblage n'est n\u00e9cessaire<\/li>\n<li><strong>La livraison comprend<\/strong><\/li>\n<li>1 x plante artificielle de buis<\/li>\n<li>1 x casserole<\/li>\n<\/ul>","protected":false},"featured_media":6635,"comment_status":"open","ping_status":"closed","template":"","meta":[],"product_brand":[],"product_cat":[97,60,66],"product_tag":[1092,1230,1216,1166,69,1191],"class_list":{"0":"post-6522","1":"product","2":"type-product","3":"status-publish","4":"has-post-thumbnail","6":"product_cat-kunstbuxus","7":"product_cat-kunstplanten","8":"product_cat-kunstplanten-met-pot","9":"product_tag-60cm","10":"product_tag-bolvorming","11":"product_tag-buxus","12":"product_tag-groen","13":"product_tag-kunstplant","14":"product_tag-pot","16":"first","17":"instock","18":"purchasable","19":"product-type-simple"},"_links":{"self":[{"href":"https:\/\/planeto.be\/fr\/wp-json\/wp\/v2\/product\/6522","targetHints":{"allow":["GET"]}}],"collection":[{"href":"https:\/\/planeto.be\/fr\/wp-json\/wp\/v2\/product"}],"about":[{"href":"https:\/\/planeto.be\/fr\/wp-json\/wp\/v2\/types\/product"}],"replies":[{"embeddable":true,"href":"https:\/\/planeto.be\/fr\/wp-json\/wp\/v2\/comments?post=6522"}],"version-history":[{"count":2,"href":"https:\/\/planeto.be\/fr\/wp-json\/wp\/v2\/product\/6522\/revisions"}],"predecessor-version":[{"id":8244,"href":"https:\/\/planeto.be\/fr\/wp-json\/wp\/v2\/product\/6522\/revisions\/8244"}],"wp:featuredmedia":[{"embeddable":true,"href":"https:\/\/planeto.be\/fr\/wp-json\/wp\/v2\/media\/6635"}],"wp:attachment":[{"href":"https:\/\/planeto.be\/fr\/wp-json\/wp\/v2\/media?parent=6522"}],"wp:term":[{"taxonomy":"product_brand","embeddable":true,"href":"https:\/\/planeto.be\/fr\/wp-json\/wp\/v2\/product_brand?post=6522"},{"taxonomy":"product_cat","embeddable":true,"href":"https:\/\/planeto.be\/fr\/wp-json\/wp\/v2\/product_cat?post=6522"},{"taxonomy":"product_tag","embeddable":true,"href":"https:\/\/planeto.be\/fr\/wp-json\/wp\/v2\/product_tag?post=6522"}],"curies":[{"name":"wp","href":"https:\/\/api.w.org\/{rel}","templated":true}]}}