{"id":6115,"date":"2026-02-04T14:19:45","date_gmt":"2026-02-04T14:19:45","guid":{"rendered":"https:\/\/planeto.be\/?post_type=product&#038;p=6115"},"modified":"2026-02-09T21:12:09","modified_gmt":"2026-02-09T21:12:09","slug":"kunstgras-133x5-m-40-mm-groen","status":"publish","type":"product","link":"https:\/\/planeto.be\/fr\/produit\/kunstgras-133x5-m-40-mm-groen\/","title":{"rendered":"Planeto Kunstgras 1,33&#215;5 m\/40 mm groen"},"content":{"rendered":"<p>Het speciaal ontworpen gras heeft een poolhoogte van 40 mm en het kan worden gebruikt om een uniek, onderhoudsvrij gazon te cre\u00ebren. Dit opeengepakte kunstgras lijkt erg op natuurlijk gras en past perfect in de omliggende omgeving. Het is erg zacht en zeer comfortabel om aan te raken. De zware maar flexibele onderkant zorgt ervoor dat het gras blijft liggen en is eenvoudig tot elk gewenste formaat te snijden. Dankzij het uv-bestendige materiaal vervaagt het kunstgrasveld niet en is het geschikt voor jarenlang gebruik.<\/p>","protected":false},"excerpt":{"rendered":"<ul>\n<li>Couleur principale : vert<\/li>\n<li>Une combinaison de 4 couleurs : vert clair, 2 sortes de vert fonc\u00e9 et marron.<\/li>\n<li>Mat\u00e9riau des fibres du gazon synth\u00e9tique : PP (polypropyl\u00e8ne)<\/li>\n<li>Mat\u00e9riau du dessous : SBR (caoutchouc styr\u00e8ne-butadi\u00e8ne)<\/li>\n<li>Afmetingen: 1,33 x 5 m (B x L)<\/li>\n<li>Poolhoogte: 40 mm<\/li>\n<li>Poids total : environ 712 g\/m\u00b2.<\/li>\n<li>R\u00e9sistant aux UV<\/li>\n<\/ul>","protected":false},"featured_media":6249,"comment_status":"closed","ping_status":"closed","template":"","meta":[],"product_brand":[],"product_cat":[61,60],"product_tag":[1302,1207,1166,65],"class_list":{"0":"post-6115","1":"product","2":"type-product","3":"status-publish","4":"has-post-thumbnail","6":"product_cat-kunstgras","7":"product_cat-kunstplanten","8":"product_tag-1-33x5-2","9":"product_tag-40mm","10":"product_tag-groen","11":"product_tag-kunstgras","13":"first","14":"outofstock","15":"purchasable","16":"product-type-simple"},"_links":{"self":[{"href":"https:\/\/planeto.be\/fr\/wp-json\/wp\/v2\/product\/6115","targetHints":{"allow":["GET"]}}],"collection":[{"href":"https:\/\/planeto.be\/fr\/wp-json\/wp\/v2\/product"}],"about":[{"href":"https:\/\/planeto.be\/fr\/wp-json\/wp\/v2\/types\/product"}],"replies":[{"embeddable":true,"href":"https:\/\/planeto.be\/fr\/wp-json\/wp\/v2\/comments?post=6115"}],"version-history":[{"count":2,"href":"https:\/\/planeto.be\/fr\/wp-json\/wp\/v2\/product\/6115\/revisions"}],"predecessor-version":[{"id":8178,"href":"https:\/\/planeto.be\/fr\/wp-json\/wp\/v2\/product\/6115\/revisions\/8178"}],"wp:featuredmedia":[{"embeddable":true,"href":"https:\/\/planeto.be\/fr\/wp-json\/wp\/v2\/media\/6249"}],"wp:attachment":[{"href":"https:\/\/planeto.be\/fr\/wp-json\/wp\/v2\/media?parent=6115"}],"wp:term":[{"taxonomy":"product_brand","embeddable":true,"href":"https:\/\/planeto.be\/fr\/wp-json\/wp\/v2\/product_brand?post=6115"},{"taxonomy":"product_cat","embeddable":true,"href":"https:\/\/planeto.be\/fr\/wp-json\/wp\/v2\/product_cat?post=6115"},{"taxonomy":"product_tag","embeddable":true,"href":"https:\/\/planeto.be\/fr\/wp-json\/wp\/v2\/product_tag?post=6115"}],"curies":[{"name":"wp","href":"https:\/\/api.w.org\/{rel}","templated":true}]}}