{"id":5762,"date":"2026-02-04T14:17:28","date_gmt":"2026-02-04T14:17:28","guid":{"rendered":"https:\/\/planeto.be\/?post_type=product&#038;p=5762"},"modified":"2026-02-09T21:11:57","modified_gmt":"2026-02-09T21:11:57","slug":"kunstgras-15x10-m-7-9-mm-groen","status":"publish","type":"product","link":"https:\/\/planeto.be\/fr\/produit\/kunstgras-15x10-m-7-9-mm-groen\/","title":{"rendered":"Planeto Kunstgras 1,5&#215;10 m\/7-9 mm groen"},"content":{"rendered":"<p>Le gazon sp\u00e9cialement con\u00e7u a une hauteur de poils de 7 \u00e0 9 mm et peut \u00eatre utilis\u00e9 pour cr\u00e9er une pelouse unique, sans entretien. Ce gazon artificiel emball\u00e9 ressemble beaucoup au gazon naturel et se fond parfaitement dans l'environnement. Il est tr\u00e8s doux et tr\u00e8s agr\u00e9able au toucher. La face inf\u00e9rieure, lourde mais flexible, permet au gazon de rester en place et peut facilement \u00eatre coup\u00e9 \u00e0 n'importe quelle taille. Gr\u00e2ce au mat\u00e9riau r\u00e9sistant aux UV, le gazon artificiel ne se d\u00e9colore pas et peut \u00eatre utilis\u00e9 pendant des ann\u00e9es.<\/p>","protected":false},"excerpt":{"rendered":"<ul>\n<li>Couleur : vert<\/li>\n<li>Mat\u00e9riau des fibres du gazon synth\u00e9tique : PP (polypropyl\u00e8ne)<\/li>\n<li>Mat\u00e9riau du dessous : SBR (caoutchouc styr\u00e8ne-butadi\u00e8ne)<\/li>\n<li>Afmetingen: 1,5 x 10 m (B x L)<\/li>\n<li>Hauteur de la pile : 7 - 9 mm<\/li>\n<li>Poids total : environ 712 g\/m\u00b2.<\/li>\n<li>R\u00e9sistant aux UV<\/li>\n<\/ul>","protected":false},"featured_media":5921,"comment_status":"closed","ping_status":"closed","template":"","meta":[],"product_brand":[],"product_cat":[61,60],"product_tag":[1256,1190,1166,65],"class_list":{"0":"post-5762","1":"product","2":"type-product","3":"status-publish","4":"has-post-thumbnail","6":"product_cat-kunstgras","7":"product_cat-kunstplanten","8":"product_tag-1-5x10-2","9":"product_tag-9mm","10":"product_tag-groen","11":"product_tag-kunstgras","13":"first","14":"outofstock","15":"purchasable","16":"product-type-simple"},"_links":{"self":[{"href":"https:\/\/planeto.be\/fr\/wp-json\/wp\/v2\/product\/5762","targetHints":{"allow":["GET"]}}],"collection":[{"href":"https:\/\/planeto.be\/fr\/wp-json\/wp\/v2\/product"}],"about":[{"href":"https:\/\/planeto.be\/fr\/wp-json\/wp\/v2\/types\/product"}],"replies":[{"embeddable":true,"href":"https:\/\/planeto.be\/fr\/wp-json\/wp\/v2\/comments?post=5762"}],"version-history":[{"count":2,"href":"https:\/\/planeto.be\/fr\/wp-json\/wp\/v2\/product\/5762\/revisions"}],"predecessor-version":[{"id":8123,"href":"https:\/\/planeto.be\/fr\/wp-json\/wp\/v2\/product\/5762\/revisions\/8123"}],"wp:featuredmedia":[{"embeddable":true,"href":"https:\/\/planeto.be\/fr\/wp-json\/wp\/v2\/media\/5921"}],"wp:attachment":[{"href":"https:\/\/planeto.be\/fr\/wp-json\/wp\/v2\/media?parent=5762"}],"wp:term":[{"taxonomy":"product_brand","embeddable":true,"href":"https:\/\/planeto.be\/fr\/wp-json\/wp\/v2\/product_brand?post=5762"},{"taxonomy":"product_cat","embeddable":true,"href":"https:\/\/planeto.be\/fr\/wp-json\/wp\/v2\/product_cat?post=5762"},{"taxonomy":"product_tag","embeddable":true,"href":"https:\/\/planeto.be\/fr\/wp-json\/wp\/v2\/product_tag?post=5762"}],"curies":[{"name":"wp","href":"https:\/\/api.w.org\/{rel}","templated":true}]}}