{"id":5547,"date":"2026-02-04T14:16:19","date_gmt":"2026-02-04T14:16:19","guid":{"rendered":"https:\/\/planeto.be\/?post_type=product&#038;p=5547"},"modified":"2026-02-09T21:11:45","modified_gmt":"2026-02-09T21:11:45","slug":"kunstplant-met-pot-cipres-bonsai-60-cm-groen","status":"publish","type":"product","link":"https:\/\/planeto.be\/fr\/produit\/kunstplant-met-pot-cipres-bonsai-60-cm-groen\/","title":{"rendered":"Planeto Plante artificielle avec pot cypr\u00e8s bonsai 60 cm vert"},"content":{"rendered":"<p>Ajoutez une touche de vert \u00e0 votre int\u00e9rieur avec cette plante artificielle r\u00e9aliste. Le bonsa\u00ef de cypr\u00e8s mesure 60 cm de haut et constitue un excellent choix pour votre maison ou votre bureau. La plante a des feuilles d\u00e9taill\u00e9es, ce qui lui donne un aspect complet et r\u00e9aliste. De plus, elle ne se fane jamais. Cette plante artificielle d\u00e9corative est id\u00e9ale pour ceux qui souhaitent avoir des plantes chez eux mais qui n'ont pas le temps de s'en occuper. De plus, les feuilles pr\u00e9sentent de l\u00e9g\u00e8res variations de couleur pour un aspect authentique. Avec cette plante artificielle, la nature est \u00e0 port\u00e9e de main.<\/p>","protected":false},"excerpt":{"rendered":"<ul>\n<li>Couleur : vert<\/li>\n<li>Mat\u00e9riau : plastique<\/li>\n<li>Hauteur : 60 cm<\/li>\n<li>Avec un tronc mince et des feuilles de cypr\u00e8s<\/li>\n<li>Pot noir inclus<\/li>\n<li>Esp\u00e8ce v\u00e9g\u00e9tale : bonsa\u00ef de cypr\u00e8s<\/li>\n<li>Aucun assemblage n'est n\u00e9cessaire<\/li>\n<\/ul>","protected":false},"featured_media":5612,"comment_status":"open","ping_status":"closed","template":"","meta":[],"product_brand":[],"product_cat":[60,66],"product_tag":[1092,95,1215,1166,69,1191],"class_list":{"0":"post-5547","1":"product","2":"type-product","3":"status-publish","4":"has-post-thumbnail","6":"product_cat-kunstplanten","7":"product_cat-kunstplanten-met-pot","8":"product_tag-60cm","9":"product_tag-bonsai","10":"product_tag-cipres","11":"product_tag-groen","12":"product_tag-kunstplant","13":"product_tag-pot","15":"first","16":"instock","17":"purchasable","18":"product-type-simple"},"_links":{"self":[{"href":"https:\/\/planeto.be\/fr\/wp-json\/wp\/v2\/product\/5547","targetHints":{"allow":["GET"]}}],"collection":[{"href":"https:\/\/planeto.be\/fr\/wp-json\/wp\/v2\/product"}],"about":[{"href":"https:\/\/planeto.be\/fr\/wp-json\/wp\/v2\/types\/product"}],"replies":[{"embeddable":true,"href":"https:\/\/planeto.be\/fr\/wp-json\/wp\/v2\/comments?post=5547"}],"version-history":[{"count":2,"href":"https:\/\/planeto.be\/fr\/wp-json\/wp\/v2\/product\/5547\/revisions"}],"predecessor-version":[{"id":8072,"href":"https:\/\/planeto.be\/fr\/wp-json\/wp\/v2\/product\/5547\/revisions\/8072"}],"wp:featuredmedia":[{"embeddable":true,"href":"https:\/\/planeto.be\/fr\/wp-json\/wp\/v2\/media\/5612"}],"wp:attachment":[{"href":"https:\/\/planeto.be\/fr\/wp-json\/wp\/v2\/media?parent=5547"}],"wp:term":[{"taxonomy":"product_brand","embeddable":true,"href":"https:\/\/planeto.be\/fr\/wp-json\/wp\/v2\/product_brand?post=5547"},{"taxonomy":"product_cat","embeddable":true,"href":"https:\/\/planeto.be\/fr\/wp-json\/wp\/v2\/product_cat?post=5547"},{"taxonomy":"product_tag","embeddable":true,"href":"https:\/\/planeto.be\/fr\/wp-json\/wp\/v2\/product_tag?post=5547"}],"curies":[{"name":"wp","href":"https:\/\/api.w.org\/{rel}","templated":true}]}}