{"id":5545,"date":"2026-02-04T14:16:19","date_gmt":"2026-02-04T14:16:19","guid":{"rendered":"https:\/\/planeto.be\/?post_type=product&#038;p=5545"},"modified":"2026-02-09T21:11:45","modified_gmt":"2026-02-09T21:11:45","slug":"kunstplant-caladium-met-pot-85-cm-groen-en-rood","status":"publish","type":"product","link":"https:\/\/planeto.be\/fr\/produit\/kunstplant-caladium-met-pot-85-cm-groen-en-rood\/","title":{"rendered":"Planeto Plante artificielle caladium avec pot 85 cm vert et rouge"},"content":{"rendered":"<p>Ajoutez un peu de vert \u00e0 votre int\u00e9rieur avec cette plante artificielle de caladium ! D'une hauteur de 85 cm, le caladium est le choix parfait pour l'int\u00e9rieur de votre maison ou de votre bureau. La plante poss\u00e8de 13 feuilles aux d\u00e9tails parfaits, ce qui lui donne un aspect complet et r\u00e9aliste et ne se fl\u00e9trit jamais. Les feuilles pr\u00e9sentent de l\u00e9g\u00e8res variations de couleur pour un aspect r\u00e9aliste. Cette plante artificielle d\u00e9corative est fabriqu\u00e9e \u00e0 partir de mat\u00e9riaux de haute qualit\u00e9 et est tr\u00e8s durable. Elle est id\u00e9ale pour les personnes qui souhaitent avoir des plantes dans leur maison mais qui n'ont pas le temps de s'en occuper. La livraison comprend 1 plante artificielle et 1 pot.<\/p>","protected":false},"excerpt":{"rendered":"<ul>\n<li>Esp\u00e8ce v\u00e9g\u00e9tale : caladium<\/li>\n<li>Couleur de la plante : vert et rouge<\/li>\n<li>Mat\u00e9riau de la feuille : plastique<\/li>\n<li>Mat\u00e9riau branches et brindilles : plastique et fil de fer<\/li>\n<li>Mat\u00e9riau du coffre : bois v\u00e9ritable<\/li>\n<li>Hauteur totale : 85 cm<\/li>\n<li>Nombre de feuilles : 13<\/li>\n<li>Comprend un pot en plastique : (11,5-16) x 13 cm (\u00f8 x H)<\/li>\n<\/ul>","protected":false},"featured_media":5606,"comment_status":"closed","ping_status":"closed","template":"","meta":[],"product_brand":[],"product_cat":[60],"product_tag":[1206,1213,1166,69,1191,1098],"class_list":{"0":"post-5545","1":"product","2":"type-product","3":"status-publish","4":"has-post-thumbnail","6":"product_cat-kunstplanten","7":"product_tag-85cm","8":"product_tag-caladium","9":"product_tag-groen","10":"product_tag-kunstplant","11":"product_tag-pot","12":"product_tag-rood","14":"first","15":"instock","16":"purchasable","17":"product-type-simple"},"_links":{"self":[{"href":"https:\/\/planeto.be\/fr\/wp-json\/wp\/v2\/product\/5545","targetHints":{"allow":["GET"]}}],"collection":[{"href":"https:\/\/planeto.be\/fr\/wp-json\/wp\/v2\/product"}],"about":[{"href":"https:\/\/planeto.be\/fr\/wp-json\/wp\/v2\/types\/product"}],"replies":[{"embeddable":true,"href":"https:\/\/planeto.be\/fr\/wp-json\/wp\/v2\/comments?post=5545"}],"version-history":[{"count":2,"href":"https:\/\/planeto.be\/fr\/wp-json\/wp\/v2\/product\/5545\/revisions"}],"predecessor-version":[{"id":8070,"href":"https:\/\/planeto.be\/fr\/wp-json\/wp\/v2\/product\/5545\/revisions\/8070"}],"wp:featuredmedia":[{"embeddable":true,"href":"https:\/\/planeto.be\/fr\/wp-json\/wp\/v2\/media\/5606"}],"wp:attachment":[{"href":"https:\/\/planeto.be\/fr\/wp-json\/wp\/v2\/media?parent=5545"}],"wp:term":[{"taxonomy":"product_brand","embeddable":true,"href":"https:\/\/planeto.be\/fr\/wp-json\/wp\/v2\/product_brand?post=5545"},{"taxonomy":"product_cat","embeddable":true,"href":"https:\/\/planeto.be\/fr\/wp-json\/wp\/v2\/product_cat?post=5545"},{"taxonomy":"product_tag","embeddable":true,"href":"https:\/\/planeto.be\/fr\/wp-json\/wp\/v2\/product_tag?post=5545"}],"curies":[{"name":"wp","href":"https:\/\/api.w.org\/{rel}","templated":true}]}}