{"id":5543,"date":"2026-02-04T14:16:19","date_gmt":"2026-02-04T14:16:19","guid":{"rendered":"https:\/\/planeto.be\/?post_type=product&#038;p=5543"},"modified":"2026-02-09T21:11:45","modified_gmt":"2026-02-09T21:11:45","slug":"kunst-calla-lelie-plant-met-pot-45-cm-wit","status":"publish","type":"product","link":"https:\/\/planeto.be\/fr\/produit\/kunst-calla-lelie-plant-met-pot-45-cm-wit\/","title":{"rendered":"Planeto Art calla lily plant avec pot 45 cm blanc"},"content":{"rendered":"<p>Ajoutez un peu de verdure \u00e0 votre int\u00e9rieur avec ce lys calla d'art r\u00e9aliste. Le lys mesure 45 cm de haut et constitue un excellent choix pour l'int\u00e9rieur de votre maison ou de votre bureau. Il comporte 9 feuilles et 3 fleurs aux d\u00e9tails parfaits, ce qui lui donne un aspect complet et r\u00e9aliste et ne se fl\u00e9trit jamais. Les feuilles pr\u00e9sentent de l\u00e9g\u00e8res variations de couleur pour un aspect r\u00e9aliste. Cette plante artificielle d\u00e9corative est fabriqu\u00e9e \u00e0 partir de mat\u00e9riaux de haute qualit\u00e9 et est tr\u00e8s durable. Elle est id\u00e9ale pour ceux qui veulent des fleurs dans leur maison mais qui n'ont pas le temps de s'en occuper. La livraison comprend 1 plante artificielle et 1 pot.<\/p>","protected":false},"excerpt":{"rendered":"<ul>\n<li>Esp\u00e8ce v\u00e9g\u00e9tale : lis calla<\/li>\n<li>Couleur de la fleur : blanc<\/li>\n<li>Mat\u00e9riau de la fleur : plastique<\/li>\n<li>Mat\u00e9riau de la feuille : plastique<\/li>\n<li>Mat\u00e9riau branches et brindilles : plastique et fil de fer<\/li>\n<li>Hauteur totale : 45 cm<\/li>\n<li>Nombre de feuilles : 9<\/li>\n<li>Nombre de fleurs : 3<\/li>\n<li>Comprend un pot en plastique : (8,5 - 12,5) x 11 cm (\u00f8 x H)<\/li>\n<\/ul>","protected":false},"featured_media":5599,"comment_status":"closed","ping_status":"closed","template":"","meta":[],"product_brand":[],"product_cat":[86,60],"product_tag":[1184,1210,78,1211,1205,1191,982],"class_list":{"0":"post-5543","1":"product","2":"type-product","3":"status-publish","4":"has-post-thumbnail","6":"product_cat-kunstbloemen","7":"product_cat-kunstplanten","8":"product_tag-45cm","9":"product_tag-calla","10":"product_tag-kunst","11":"product_tag-lelie","12":"product_tag-plant","13":"product_tag-pot","14":"product_tag-wit","16":"first","17":"instock","18":"purchasable","19":"product-type-simple"},"_links":{"self":[{"href":"https:\/\/planeto.be\/fr\/wp-json\/wp\/v2\/product\/5543","targetHints":{"allow":["GET"]}}],"collection":[{"href":"https:\/\/planeto.be\/fr\/wp-json\/wp\/v2\/product"}],"about":[{"href":"https:\/\/planeto.be\/fr\/wp-json\/wp\/v2\/types\/product"}],"replies":[{"embeddable":true,"href":"https:\/\/planeto.be\/fr\/wp-json\/wp\/v2\/comments?post=5543"}],"version-history":[{"count":2,"href":"https:\/\/planeto.be\/fr\/wp-json\/wp\/v2\/product\/5543\/revisions"}],"predecessor-version":[{"id":8068,"href":"https:\/\/planeto.be\/fr\/wp-json\/wp\/v2\/product\/5543\/revisions\/8068"}],"wp:featuredmedia":[{"embeddable":true,"href":"https:\/\/planeto.be\/fr\/wp-json\/wp\/v2\/media\/5599"}],"wp:attachment":[{"href":"https:\/\/planeto.be\/fr\/wp-json\/wp\/v2\/media?parent=5543"}],"wp:term":[{"taxonomy":"product_brand","embeddable":true,"href":"https:\/\/planeto.be\/fr\/wp-json\/wp\/v2\/product_brand?post=5543"},{"taxonomy":"product_cat","embeddable":true,"href":"https:\/\/planeto.be\/fr\/wp-json\/wp\/v2\/product_cat?post=5543"},{"taxonomy":"product_tag","embeddable":true,"href":"https:\/\/planeto.be\/fr\/wp-json\/wp\/v2\/product_tag?post=5543"}],"curies":[{"name":"wp","href":"https:\/\/api.w.org\/{rel}","templated":true}]}}