{"id":4650,"date":"2026-02-04T11:26:25","date_gmt":"2026-02-04T11:26:25","guid":{"rendered":"https:\/\/planeto.be\/product\/wastafel-50x35x10-cm-massief-teakhout\/"},"modified":"2026-02-10T08:10:38","modified_gmt":"2026-02-10T08:10:38","slug":"wastafel-50x35x10-cm-massief-teakhout","status":"publish","type":"product","link":"https:\/\/planeto.be\/fr\/produit\/wastafel-50x35x10-cm-massief-teakhout\/","title":{"rendered":"Planeto Lavabo 50x35x10 cm teck massif"},"content":{"rendered":"<p>Cet \u00e9vier en teck massif n'est pas seulement un \u00e9vier pratique pour un usage quotidien, mais aussi un ornement pour votre espace de vie.<\/p>\n<\/p>\n<p>Fabriqu\u00e9 en teck dur extr\u00eamement durable, cet \u00e9vier est arros\u00e9, s\u00e9ch\u00e9 au four puis finement ponc\u00e9 pour lui donner un aspect tr\u00e8s lisse. De plus, cet \u00e9vier en bois est tr\u00e8s facile \u00e0 nettoyer.<\/p>\n<ul>\n<li>Mat\u00e9riau : teck dur finement ponc\u00e9 avec finition<\/li>\n<li>Dimensions : 50 x 35 x 10 cm (L x L x H)<\/li>\n<li>Diam\u00e8tre du trou d'\u00e9vacuation : 5 cm<\/li>\n<li>Aucun assemblage n'est n\u00e9cessaire<\/li>\n<\/ul>","protected":false},"excerpt":{"rendered":"<ul>\n<li>Mat\u00e9riau : teck dur finement ponc\u00e9 avec finition<\/li>\n<li>Dimensions : 50 x 35 x 10 cm (L x L x H)<\/li>\n<li>Diam\u00e8tre du trou d'\u00e9vacuation : 5 cm<\/li>\n<li>Aucun assemblage n'est n\u00e9cessaire<\/li>\n<\/ul>","protected":false},"featured_media":4649,"comment_status":"open","ping_status":"closed","template":"","meta":[],"product_brand":[],"product_cat":[1353,59],"product_tag":[1188,996,1082,1182],"class_list":{"0":"post-4650","1":"product","2":"type-product","3":"status-publish","4":"has-post-thumbnail","6":"product_cat-badkamer","7":"product_cat-gootstenen-voor-badkamers","8":"product_tag-50x35","9":"product_tag-massief","10":"product_tag-teakhout","11":"product_tag-wastafel","13":"first","14":"outofstock","15":"shipping-taxable","16":"purchasable","17":"product-type-simple"},"_links":{"self":[{"href":"https:\/\/planeto.be\/fr\/wp-json\/wp\/v2\/product\/4650","targetHints":{"allow":["GET"]}}],"collection":[{"href":"https:\/\/planeto.be\/fr\/wp-json\/wp\/v2\/product"}],"about":[{"href":"https:\/\/planeto.be\/fr\/wp-json\/wp\/v2\/types\/product"}],"replies":[{"embeddable":true,"href":"https:\/\/planeto.be\/fr\/wp-json\/wp\/v2\/comments?post=4650"}],"version-history":[{"count":1,"href":"https:\/\/planeto.be\/fr\/wp-json\/wp\/v2\/product\/4650\/revisions"}],"predecessor-version":[{"id":8058,"href":"https:\/\/planeto.be\/fr\/wp-json\/wp\/v2\/product\/4650\/revisions\/8058"}],"wp:featuredmedia":[{"embeddable":true,"href":"https:\/\/planeto.be\/fr\/wp-json\/wp\/v2\/media\/4649"}],"wp:attachment":[{"href":"https:\/\/planeto.be\/fr\/wp-json\/wp\/v2\/media?parent=4650"}],"wp:term":[{"taxonomy":"product_brand","embeddable":true,"href":"https:\/\/planeto.be\/fr\/wp-json\/wp\/v2\/product_brand?post=4650"},{"taxonomy":"product_cat","embeddable":true,"href":"https:\/\/planeto.be\/fr\/wp-json\/wp\/v2\/product_cat?post=4650"},{"taxonomy":"product_tag","embeddable":true,"href":"https:\/\/planeto.be\/fr\/wp-json\/wp\/v2\/product_tag?post=4650"}],"curies":[{"name":"wp","href":"https:\/\/api.w.org\/{rel}","templated":true}]}}