{"id":4594,"date":"2026-02-04T11:26:00","date_gmt":"2026-02-04T11:26:00","guid":{"rendered":"https:\/\/planeto.be\/product\/wastafel-ovaal-45-53x34-41-cm-riviersteen-2\/"},"modified":"2026-02-10T08:10:38","modified_gmt":"2026-02-10T08:10:38","slug":"wastafel-ovaal-45-53x34-41-cm-riviersteen-2","status":"publish","type":"product","link":"https:\/\/planeto.be\/fr\/produit\/wastafel-ovaal-45-53x34-41-cm-riviersteen-2\/","title":{"rendered":"Planeto Basin ovale (45-53)x(34-41) cm pierre de rivi\u00e8re"},"content":{"rendered":"<p>Cette vasque ovale en pierre de rivi\u00e8re naturelle est un ajout \u00e9l\u00e9gant \u00e0 toute salle de bains et toilettes.<\/p>\n<\/p>\n<p>Cet \u00e9vier unique en pierre naturelle n'est pas seulement un \u00e9vier pratique pour un usage quotidien, mais aussi un bijou pour votre espace de vie. Il s'harmonise parfaitement avec n'importe quel int\u00e9rieur. La surface de l'int\u00e9rieur est polie et lisse, ce qui facilite le nettoyage. La bonde a un diam\u00e8tre de 4,5 cm. Vous pouvez trouver d'autres meubles de salle de bain en teck dans notre boutique pour cr\u00e9er un ensemble complet de salle de bain.<\/p>\n<\/p>\n<p>Remarque : la pierre de rivi\u00e8re est un produit naturel et il peut donc y avoir des diff\u00e9rences de couleur ou de forme. Veuillez consulter les photos pour voir quelques exemples de nos produits. Le produit peut \u00eatre plus clair ou plus fonc\u00e9 dans la r\u00e9alit\u00e9 que sur les photos et parfois le produit peut pr\u00e9senter un m\u00e9lange de couleurs.  Si vous commandez plusieurs \u00e9viers, nous ne pouvons pas garantir que la taille, la forme et la couleur seront identiques.<\/p>\n<ul>\n<li>Mat\u00e9riau : pierre de rivi\u00e8re<\/li>\n<li>Longueur : de 45 \u00e0 53 cm<\/li>\n<li>Largeur : de 34 \u00e0 41 cm<\/li>\n<li>Hauteur : 15 cm +\/- 1 cm<\/li>\n<li>Diam\u00e8tre du trou d'\u00e9vacuation : 4,5 cm<\/li>\n<li>Veuillez noter que les longueurs et largeurs minimales et maximales peuvent varier en fonction de la gamme propos\u00e9e et qu'elles ne sont pas proportionnelles car les produits ont une forme irr\u00e9guli\u00e8re.<\/li>\n<\/ul>","protected":false},"excerpt":{"rendered":"<ul>\n<li>Mat\u00e9riau : pierre de rivi\u00e8re<\/li>\n<li>Longueur : de 45 \u00e0 53 cm<\/li>\n<li>Largeur : de 34 \u00e0 41 cm<\/li>\n<li>Hauteur : 15 cm +\/- 1 cm<\/li>\n<li>Diam\u00e8tre du trou d'\u00e9vacuation : 4,5 cm<\/li>\n<li>Veuillez noter que les longueurs et largeurs minimales et maximales peuvent varier en fonction de la gamme propos\u00e9e et qu'elles ne sont pas proportionnelles car les produits ont une forme irr\u00e9guli\u00e8re.<\/li>\n<\/ul>","protected":false},"featured_media":4593,"comment_status":"open","ping_status":"closed","template":"","meta":[],"product_brand":[],"product_cat":[1353,59],"product_tag":[1162,1183,1182],"class_list":{"0":"post-4594","1":"product","2":"type-product","3":"status-publish","4":"has-post-thumbnail","6":"product_cat-badkamer","7":"product_cat-gootstenen-voor-badkamers","8":"product_tag-ovaal","9":"product_tag-riviersteen","10":"product_tag-wastafel","12":"first","13":"instock","14":"shipping-taxable","15":"purchasable","16":"product-type-simple"},"_links":{"self":[{"href":"https:\/\/planeto.be\/fr\/wp-json\/wp\/v2\/product\/4594","targetHints":{"allow":["GET"]}}],"collection":[{"href":"https:\/\/planeto.be\/fr\/wp-json\/wp\/v2\/product"}],"about":[{"href":"https:\/\/planeto.be\/fr\/wp-json\/wp\/v2\/types\/product"}],"replies":[{"embeddable":true,"href":"https:\/\/planeto.be\/fr\/wp-json\/wp\/v2\/comments?post=4594"}],"version-history":[{"count":1,"href":"https:\/\/planeto.be\/fr\/wp-json\/wp\/v2\/product\/4594\/revisions"}],"predecessor-version":[{"id":8051,"href":"https:\/\/planeto.be\/fr\/wp-json\/wp\/v2\/product\/4594\/revisions\/8051"}],"wp:featuredmedia":[{"embeddable":true,"href":"https:\/\/planeto.be\/fr\/wp-json\/wp\/v2\/media\/4593"}],"wp:attachment":[{"href":"https:\/\/planeto.be\/fr\/wp-json\/wp\/v2\/media?parent=4594"}],"wp:term":[{"taxonomy":"product_brand","embeddable":true,"href":"https:\/\/planeto.be\/fr\/wp-json\/wp\/v2\/product_brand?post=4594"},{"taxonomy":"product_cat","embeddable":true,"href":"https:\/\/planeto.be\/fr\/wp-json\/wp\/v2\/product_cat?post=4594"},{"taxonomy":"product_tag","embeddable":true,"href":"https:\/\/planeto.be\/fr\/wp-json\/wp\/v2\/product_tag?post=4594"}],"curies":[{"name":"wp","href":"https:\/\/api.w.org\/{rel}","templated":true}]}}