{"id":4541,"date":"2026-02-04T11:25:35","date_gmt":"2026-02-04T11:25:35","guid":{"rendered":"https:\/\/planeto.be\/product\/wastafel-ovaal-60-70-cm-riviersteen-2\/"},"modified":"2026-02-10T08:10:39","modified_gmt":"2026-02-10T08:10:39","slug":"wastafel-ovaal-60-70-cm-riviersteen-2","status":"publish","type":"product","link":"https:\/\/planeto.be\/fr\/produit\/wastafel-ovaal-60-70-cm-riviersteen-2\/","title":{"rendered":"Planeto Bassin ovale 60-70 cm pierre de rivi\u00e8re"},"content":{"rendered":"<p>Cette vasque ovale en pierre de rivi\u00e8re naturelle est un ajout \u00e9l\u00e9gant \u00e0 toute salle de bains et toilettes.<\/p>\n<\/p>\n<p>Cet \u00e9vier unique en pierre naturelle n'est pas seulement pratique pour un usage quotidien, il constitue \u00e9galement une belle d\u00e9coration pour votre int\u00e9rieur. Sa faible hauteur et sa grande surface d\u00e9gagent un charme rustique et s'adaptent \u00e0 tous les styles d'int\u00e9rieur. De plus, l'int\u00e9rieur est poli et lisse, ce qui le rend tr\u00e8s facile \u00e0 nettoyer. Le trou d'\u00e9vacuation mesure 4,5 cm de diam\u00e8tre.<\/p>\n<\/p>\n<p>Veuillez noter que la pierre de rivi\u00e8re est un produit naturel et qu'il peut donc y avoir des variations de couleur. Le produit peut \u00eatre plus clair ou plus fonc\u00e9 dans la r\u00e9alit\u00e9 que sur les photos et, parfois, le produit peut pr\u00e9senter un m\u00e9lange de couleurs. La forme peut \u00e9galement varier et la livraison est al\u00e9atoire.<\/p>\n<ul>\n<li>Mat\u00e9riau : pierre de rivi\u00e8re<\/li>\n<li>Dimensions totales : (60 - 70) x (38 - 45) x 12 cm (L x L x H)<\/li>\n<li>Diam\u00e8tre du trou d'\u00e9vacuation : 4,5 cm<\/li>\n<li>Faible hauteur et grande surface<\/li>\n<li>Avec un espacement de +\/- 5 mm pour la hauteur<\/li>\n<\/ul>","protected":false},"excerpt":{"rendered":"<ul>\n<li>Mat\u00e9riau : pierre de rivi\u00e8re<\/li>\n<li>Dimensions totales : (60 - 70) x (38 - 45) x 12 cm (L x L x H)<\/li>\n<li>Diam\u00e8tre du trou d'\u00e9vacuation : 4,5 cm<\/li>\n<li>Faible hauteur et grande surface<\/li>\n<li>Avec un espacement de +\/- 5 mm pour la hauteur<\/li>\n<\/ul>","protected":false},"featured_media":4540,"comment_status":"open","ping_status":"closed","template":"","meta":[],"product_brand":[],"product_cat":[1353,59],"product_tag":[1086,1162,1183,1182],"class_list":{"0":"post-4541","1":"product","2":"type-product","3":"status-publish","4":"has-post-thumbnail","6":"product_cat-badkamer","7":"product_cat-gootstenen-voor-badkamers","8":"product_tag-70cm","9":"product_tag-ovaal","10":"product_tag-riviersteen","11":"product_tag-wastafel","13":"first","14":"outofstock","15":"shipping-taxable","16":"purchasable","17":"product-type-simple"},"_links":{"self":[{"href":"https:\/\/planeto.be\/fr\/wp-json\/wp\/v2\/product\/4541","targetHints":{"allow":["GET"]}}],"collection":[{"href":"https:\/\/planeto.be\/fr\/wp-json\/wp\/v2\/product"}],"about":[{"href":"https:\/\/planeto.be\/fr\/wp-json\/wp\/v2\/types\/product"}],"replies":[{"embeddable":true,"href":"https:\/\/planeto.be\/fr\/wp-json\/wp\/v2\/comments?post=4541"}],"version-history":[{"count":1,"href":"https:\/\/planeto.be\/fr\/wp-json\/wp\/v2\/product\/4541\/revisions"}],"predecessor-version":[{"id":8045,"href":"https:\/\/planeto.be\/fr\/wp-json\/wp\/v2\/product\/4541\/revisions\/8045"}],"wp:featuredmedia":[{"embeddable":true,"href":"https:\/\/planeto.be\/fr\/wp-json\/wp\/v2\/media\/4540"}],"wp:attachment":[{"href":"https:\/\/planeto.be\/fr\/wp-json\/wp\/v2\/media?parent=4541"}],"wp:term":[{"taxonomy":"product_brand","embeddable":true,"href":"https:\/\/planeto.be\/fr\/wp-json\/wp\/v2\/product_brand?post=4541"},{"taxonomy":"product_cat","embeddable":true,"href":"https:\/\/planeto.be\/fr\/wp-json\/wp\/v2\/product_cat?post=4541"},{"taxonomy":"product_tag","embeddable":true,"href":"https:\/\/planeto.be\/fr\/wp-json\/wp\/v2\/product_tag?post=4541"}],"curies":[{"name":"wp","href":"https:\/\/api.w.org\/{rel}","templated":true}]}}