{"id":4525,"date":"2026-02-04T11:16:48","date_gmt":"2026-02-04T11:16:48","guid":{"rendered":"https:\/\/planeto.be\/product\/product-47\/"},"modified":"2026-02-10T07:54:43","modified_gmt":"2026-02-10T07:54:43","slug":"product-47","status":"publish","type":"product","link":"https:\/\/planeto.be\/fr\/produit\/product-47\/","title":{"rendered":"Planeto Panier \u00e0 linge avec sac gris 32x30x36.5 cm bambou"},"content":{"rendered":"<p>Ce panier \u00e0 linge est une solution pratique pour ranger votre linge sale et garder votre maison en ordre.<\/p>\n<\/p>\n<ul>\n<li>Mat\u00e9riau durable : le bambou est connu pour sa flexibilit\u00e9 et sa duret\u00e9. Les meubles en bambou sont une bonne option si vous recherchez des meubles robustes fabriqu\u00e9s \u00e0 partir de mat\u00e9riaux naturels.<\/li>\n<li>Grand espace de rangement : le panier \u00e0 linge offre suffisamment d'espace pour ranger votre linge et maintenir l'ordre dans votre maison.<\/li>\n<li>Poche amovible : la poche int\u00e9rieure est amovible. Lorsque vous devez faire la lessive, il vous suffit de soulever la poche int\u00e9rieure et de la transporter jusqu'\u00e0 la machine \u00e0 laver. Vous pouvez ainsi facilement d\u00e9placer votre linge sale du panier \u00e0 linge \u00e0 la machine \u00e0 laver.<\/li>\n<li>Conception flottante : la conception flottante prot\u00e8ge efficacement le panier \u00e0 linge de l'humidit\u00e9 et emp\u00eache la formation de moisissures \u00e0 l'int\u00e9rieur.<\/li>\n<li>Conception pratique : le couvercle du panier \u00e0 linge emp\u00eache les mauvaises odeurs de s'\u00e9chapper, prot\u00e8ge votre linge de la poussi\u00e8re et emp\u00eache la vue.<\/li>\n<\/ul>\n<ul>\n<li>Mat\u00e9riau : bambou avec finition transparente et polycoton<\/li>\n<li>Dimensions : 40 x 35 x 61 cm (L x P x H)<\/li>\n<li>Dimensions du sac : 32 x 30 x 36,5 cm (L x P x H)<\/li>\n<li>Avec sac gris amovible<\/li>\n<li>Montage n\u00e9cessaire : oui<\/li>\n<\/ul>","protected":false},"excerpt":{"rendered":"<ul>\n<li>Mat\u00e9riau : bambou avec finition transparente et polycoton<\/li>\n<li>Dimensions : 40 x 35 x 61 cm (L x P x H)<\/li>\n<li>Dimensions du sac : 32 x 30 x 36,5 cm (L x P x H)<\/li>\n<li>Avec sac gris amovible<\/li>\n<li>Montage n\u00e9cessaire : oui<\/li>\n<\/ul>","protected":false},"featured_media":4524,"comment_status":"open","ping_status":"closed","template":"","meta":[],"product_brand":[],"product_cat":[1354,58],"product_tag":[1181,985,123,1015,1151,1180],"class_list":{"0":"post-4525","1":"product","2":"type-product","3":"status-publish","4":"has-post-thumbnail","6":"product_cat-huishouden","7":"product_cat-wasmanden","8":"product_tag-32x30","9":"product_tag-5cm","10":"product_tag-bamboe","11":"product_tag-grijze","12":"product_tag-wasmand","13":"product_tag-zak","15":"first","16":"instock","17":"shipping-taxable","18":"purchasable","19":"product-type-simple"},"_links":{"self":[{"href":"https:\/\/planeto.be\/fr\/wp-json\/wp\/v2\/product\/4525","targetHints":{"allow":["GET"]}}],"collection":[{"href":"https:\/\/planeto.be\/fr\/wp-json\/wp\/v2\/product"}],"about":[{"href":"https:\/\/planeto.be\/fr\/wp-json\/wp\/v2\/types\/product"}],"replies":[{"embeddable":true,"href":"https:\/\/planeto.be\/fr\/wp-json\/wp\/v2\/comments?post=4525"}],"version-history":[{"count":2,"href":"https:\/\/planeto.be\/fr\/wp-json\/wp\/v2\/product\/4525\/revisions"}],"predecessor-version":[{"id":8043,"href":"https:\/\/planeto.be\/fr\/wp-json\/wp\/v2\/product\/4525\/revisions\/8043"}],"wp:featuredmedia":[{"embeddable":true,"href":"https:\/\/planeto.be\/fr\/wp-json\/wp\/v2\/media\/4524"}],"wp:attachment":[{"href":"https:\/\/planeto.be\/fr\/wp-json\/wp\/v2\/media?parent=4525"}],"wp:term":[{"taxonomy":"product_brand","embeddable":true,"href":"https:\/\/planeto.be\/fr\/wp-json\/wp\/v2\/product_brand?post=4525"},{"taxonomy":"product_cat","embeddable":true,"href":"https:\/\/planeto.be\/fr\/wp-json\/wp\/v2\/product_cat?post=4525"},{"taxonomy":"product_tag","embeddable":true,"href":"https:\/\/planeto.be\/fr\/wp-json\/wp\/v2\/product_tag?post=4525"}],"curies":[{"name":"wp","href":"https:\/\/api.w.org\/{rel}","templated":true}]}}