{"id":4396,"date":"2026-02-04T11:15:51","date_gmt":"2026-02-04T11:15:51","guid":{"rendered":"https:\/\/planeto.be\/product\/product-34\/"},"modified":"2026-02-10T07:54:43","modified_gmt":"2026-02-10T07:54:43","slug":"product-34","status":"publish","type":"product","link":"https:\/\/planeto.be\/fr\/produit\/product-34\/","title":{"rendered":"Planeto Hoekwasmand 60 L bamboe grijs"},"content":{"rendered":"<p>Ce panier \u00e0 linge en bambou est une solution id\u00e9ale pour tous les m\u00e9nages. Il garde votre linge sale \u00e0 l'abri des regards tout en \u00e9tant un \u00e9l\u00e9ment d\u00e9coratif pour votre int\u00e9rieur.<\/p>\n<\/p>\n<p>De binnenvoering is gemaakt van een geweven stof die geen vocht of geurtjes opneemt. Deze voering is uitneembaar, zodat je jouw wasgoed gemakkelijk naar de wasmachine kunt brengen. De grote inhoud biedt voldoende ruimte voor het organiseren en opbergen van kleding. Hij is voorzien van een handvat zodat de wasmand gemakkelijk kan worden verplaatst. De mand kan gedemonteerd en ingeklapt worden wanneer hij niet wordt gebruikt. Hij is perfect voor in de woonkamer, badkamer of slaapkamer. Deze multifunctionele mand kan ook worden gebruikt voor het opbergen van kinderspeelgoed.<\/p>\n<\/p>\n<p>Veuillez noter que la couleur r\u00e9elle du panier \u00e0 linge peut varier l\u00e9g\u00e8rement par rapport \u00e0 la couleur des photos.<\/p>\n<ul>\n<li>Couleur : gris<\/li>\n<li>Mat\u00e9riau : bambou et tissu<\/li>\n<li>Afmetingen: 52,3 x 37 x 65 cm (B x D x H)<\/li>\n<li>Inhoud: 60 L<\/li>\n<li>Doublure en tissu amovible<\/li>\n<li>Avec poign\u00e9e sur le couvercle<\/li>\n<li>Stockage polyvalent<\/li>\n<li>L\u00e9ger et portable<\/li>\n<li>Pliable pour un rangement facile<\/li>\n<li>Grande capacit\u00e9 pour organiser et ranger les v\u00eatements<\/li>\n<li>Let op: onze hoekwasmand heeft een open bodem<\/li>\n<li>Aucun assemblage n'est n\u00e9cessaire<\/li>\n<\/ul>","protected":false},"excerpt":{"rendered":"<ul>\n<li>Couleur : gris<\/li>\n<li>Mat\u00e9riau : bambou et tissu<\/li>\n<li>Afmetingen: 52,3 x 37 x 65 cm (B x D x H)<\/li>\n<li>Inhoud: 60 L<\/li>\n<li>Doublure en tissu amovible<\/li>\n<li>Avec poign\u00e9e sur le couvercle<\/li>\n<li>Stockage polyvalent<\/li>\n<li>L\u00e9ger et portable<\/li>\n<li>Pliable pour un rangement facile<\/li>\n<li>Grande capacit\u00e9 pour organiser et ranger les v\u00eatements<\/li>\n<li>Let op: onze hoekwasmand heeft een open bodem<\/li>\n<li>Aucun assemblage n'est n\u00e9cessaire<\/li>\n<\/ul>","protected":false},"featured_media":4395,"comment_status":"open","ping_status":"closed","template":"","meta":[],"product_brand":[],"product_cat":[1354,58],"product_tag":[1170,123,1009,1169],"class_list":{"0":"post-4396","1":"product","2":"type-product","3":"status-publish","4":"has-post-thumbnail","6":"product_cat-huishouden","7":"product_cat-wasmanden","8":"product_tag-60l","9":"product_tag-bamboe","10":"product_tag-grijs","11":"product_tag-hoekwasmand","13":"first","14":"instock","15":"shipping-taxable","16":"purchasable","17":"product-type-simple"},"_links":{"self":[{"href":"https:\/\/planeto.be\/fr\/wp-json\/wp\/v2\/product\/4396","targetHints":{"allow":["GET"]}}],"collection":[{"href":"https:\/\/planeto.be\/fr\/wp-json\/wp\/v2\/product"}],"about":[{"href":"https:\/\/planeto.be\/fr\/wp-json\/wp\/v2\/types\/product"}],"replies":[{"embeddable":true,"href":"https:\/\/planeto.be\/fr\/wp-json\/wp\/v2\/comments?post=4396"}],"version-history":[{"count":2,"href":"https:\/\/planeto.be\/fr\/wp-json\/wp\/v2\/product\/4396\/revisions"}],"predecessor-version":[{"id":8030,"href":"https:\/\/planeto.be\/fr\/wp-json\/wp\/v2\/product\/4396\/revisions\/8030"}],"wp:featuredmedia":[{"embeddable":true,"href":"https:\/\/planeto.be\/fr\/wp-json\/wp\/v2\/media\/4395"}],"wp:attachment":[{"href":"https:\/\/planeto.be\/fr\/wp-json\/wp\/v2\/media?parent=4396"}],"wp:term":[{"taxonomy":"product_brand","embeddable":true,"href":"https:\/\/planeto.be\/fr\/wp-json\/wp\/v2\/product_brand?post=4396"},{"taxonomy":"product_cat","embeddable":true,"href":"https:\/\/planeto.be\/fr\/wp-json\/wp\/v2\/product_cat?post=4396"},{"taxonomy":"product_tag","embeddable":true,"href":"https:\/\/planeto.be\/fr\/wp-json\/wp\/v2\/product_tag?post=4396"}],"curies":[{"name":"wp","href":"https:\/\/api.w.org\/{rel}","templated":true}]}}