{"id":4377,"date":"2026-02-04T11:15:43","date_gmt":"2026-02-04T11:15:43","guid":{"rendered":"https:\/\/planeto.be\/product\/product-32\/"},"modified":"2026-02-10T07:54:43","modified_gmt":"2026-02-10T07:54:43","slug":"product-32","status":"publish","type":"product","link":"https:\/\/planeto.be\/fr\/produit\/product-32\/","title":{"rendered":"Planeto Hoekwasmand 60 L bamboe"},"content":{"rendered":"<p>Ce panier \u00e0 linge en bambou est une solution id\u00e9ale pour tous les m\u00e9nages. Il garde votre linge sale \u00e0 l'abri des regards tout en \u00e9tant un \u00e9l\u00e9ment d\u00e9coratif pour votre int\u00e9rieur.<\/p>\n<\/p>\n<p>La doublure int\u00e9rieure est faite d'un tissu qui n'absorbe ni l'humidit\u00e9 ni les odeurs. Cette doublure est amovible, ce qui vous permet d'emmener facilement votre linge \u00e0 la machine \u00e0 laver. La grande capacit\u00e9 offre beaucoup d'espace pour organiser et ranger les v\u00eatements. Des poign\u00e9es permettent de d\u00e9placer facilement le panier \u00e0 linge. Le panier peut \u00eatre d\u00e9mont\u00e9 et pli\u00e9 lorsqu'il n'est pas utilis\u00e9. Il est parfait pour le salon, la salle de bains ou la chambre \u00e0 coucher. Ce panier multifonctionnel peut \u00e9galement \u00eatre utilis\u00e9 pour ranger les jouets des enfants.<\/p>\n<\/p>\n<p>Veuillez noter que la couleur r\u00e9elle du panier \u00e0 linge peut varier l\u00e9g\u00e8rement par rapport \u00e0 la couleur des photos.<\/p>\n<ul>\n<li>Mat\u00e9riau : bambou et tissu<\/li>\n<li>Afmetingen: 52,3 x 37 x 65 cm (B x D x H)<\/li>\n<li>Inhoud: 60 L<\/li>\n<li>Doublure en tissu amovible<\/li>\n<li>Avec poign\u00e9e sur le couvercle<\/li>\n<li>Stockage polyvalent<\/li>\n<li>L\u00e9ger et portable<\/li>\n<li>Pliable pour un rangement facile<\/li>\n<li>Grande capacit\u00e9 pour organiser et ranger les v\u00eatements<\/li>\n<li>Let op: onze hoekwasmand heeft een open bodem<\/li>\n<li>Aucun assemblage n'est n\u00e9cessaire<\/li>\n<\/ul>","protected":false},"excerpt":{"rendered":"<ul>\n<li>Mat\u00e9riau : bambou et tissu<\/li>\n<li>Afmetingen: 52,3 x 37 x 65 cm (B x D x H)<\/li>\n<li>Inhoud: 60 L<\/li>\n<li>Doublure en tissu amovible<\/li>\n<li>Avec poign\u00e9e sur le couvercle<\/li>\n<li>Stockage polyvalent<\/li>\n<li>L\u00e9ger et portable<\/li>\n<li>Pliable pour un rangement facile<\/li>\n<li>Grande capacit\u00e9 pour organiser et ranger les v\u00eatements<\/li>\n<li>Let op: onze hoekwasmand heeft een open bodem<\/li>\n<li>Aucun assemblage n'est n\u00e9cessaire<\/li>\n<\/ul>","protected":false},"featured_media":4376,"comment_status":"open","ping_status":"closed","template":"","meta":[],"product_brand":[],"product_cat":[1354,58],"product_tag":[1170,123,1169],"class_list":{"0":"post-4377","1":"product","2":"type-product","3":"status-publish","4":"has-post-thumbnail","6":"product_cat-huishouden","7":"product_cat-wasmanden","8":"product_tag-60l","9":"product_tag-bamboe","10":"product_tag-hoekwasmand","12":"first","13":"instock","14":"shipping-taxable","15":"purchasable","16":"product-type-simple"},"_links":{"self":[{"href":"https:\/\/planeto.be\/fr\/wp-json\/wp\/v2\/product\/4377","targetHints":{"allow":["GET"]}}],"collection":[{"href":"https:\/\/planeto.be\/fr\/wp-json\/wp\/v2\/product"}],"about":[{"href":"https:\/\/planeto.be\/fr\/wp-json\/wp\/v2\/types\/product"}],"replies":[{"embeddable":true,"href":"https:\/\/planeto.be\/fr\/wp-json\/wp\/v2\/comments?post=4377"}],"version-history":[{"count":2,"href":"https:\/\/planeto.be\/fr\/wp-json\/wp\/v2\/product\/4377\/revisions"}],"predecessor-version":[{"id":8028,"href":"https:\/\/planeto.be\/fr\/wp-json\/wp\/v2\/product\/4377\/revisions\/8028"}],"wp:featuredmedia":[{"embeddable":true,"href":"https:\/\/planeto.be\/fr\/wp-json\/wp\/v2\/media\/4376"}],"wp:attachment":[{"href":"https:\/\/planeto.be\/fr\/wp-json\/wp\/v2\/media?parent=4377"}],"wp:term":[{"taxonomy":"product_brand","embeddable":true,"href":"https:\/\/planeto.be\/fr\/wp-json\/wp\/v2\/product_brand?post=4377"},{"taxonomy":"product_cat","embeddable":true,"href":"https:\/\/planeto.be\/fr\/wp-json\/wp\/v2\/product_cat?post=4377"},{"taxonomy":"product_tag","embeddable":true,"href":"https:\/\/planeto.be\/fr\/wp-json\/wp\/v2\/product_tag?post=4377"}],"curies":[{"name":"wp","href":"https:\/\/api.w.org\/{rel}","templated":true}]}}