{"id":4094,"date":"2026-02-04T11:13:36","date_gmt":"2026-02-04T11:13:36","guid":{"rendered":"https:\/\/planeto.be\/product\/product-2\/"},"modified":"2026-02-10T07:54:44","modified_gmt":"2026-02-10T07:54:44","slug":"product-2","status":"publish","type":"product","link":"https:\/\/planeto.be\/fr\/produit\/product-2\/","title":{"rendered":"Planeto Panier \u00e0 linge rond en bambou brun fonc\u00e9"},"content":{"rendered":"<p>Notre panier \u00e0 linge en bambou est une solution id\u00e9ale pour tous les m\u00e9nages. Il garde votre linge sale \u00e0 l'abri des regards tout en apportant une touche d\u00e9corative \u00e0 votre int\u00e9rieur.<\/p>\n<\/p>\n<p>La doublure int\u00e9rieure est en polyester tiss\u00e9 qui n'absorbe ni l'humidit\u00e9 ni les odeurs. Elle est \u00e9galement amovible, ce qui vous permet d'emmener facilement votre linge \u00e0 la machine \u00e0 laver. Le panier est \u00e9quip\u00e9 de poign\u00e9es qui permettent de le d\u00e9placer facilement. Le panier peut \u00eatre d\u00e9mont\u00e9 et pli\u00e9 lorsqu'il n'est pas utilis\u00e9. Ce panier multifonctionnel peut \u00e9galement \u00eatre utilis\u00e9 pour ranger les jouets des enfants.<\/p>\n<\/p>\n<p>Veuillez noter que la couleur r\u00e9elle du panier \u00e0 linge peut varier l\u00e9g\u00e8rement par rapport \u00e0 la couleur des photos.<\/p>\n<ul>\n<li>Mat\u00e9riau : bambou<\/li>\n<li>Couleur : brun fonc\u00e9<\/li>\n<li>Forme : ronde<\/li>\n<li>Dimensions : 35 x 60 cm (\u00f8 x H)<\/li>\n<li>Avec une pochette int\u00e9rieure amovible en polyester<\/li>\n<li>Poign\u00e9es sur le couvercle et sur les deux c\u00f4t\u00e9s pour faciliter le transport.<\/li>\n<li>L\u00e9ger et portable<\/li>\n<li>Veuillez noter que notre panier \u00e0 linge a un fond ouvert.<\/li>\n<li>Mati\u00e8re : Polyester : 100%<\/li>\n<\/ul>","protected":false},"excerpt":{"rendered":"<ul>\n<li>Mat\u00e9riau : bambou<\/li>\n<li>Couleur : brun fonc\u00e9<\/li>\n<li>Forme : ronde<\/li>\n<li>Dimensions : 35 x 60 cm (\u00f8 x H)<\/li>\n<li>Avec une pochette int\u00e9rieure amovible en polyester<\/li>\n<li>Poign\u00e9es sur le couvercle et sur les deux c\u00f4t\u00e9s pour faciliter le transport.<\/li>\n<li>L\u00e9ger et portable<\/li>\n<li>Veuillez noter que notre panier \u00e0 linge a un fond ouvert.<\/li>\n<li>Mati\u00e8re : Polyester : 100%<\/li>\n<\/ul>","protected":false},"featured_media":4093,"comment_status":"open","ping_status":"closed","template":"","meta":[],"product_brand":[],"product_cat":[1354,58],"product_tag":[123,1152,1008,1151],"class_list":{"0":"post-4094","1":"product","2":"type-product","3":"status-publish","4":"has-post-thumbnail","6":"product_cat-huishouden","7":"product_cat-wasmanden","8":"product_tag-bamboe","9":"product_tag-donkerbruin","10":"product_tag-rond","11":"product_tag-wasmand","13":"first","14":"instock","15":"shipping-taxable","16":"purchasable","17":"product-type-simple"},"_links":{"self":[{"href":"https:\/\/planeto.be\/fr\/wp-json\/wp\/v2\/product\/4094","targetHints":{"allow":["GET"]}}],"collection":[{"href":"https:\/\/planeto.be\/fr\/wp-json\/wp\/v2\/product"}],"about":[{"href":"https:\/\/planeto.be\/fr\/wp-json\/wp\/v2\/types\/product"}],"replies":[{"embeddable":true,"href":"https:\/\/planeto.be\/fr\/wp-json\/wp\/v2\/comments?post=4094"}],"version-history":[{"count":2,"href":"https:\/\/planeto.be\/fr\/wp-json\/wp\/v2\/product\/4094\/revisions"}],"predecessor-version":[{"id":7998,"href":"https:\/\/planeto.be\/fr\/wp-json\/wp\/v2\/product\/4094\/revisions\/7998"}],"wp:featuredmedia":[{"embeddable":true,"href":"https:\/\/planeto.be\/fr\/wp-json\/wp\/v2\/media\/4093"}],"wp:attachment":[{"href":"https:\/\/planeto.be\/fr\/wp-json\/wp\/v2\/media?parent=4094"}],"wp:term":[{"taxonomy":"product_brand","embeddable":true,"href":"https:\/\/planeto.be\/fr\/wp-json\/wp\/v2\/product_brand?post=4094"},{"taxonomy":"product_cat","embeddable":true,"href":"https:\/\/planeto.be\/fr\/wp-json\/wp\/v2\/product_cat?post=4094"},{"taxonomy":"product_tag","embeddable":true,"href":"https:\/\/planeto.be\/fr\/wp-json\/wp\/v2\/product_tag?post=4094"}],"curies":[{"name":"wp","href":"https:\/\/api.w.org\/{rel}","templated":true}]}}