{"id":4058,"date":"2026-02-04T10:43:34","date_gmt":"2026-02-04T10:43:34","guid":{"rendered":"https:\/\/planeto.be\/product\/wandklok-vintage-stijl-met-quartz-mechanisme-xxl-80-cm-metaal\/"},"modified":"2026-02-10T08:12:03","modified_gmt":"2026-02-10T08:12:03","slug":"wandklok-vintage-stijl-met-quartz-mechanisme-xxl-80-cm-metaal","status":"publish","type":"product","link":"https:\/\/planeto.be\/fr\/produit\/wandklok-vintage-stijl-met-quartz-mechanisme-xxl-80-cm-metaal\/","title":{"rendered":"Planeto Horloge murale style vintage avec m\u00e9canisme \u00e0 quartz XXL 80 cm m\u00e9tal"},"content":{"rendered":"<p>Notre horloge murale de style antique sera un excellent compl\u00e9ment \u00e0 la d\u00e9coration de votre pi\u00e8ce !<\/p>\n<\/p>\n<p>L'horloge est dot\u00e9e d'un cadre m\u00e9tallique robuste et tr\u00e8s durable. Elle est \u00e9quip\u00e9e de m\u00e9canismes \u00e0 quartz de haute qualit\u00e9, ce qui lui conf\u00e8re une grande pr\u00e9cision horaire. Les chiffres romains ajoutent au style vintage de l'horloge. L'horloge peut \u00eatre facilement accroch\u00e9e au mur et donne \u00e0 votre int\u00e9rieur un aspect soign\u00e9 et ordonn\u00e9.<\/p>\n<ul>\n<li>Couleur : noir<\/li>\n<li>Mat\u00e9riau : cadre en m\u00e9tal<\/li>\n<li>Totale diameter: 80 cm<\/li>\n<li>N\u00e9cessite 1 pile AA (non incluse)<\/li>\n<\/ul>","protected":false},"excerpt":{"rendered":"<ul>\n<li>Couleur : noir<\/li>\n<li>Mat\u00e9riau : cadre en m\u00e9tal<\/li>\n<li>Totale diameter: 80 cm<\/li>\n<li>N\u00e9cessite 1 pile AA (non incluse)<\/li>\n<\/ul>","protected":false},"featured_media":4057,"comment_status":"open","ping_status":"closed","template":"","meta":[],"product_brand":[],"product_cat":[1355,57],"product_tag":[1150,1090,1084,1089,1088,1087,1083,1091],"class_list":{"0":"post-4058","1":"product","2":"type-product","3":"status-publish","4":"has-post-thumbnail","6":"product_cat-decoratie","7":"product_cat-wandklokken","8":"product_tag-80cm","9":"product_tag-mechanisme","10":"product_tag-metaal","11":"product_tag-quartz","12":"product_tag-stijl","13":"product_tag-vintage","14":"product_tag-wandklok","15":"product_tag-xxl","17":"first","18":"instock","19":"shipping-taxable","20":"purchasable","21":"product-type-simple"},"_links":{"self":[{"href":"https:\/\/planeto.be\/fr\/wp-json\/wp\/v2\/product\/4058","targetHints":{"allow":["GET"]}}],"collection":[{"href":"https:\/\/planeto.be\/fr\/wp-json\/wp\/v2\/product"}],"about":[{"href":"https:\/\/planeto.be\/fr\/wp-json\/wp\/v2\/types\/product"}],"replies":[{"embeddable":true,"href":"https:\/\/planeto.be\/fr\/wp-json\/wp\/v2\/comments?post=4058"}],"version-history":[{"count":1,"href":"https:\/\/planeto.be\/fr\/wp-json\/wp\/v2\/product\/4058\/revisions"}],"predecessor-version":[{"id":7994,"href":"https:\/\/planeto.be\/fr\/wp-json\/wp\/v2\/product\/4058\/revisions\/7994"}],"wp:featuredmedia":[{"embeddable":true,"href":"https:\/\/planeto.be\/fr\/wp-json\/wp\/v2\/media\/4057"}],"wp:attachment":[{"href":"https:\/\/planeto.be\/fr\/wp-json\/wp\/v2\/media?parent=4058"}],"wp:term":[{"taxonomy":"product_brand","embeddable":true,"href":"https:\/\/planeto.be\/fr\/wp-json\/wp\/v2\/product_brand?post=4058"},{"taxonomy":"product_cat","embeddable":true,"href":"https:\/\/planeto.be\/fr\/wp-json\/wp\/v2\/product_cat?post=4058"},{"taxonomy":"product_tag","embeddable":true,"href":"https:\/\/planeto.be\/fr\/wp-json\/wp\/v2\/product_tag?post=4058"}],"curies":[{"name":"wp","href":"https:\/\/api.w.org\/{rel}","templated":true}]}}