{"id":4044,"date":"2026-02-04T10:43:29","date_gmt":"2026-02-04T10:43:29","guid":{"rendered":"https:\/\/planeto.be\/product\/wandklok-met-quartz-mechanisme-50-cm-modern-ontwerp-2\/"},"modified":"2026-02-10T08:12:03","modified_gmt":"2026-02-10T08:12:03","slug":"wandklok-met-quartz-mechanisme-50-cm-modern-ontwerp-2","status":"publish","type":"product","link":"https:\/\/planeto.be\/fr\/produit\/wandklok-met-quartz-mechanisme-50-cm-modern-ontwerp-2\/","title":{"rendered":"Planeto Horloge murale avec m\u00e9canisme \u00e0 quartz 50 cm design moderne"},"content":{"rendered":"<p>Notre horloge murale sera un excellent compl\u00e9ment \u00e0 la d\u00e9coration de votre chambre !<\/p>\n<\/p>\n<p>L'horloge est dot\u00e9e d'un cadre robuste en aluminium et est tr\u00e8s r\u00e9sistante. Elle est orn\u00e9e de petites perles qui soulignent l'\u00e9l\u00e9gance de l'horloge. L'horloge est \u00e9quip\u00e9e d'un m\u00e9canisme \u00e0 quartz de haute qualit\u00e9 et donne l'heure exacte. Gr\u00e2ce \u00e0 ses chiffres clairs, l'horloge est facile \u00e0 lire, m\u00eame de loin. Elle peut \u00eatre facilement accroch\u00e9e au mur. L'horloge donnera un aspect ordonn\u00e9 \u00e0 votre int\u00e9rieur.<\/p>\n<ul>\n<li>Couleur : argent<\/li>\n<li>Mat\u00e9riaux : cadre en aluminium et perles en acrylique<\/li>\n<li>Diam\u00e8tre : 50 cm<\/li>\n<li>N\u00e9cessite 1 pile AA (non incluse)<\/li>\n<\/ul>","protected":false},"excerpt":{"rendered":"<ul>\n<li>Couleur : argent<\/li>\n<li>Mat\u00e9riaux : cadre en aluminium et perles en acrylique<\/li>\n<li>Diam\u00e8tre : 50 cm<\/li>\n<li>N\u00e9cessite 1 pile AA (non incluse)<\/li>\n<\/ul>","protected":false},"featured_media":4043,"comment_status":"open","ping_status":"closed","template":"","meta":[],"product_brand":[],"product_cat":[1355,57],"product_tag":[1093,1090,1099,1050,1089,1083],"class_list":{"0":"post-4044","1":"product","2":"type-product","3":"status-publish","4":"has-post-thumbnail","6":"product_cat-decoratie","7":"product_cat-wandklokken","8":"product_tag-50cm","9":"product_tag-mechanisme","10":"product_tag-modern","11":"product_tag-ontwerp","12":"product_tag-quartz","13":"product_tag-wandklok","15":"first","16":"instock","17":"shipping-taxable","18":"purchasable","19":"product-type-simple"},"_links":{"self":[{"href":"https:\/\/planeto.be\/fr\/wp-json\/wp\/v2\/product\/4044","targetHints":{"allow":["GET"]}}],"collection":[{"href":"https:\/\/planeto.be\/fr\/wp-json\/wp\/v2\/product"}],"about":[{"href":"https:\/\/planeto.be\/fr\/wp-json\/wp\/v2\/types\/product"}],"replies":[{"embeddable":true,"href":"https:\/\/planeto.be\/fr\/wp-json\/wp\/v2\/comments?post=4044"}],"version-history":[{"count":1,"href":"https:\/\/planeto.be\/fr\/wp-json\/wp\/v2\/product\/4044\/revisions"}],"predecessor-version":[{"id":7993,"href":"https:\/\/planeto.be\/fr\/wp-json\/wp\/v2\/product\/4044\/revisions\/7993"}],"wp:featuredmedia":[{"embeddable":true,"href":"https:\/\/planeto.be\/fr\/wp-json\/wp\/v2\/media\/4043"}],"wp:attachment":[{"href":"https:\/\/planeto.be\/fr\/wp-json\/wp\/v2\/media?parent=4044"}],"wp:term":[{"taxonomy":"product_brand","embeddable":true,"href":"https:\/\/planeto.be\/fr\/wp-json\/wp\/v2\/product_brand?post=4044"},{"taxonomy":"product_cat","embeddable":true,"href":"https:\/\/planeto.be\/fr\/wp-json\/wp\/v2\/product_cat?post=4044"},{"taxonomy":"product_tag","embeddable":true,"href":"https:\/\/planeto.be\/fr\/wp-json\/wp\/v2\/product_tag?post=4044"}],"curies":[{"name":"wp","href":"https:\/\/api.w.org\/{rel}","templated":true}]}}