{"id":4009,"date":"2026-02-04T10:43:15","date_gmt":"2026-02-04T10:43:15","guid":{"rendered":"https:\/\/planeto.be\/product\/3d-wandklok-100-cm-xxl-modern-zilverkleurig-2\/"},"modified":"2026-02-10T08:12:03","modified_gmt":"2026-02-10T08:12:03","slug":"3d-wandklok-100-cm-xxl-modern-zilverkleurig-2","status":"publish","type":"product","link":"https:\/\/planeto.be\/fr\/produit\/3d-wandklok-100-cm-xxl-modern-zilverkleurig-2\/","title":{"rendered":"Horloge murale 3D Planeto 100 cm XXL moderne couleur argent"},"content":{"rendered":"<p>Notre horloge murale 3D extra-large sera un excellent compl\u00e9ment \u00e0 votre int\u00e9rieur !<\/p>\n<\/p>\n<p>L'horloge pr\u00e9sente un effet 3D qui deviendra la pi\u00e8ce ma\u00eetresse de votre int\u00e9rieur. Il s'agit \u00e9galement d'un article de bricolage, ce qui signifie que vous pouvez d\u00e9cider de la taille de l'horloge en fonction de vos besoins et de vos pr\u00e9f\u00e9rences. L'horloge a un aspect brillant qui ajoute \u00e0 son design attrayant. L'horloge donne \u00e0 votre int\u00e9rieur un aspect soign\u00e9 et ordonn\u00e9. L'installation est facile.<\/p>\n<ul>\n<li>Couleur : argent brillant<\/li>\n<li>Mat\u00e9riau : EVA (\u00e9thyl\u00e8ne-ac\u00e9tate de vinyle)<\/li>\n<li>Diam\u00e8tre total (assembl\u00e9) : 100 cm<\/li>\n<li>Longueur de l'aiguille des heures : 23,5 cm<\/li>\n<li>Longueur de l'aiguille des minutes : 31,5 cm<\/li>\n<li>N\u00e9cessite 1 pile AA (non incluse)<\/li>\n<\/ul>","protected":false},"excerpt":{"rendered":"<ul>\n<li>Couleur : argent brillant<\/li>\n<li>Mat\u00e9riau : EVA (\u00e9thyl\u00e8ne-ac\u00e9tate de vinyle)<\/li>\n<li>Diam\u00e8tre total (assembl\u00e9) : 100 cm<\/li>\n<li>Longueur de l'aiguille des heures : 23,5 cm<\/li>\n<li>Longueur de l'aiguille des minutes : 31,5 cm<\/li>\n<li>N\u00e9cessite 1 pile AA (non incluse)<\/li>\n<\/ul>","protected":false},"featured_media":4008,"comment_status":"open","ping_status":"closed","template":"","meta":[],"product_brand":[],"product_cat":[1355,57],"product_tag":[1100,1099,1083,1091,1101],"class_list":{"0":"post-4009","1":"product","2":"type-product","3":"status-publish","4":"has-post-thumbnail","6":"product_cat-decoratie","7":"product_cat-wandklokken","8":"product_tag-100cm","9":"product_tag-modern","10":"product_tag-wandklok","11":"product_tag-xxl","12":"product_tag-zilverkleurig","14":"first","15":"instock","16":"shipping-taxable","17":"purchasable","18":"product-type-simple"},"_links":{"self":[{"href":"https:\/\/planeto.be\/fr\/wp-json\/wp\/v2\/product\/4009","targetHints":{"allow":["GET"]}}],"collection":[{"href":"https:\/\/planeto.be\/fr\/wp-json\/wp\/v2\/product"}],"about":[{"href":"https:\/\/planeto.be\/fr\/wp-json\/wp\/v2\/types\/product"}],"replies":[{"embeddable":true,"href":"https:\/\/planeto.be\/fr\/wp-json\/wp\/v2\/comments?post=4009"}],"version-history":[{"count":1,"href":"https:\/\/planeto.be\/fr\/wp-json\/wp\/v2\/product\/4009\/revisions"}],"predecessor-version":[{"id":7988,"href":"https:\/\/planeto.be\/fr\/wp-json\/wp\/v2\/product\/4009\/revisions\/7988"}],"wp:featuredmedia":[{"embeddable":true,"href":"https:\/\/planeto.be\/fr\/wp-json\/wp\/v2\/media\/4008"}],"wp:attachment":[{"href":"https:\/\/planeto.be\/fr\/wp-json\/wp\/v2\/media?parent=4009"}],"wp:term":[{"taxonomy":"product_brand","embeddable":true,"href":"https:\/\/planeto.be\/fr\/wp-json\/wp\/v2\/product_brand?post=4009"},{"taxonomy":"product_cat","embeddable":true,"href":"https:\/\/planeto.be\/fr\/wp-json\/wp\/v2\/product_cat?post=4009"},{"taxonomy":"product_tag","embeddable":true,"href":"https:\/\/planeto.be\/fr\/wp-json\/wp\/v2\/product_tag?post=4009"}],"curies":[{"name":"wp","href":"https:\/\/api.w.org\/{rel}","templated":true}]}}