{"id":3991,"date":"2026-02-04T10:43:08","date_gmt":"2026-02-04T10:43:08","guid":{"rendered":"https:\/\/planeto.be\/product\/wandklok-30-cm-rosegoud\/"},"modified":"2026-02-10T08:12:03","modified_gmt":"2026-02-10T08:12:03","slug":"wandklok-30-cm-rosegoud","status":"publish","type":"product","link":"https:\/\/planeto.be\/fr\/produit\/wandklok-30-cm-rosegoud\/","title":{"rendered":"Horloge murale Planeto 30 cm or rose"},"content":{"rendered":"<p>Notre horloge murale sera un excellent compl\u00e9ment \u00e0 la d\u00e9coration de votre chambre !<\/p>\n<\/p>\n<p>L'horloge est dot\u00e9e d'un cadre robuste en PP (polypropyl\u00e8ne) et est tr\u00e8s durable. Gr\u00e2ce \u00e0 son grand cadran et \u00e0 ses chiffres clairs, l'horloge est facile \u00e0 lire, m\u00eame de loin. Elle peut \u00eatre facilement accroch\u00e9e au mur. L'horloge ajoute un aspect soign\u00e9 \u00e0 votre d\u00e9cor.<\/p>\n<ul>\n<li>Couleur : bord en or rose et cadran blanc<\/li>\n<li>Mat\u00e9riau : PP (polypropyl\u00e8ne)<\/li>\n<li>Diam\u00e8tre : 30 cm<\/li>\n<li>\u00c9paisseur : 4,4 cm<\/li>\n<li>N\u00e9cessite 1 pile AA (non incluse)<\/li>\n<\/ul>","protected":false},"excerpt":{"rendered":"<ul>\n<li>Couleur : bord en or rose et cadran blanc<\/li>\n<li>Mat\u00e9riau : PP (polypropyl\u00e8ne)<\/li>\n<li>Diam\u00e8tre : 30 cm<\/li>\n<li>\u00c9paisseur : 4,4 cm<\/li>\n<li>N\u00e9cessite 1 pile AA (non incluse)<\/li>\n<\/ul>","protected":false},"featured_media":3990,"comment_status":"open","ping_status":"closed","template":"","meta":[],"product_brand":[],"product_cat":[1355,57],"product_tag":[1118,1149,1083],"class_list":{"0":"post-3991","1":"product","2":"type-product","3":"status-publish","4":"has-post-thumbnail","6":"product_cat-decoratie","7":"product_cat-wandklokken","8":"product_tag-30cm","9":"product_tag-rosegoud","10":"product_tag-wandklok","12":"first","13":"instock","14":"shipping-taxable","15":"purchasable","16":"product-type-simple"},"_links":{"self":[{"href":"https:\/\/planeto.be\/fr\/wp-json\/wp\/v2\/product\/3991","targetHints":{"allow":["GET"]}}],"collection":[{"href":"https:\/\/planeto.be\/fr\/wp-json\/wp\/v2\/product"}],"about":[{"href":"https:\/\/planeto.be\/fr\/wp-json\/wp\/v2\/types\/product"}],"replies":[{"embeddable":true,"href":"https:\/\/planeto.be\/fr\/wp-json\/wp\/v2\/comments?post=3991"}],"version-history":[{"count":1,"href":"https:\/\/planeto.be\/fr\/wp-json\/wp\/v2\/product\/3991\/revisions"}],"predecessor-version":[{"id":7985,"href":"https:\/\/planeto.be\/fr\/wp-json\/wp\/v2\/product\/3991\/revisions\/7985"}],"wp:featuredmedia":[{"embeddable":true,"href":"https:\/\/planeto.be\/fr\/wp-json\/wp\/v2\/media\/3990"}],"wp:attachment":[{"href":"https:\/\/planeto.be\/fr\/wp-json\/wp\/v2\/media?parent=3991"}],"wp:term":[{"taxonomy":"product_brand","embeddable":true,"href":"https:\/\/planeto.be\/fr\/wp-json\/wp\/v2\/product_brand?post=3991"},{"taxonomy":"product_cat","embeddable":true,"href":"https:\/\/planeto.be\/fr\/wp-json\/wp\/v2\/product_cat?post=3991"},{"taxonomy":"product_tag","embeddable":true,"href":"https:\/\/planeto.be\/fr\/wp-json\/wp\/v2\/product_tag?post=3991"}],"curies":[{"name":"wp","href":"https:\/\/api.w.org\/{rel}","templated":true}]}}