{"id":3942,"date":"2026-02-04T10:42:48","date_gmt":"2026-02-04T10:42:48","guid":{"rendered":"https:\/\/planeto.be\/product\/wandklok-vintage-stijl-30-cm-bloemen\/"},"modified":"2026-02-10T08:12:04","modified_gmt":"2026-02-10T08:12:04","slug":"wandklok-vintage-stijl-30-cm-bloemen","status":"publish","type":"product","link":"https:\/\/planeto.be\/fr\/produit\/wandklok-vintage-stijl-30-cm-bloemen\/","title":{"rendered":"Planeto Horloge murale style vintage 30 cm fleurs"},"content":{"rendered":"<p>Notre horloge murale de style r\u00e9tro est un excellent compl\u00e9ment \u00e0 l'int\u00e9rieur de votre cuisine ou de votre salon !<\/p>\n<\/p>\n<p>L'horloge est dot\u00e9e d'un cadre robuste en MDF et est tr\u00e8s durable. Gr\u00e2ce \u00e0 son grand cadran et \u00e0 ses chiffres clairs, l'horloge est facile \u00e0 lire, m\u00eame de loin. Elle peut \u00eatre facilement accroch\u00e9e au mur. L'horloge ajoute un aspect nostalgique \u00e0 votre d\u00e9cor.<\/p>\n<ul>\n<li>Couleur : multicolore<\/li>\n<li>Mat\u00e9riau : MDF<\/li>\n<li>Diam\u00e8tre : 30 cm<\/li>\n<li>\u00c9paisseur : 2,2 cm<\/li>\n<li>N\u00e9cessite 1 pile AA (non incluse)<\/li>\n<\/ul>","protected":false},"excerpt":{"rendered":"<ul>\n<li>Couleur : multicolore<\/li>\n<li>Mat\u00e9riau : MDF<\/li>\n<li>Diam\u00e8tre : 30 cm<\/li>\n<li>\u00c9paisseur : 2,2 cm<\/li>\n<li>N\u00e9cessite 1 pile AA (non incluse)<\/li>\n<\/ul>","protected":false},"featured_media":3941,"comment_status":"open","ping_status":"closed","template":"","meta":[],"product_brand":[],"product_cat":[1355,57],"product_tag":[1118,1123,1088,1087,1083],"class_list":{"0":"post-3942","1":"product","2":"type-product","3":"status-publish","4":"has-post-thumbnail","6":"product_cat-decoratie","7":"product_cat-wandklokken","8":"product_tag-30cm","9":"product_tag-bloemen","10":"product_tag-stijl","11":"product_tag-vintage","12":"product_tag-wandklok","14":"first","15":"instock","16":"shipping-taxable","17":"purchasable","18":"product-type-simple"},"_links":{"self":[{"href":"https:\/\/planeto.be\/fr\/wp-json\/wp\/v2\/product\/3942","targetHints":{"allow":["GET"]}}],"collection":[{"href":"https:\/\/planeto.be\/fr\/wp-json\/wp\/v2\/product"}],"about":[{"href":"https:\/\/planeto.be\/fr\/wp-json\/wp\/v2\/types\/product"}],"replies":[{"embeddable":true,"href":"https:\/\/planeto.be\/fr\/wp-json\/wp\/v2\/comments?post=3942"}],"version-history":[{"count":1,"href":"https:\/\/planeto.be\/fr\/wp-json\/wp\/v2\/product\/3942\/revisions"}],"predecessor-version":[{"id":7979,"href":"https:\/\/planeto.be\/fr\/wp-json\/wp\/v2\/product\/3942\/revisions\/7979"}],"wp:featuredmedia":[{"embeddable":true,"href":"https:\/\/planeto.be\/fr\/wp-json\/wp\/v2\/media\/3941"}],"wp:attachment":[{"href":"https:\/\/planeto.be\/fr\/wp-json\/wp\/v2\/media?parent=3942"}],"wp:term":[{"taxonomy":"product_brand","embeddable":true,"href":"https:\/\/planeto.be\/fr\/wp-json\/wp\/v2\/product_brand?post=3942"},{"taxonomy":"product_cat","embeddable":true,"href":"https:\/\/planeto.be\/fr\/wp-json\/wp\/v2\/product_cat?post=3942"},{"taxonomy":"product_tag","embeddable":true,"href":"https:\/\/planeto.be\/fr\/wp-json\/wp\/v2\/product_tag?post=3942"}],"curies":[{"name":"wp","href":"https:\/\/api.w.org\/{rel}","templated":true}]}}