{"id":3935,"date":"2026-02-04T10:42:45","date_gmt":"2026-02-04T10:42:45","guid":{"rendered":"https:\/\/planeto.be\/product\/wandklok-met-quartz-mechanisme-hygrometer-thermometer-30-cm-zwart\/"},"modified":"2026-02-10T08:12:04","modified_gmt":"2026-02-10T08:12:04","slug":"wandklok-met-quartz-mechanisme-hygrometer-thermometer-30-cm-zwart","status":"publish","type":"product","link":"https:\/\/planeto.be\/fr\/produit\/wandklok-met-quartz-mechanisme-hygrometer-thermometer-30-cm-zwart\/","title":{"rendered":"Planeto Horloge murale avec m\u00e9canisme \u00e0 quartz hygrom\u00e8tre thermom\u00e8tre 30 cm noir"},"content":{"rendered":"<p>Notre horloge murale sera un excellent compl\u00e9ment \u00e0 la d\u00e9coration de votre chambre !<\/p>\n<\/p>\n<p>L'horloge est \u00e9quip\u00e9e d'un mouvement \u00e0 quartz de haute qualit\u00e9, ce qui lui conf\u00e8re une grande pr\u00e9cision. L'horloge est \u00e9quip\u00e9e d'un hygrom\u00e8tre et d'un thermom\u00e8tre qui affichent l'humidit\u00e9 et la temp\u00e9rature ambiante. Gr\u00e2ce \u00e0 son grand cadran et \u00e0 ses chiffres clairs, l'horloge est facile \u00e0 lire, m\u00eame de loin. Elle peut \u00eatre facilement accroch\u00e9e au mur. L'horloge est id\u00e9ale pour la maison, le bureau, la salle d'attente ou la r\u00e9ception. <\/p>\n<ul>\n<li>Couleur : noir<\/li>\n<li>Mat\u00e9riau : cadre en aluminium et m\u00e9canisme \u00e0 quartz<\/li>\n<li>Diam\u00e8tre : 30 cm<\/li>\n<li>\u00c9paisseur : 4 cm<\/li>\n<li>Avec hygrom\u00e8tre et thermom\u00e8tre<\/li>\n<li>N\u00e9cessite 1 pile AA (non incluse)<\/li>\n<\/ul>","protected":false},"excerpt":{"rendered":"<ul>\n<li>Couleur : noir<\/li>\n<li>Mat\u00e9riau : cadre en aluminium et m\u00e9canisme \u00e0 quartz<\/li>\n<li>Diam\u00e8tre : 30 cm<\/li>\n<li>\u00c9paisseur : 4 cm<\/li>\n<li>Avec hygrom\u00e8tre et thermom\u00e8tre<\/li>\n<li>N\u00e9cessite 1 pile AA (non incluse)<\/li>\n<\/ul>","protected":false},"featured_media":3934,"comment_status":"open","ping_status":"closed","template":"","meta":[],"product_brand":[],"product_cat":[1355,57],"product_tag":[1118,1142,1090,1089,1143,1083,980],"class_list":{"0":"post-3935","1":"product","2":"type-product","3":"status-publish","4":"has-post-thumbnail","6":"product_cat-decoratie","7":"product_cat-wandklokken","8":"product_tag-30cm","9":"product_tag-hygrometer","10":"product_tag-mechanisme","11":"product_tag-quartz","12":"product_tag-thermometer","13":"product_tag-wandklok","14":"product_tag-zwart","16":"first","17":"instock","18":"shipping-taxable","19":"purchasable","20":"product-type-simple"},"_links":{"self":[{"href":"https:\/\/planeto.be\/fr\/wp-json\/wp\/v2\/product\/3935","targetHints":{"allow":["GET"]}}],"collection":[{"href":"https:\/\/planeto.be\/fr\/wp-json\/wp\/v2\/product"}],"about":[{"href":"https:\/\/planeto.be\/fr\/wp-json\/wp\/v2\/types\/product"}],"replies":[{"embeddable":true,"href":"https:\/\/planeto.be\/fr\/wp-json\/wp\/v2\/comments?post=3935"}],"version-history":[{"count":1,"href":"https:\/\/planeto.be\/fr\/wp-json\/wp\/v2\/product\/3935\/revisions"}],"predecessor-version":[{"id":7978,"href":"https:\/\/planeto.be\/fr\/wp-json\/wp\/v2\/product\/3935\/revisions\/7978"}],"wp:featuredmedia":[{"embeddable":true,"href":"https:\/\/planeto.be\/fr\/wp-json\/wp\/v2\/media\/3934"}],"wp:attachment":[{"href":"https:\/\/planeto.be\/fr\/wp-json\/wp\/v2\/media?parent=3935"}],"wp:term":[{"taxonomy":"product_brand","embeddable":true,"href":"https:\/\/planeto.be\/fr\/wp-json\/wp\/v2\/product_brand?post=3935"},{"taxonomy":"product_cat","embeddable":true,"href":"https:\/\/planeto.be\/fr\/wp-json\/wp\/v2\/product_cat?post=3935"},{"taxonomy":"product_tag","embeddable":true,"href":"https:\/\/planeto.be\/fr\/wp-json\/wp\/v2\/product_tag?post=3935"}],"curies":[{"name":"wp","href":"https:\/\/api.w.org\/{rel}","templated":true}]}}