{"id":3914,"date":"2026-02-04T10:42:36","date_gmt":"2026-02-04T10:42:36","guid":{"rendered":"https:\/\/planeto.be\/product\/wandklok-met-quartz-uurwerk-radiogestuurd-31-cm-wit-en-zwart\/"},"modified":"2026-02-10T08:12:04","modified_gmt":"2026-02-10T08:12:04","slug":"wandklok-met-quartz-uurwerk-radiogestuurd-31-cm-wit-en-zwart","status":"publish","type":"product","link":"https:\/\/planeto.be\/fr\/produit\/wandklok-met-quartz-uurwerk-radiogestuurd-31-cm-wit-en-zwart\/","title":{"rendered":"Planeto Horloge murale avec mouvement \u00e0 quartz radiocommand\u00e9 31 cm blanc et noir"},"content":{"rendered":"<p>Notre horloge murale radiocommand\u00e9e affiche toujours l'heure exacte !<\/p>\n<\/p>\n<p>L'horloge peut recevoir un signal horaire et s'ajuste automatiquement. L'heure d'\u00e9t\u00e9 et l'heure d'hiver sont \u00e9galement r\u00e9gl\u00e9es automatiquement. Vous n'avez donc pas \u00e0 vous pr\u00e9occuper du r\u00e9glage de l'heure. Gr\u00e2ce \u00e0 son grand cadran et \u00e0 ses chiffres clairs, l'horloge est facile \u00e0 lire, m\u00eame de loin. Elle peut \u00eatre facilement accroch\u00e9e au mur. L'horloge est id\u00e9ale pour la maison, le bureau, la salle d'attente ou la r\u00e9ception.<\/p>\n<ul>\n<li>Kleur behuizing: zwart<\/li>\n<li>Kleur wijzerplaat: wit<\/li>\n<li>Mat\u00e9riau : PP (polypropyl\u00e8ne) et verre<\/li>\n<li>Diam\u00e8tre : 31 cm<\/li>\n<li>\u00c9paisseur : 4,3 cm<\/li>\n<li>Radiocommand\u00e9<\/li>\n<li>N\u00e9cessite 1 pile AA (non incluse)<\/li>\n<\/ul>","protected":false},"excerpt":{"rendered":"<ul>\n<li>Kleur behuizing: zwart<\/li>\n<li>Kleur wijzerplaat: wit<\/li>\n<li>Mat\u00e9riau : PP (polypropyl\u00e8ne) et verre<\/li>\n<li>Diam\u00e8tre : 31 cm<\/li>\n<li>\u00c9paisseur : 4,3 cm<\/li>\n<li>Radiocommand\u00e9<\/li>\n<li>N\u00e9cessite 1 pile AA (non incluse)<\/li>\n<\/ul>","protected":false},"featured_media":3913,"comment_status":"open","ping_status":"closed","template":"","meta":[],"product_brand":[],"product_cat":[1355,57],"product_tag":[1113,1089,1141,1140,1083,982,980],"class_list":{"0":"post-3914","1":"product","2":"type-product","3":"status-publish","4":"has-post-thumbnail","6":"product_cat-decoratie","7":"product_cat-wandklokken","8":"product_tag-31cm","9":"product_tag-quartz","10":"product_tag-radiogestuurd","11":"product_tag-uurwerk","12":"product_tag-wandklok","13":"product_tag-wit","14":"product_tag-zwart","16":"first","17":"instock","18":"shipping-taxable","19":"purchasable","20":"product-type-simple"},"_links":{"self":[{"href":"https:\/\/planeto.be\/fr\/wp-json\/wp\/v2\/product\/3914","targetHints":{"allow":["GET"]}}],"collection":[{"href":"https:\/\/planeto.be\/fr\/wp-json\/wp\/v2\/product"}],"about":[{"href":"https:\/\/planeto.be\/fr\/wp-json\/wp\/v2\/types\/product"}],"replies":[{"embeddable":true,"href":"https:\/\/planeto.be\/fr\/wp-json\/wp\/v2\/comments?post=3914"}],"version-history":[{"count":1,"href":"https:\/\/planeto.be\/fr\/wp-json\/wp\/v2\/product\/3914\/revisions"}],"predecessor-version":[{"id":7975,"href":"https:\/\/planeto.be\/fr\/wp-json\/wp\/v2\/product\/3914\/revisions\/7975"}],"wp:featuredmedia":[{"embeddable":true,"href":"https:\/\/planeto.be\/fr\/wp-json\/wp\/v2\/media\/3913"}],"wp:attachment":[{"href":"https:\/\/planeto.be\/fr\/wp-json\/wp\/v2\/media?parent=3914"}],"wp:term":[{"taxonomy":"product_brand","embeddable":true,"href":"https:\/\/planeto.be\/fr\/wp-json\/wp\/v2\/product_brand?post=3914"},{"taxonomy":"product_cat","embeddable":true,"href":"https:\/\/planeto.be\/fr\/wp-json\/wp\/v2\/product_cat?post=3914"},{"taxonomy":"product_tag","embeddable":true,"href":"https:\/\/planeto.be\/fr\/wp-json\/wp\/v2\/product_tag?post=3914"}],"curies":[{"name":"wp","href":"https:\/\/api.w.org\/{rel}","templated":true}]}}