{"id":3899,"date":"2026-02-04T10:42:30","date_gmt":"2026-02-04T10:42:30","guid":{"rendered":"https:\/\/planeto.be\/product\/wandklok-o50-cm-ijzer-zwart-2\/"},"modified":"2026-02-10T08:12:04","modified_gmt":"2026-02-10T08:12:04","slug":"wandklok-o50-cm-ijzer-zwart-2","status":"publish","type":"product","link":"https:\/\/planeto.be\/fr\/produit\/wandklok-o50-cm-ijzer-zwart-2\/","title":{"rendered":"Planeto Horloge murale \u00d850 cm fer noir"},"content":{"rendered":"<p>Cette horloge murale pr\u00e9sente un cadran rustique au grain magnifique. Elle ajoute une touche d'\u00e9l\u00e9gance et de fonctionnalit\u00e9 \u00e0 votre int\u00e9rieur.<\/p>\n<\/p>\n<ul>\n<li>Mouvements silencieux et pr\u00e9cis : cette horloge murale est dot\u00e9e d'un m\u00e9canisme de pendule silencieux et d'un mouvement \u00e0 quartz pr\u00e9cis pour une mesure exacte de l'heure. Elle cr\u00e9e ainsi un environnement de travail et de sommeil paisible.<\/li>\n<li>Facile \u00e0 lire : la grande \u00e9chelle et les aiguilles se d\u00e9tachent du cadran, ce qui facilite la lecture de l'heure quel que soit l'angle de vue.<\/li>\n<li>Facile \u00e0 installer : gr\u00e2ce \u00e0 la conception de la fente au dos, cette horloge est facile \u00e0 fixer au mur.<\/li>\n<li>Largement applicable : cette horloge murale d\u00e9corative est id\u00e9ale pour une vari\u00e9t\u00e9 d'environnements, y compris les salons, les chambres \u00e0 coucher, les bureaux, les \u00e9coles, les salles de classe, les salles de bain et plus encore.<\/li>\n<\/ul>\n<ul>\n<li>Couleur : noir<\/li>\n<li>Mat\u00e9riau : fer<\/li>\n<li>Dimensions : 50 x 4 cm (\u00f8 x D)<\/li>\n<li>N\u00e9cessite 1 pile AA (non incluse)<\/li>\n<li>M\u00e9canisme de pendule silencieux<\/li>\n<li>Montage n\u00e9cessaire : oui<\/li>\n<\/ul>","protected":false},"excerpt":{"rendered":"<ul>\n<li>Couleur : noir<\/li>\n<li>Mat\u00e9riau : fer<\/li>\n<li>Dimensions : 50 x 4 cm (\u00f8 x D)<\/li>\n<li>N\u00e9cessite 1 pile AA (non incluse)<\/li>\n<li>M\u00e9canisme de pendule silencieux<\/li>\n<li>Montage n\u00e9cessaire : oui<\/li>\n<\/ul>","protected":false},"featured_media":3898,"comment_status":"open","ping_status":"closed","template":"","meta":[],"product_brand":[],"product_cat":[1355,57],"product_tag":[979,1083,980],"class_list":{"0":"post-3899","1":"product","2":"type-product","3":"status-publish","4":"has-post-thumbnail","6":"product_cat-decoratie","7":"product_cat-wandklokken","8":"product_tag-ijzer","9":"product_tag-wandklok","10":"product_tag-zwart","12":"first","13":"instock","14":"shipping-taxable","15":"purchasable","16":"product-type-simple"},"_links":{"self":[{"href":"https:\/\/planeto.be\/fr\/wp-json\/wp\/v2\/product\/3899","targetHints":{"allow":["GET"]}}],"collection":[{"href":"https:\/\/planeto.be\/fr\/wp-json\/wp\/v2\/product"}],"about":[{"href":"https:\/\/planeto.be\/fr\/wp-json\/wp\/v2\/types\/product"}],"replies":[{"embeddable":true,"href":"https:\/\/planeto.be\/fr\/wp-json\/wp\/v2\/comments?post=3899"}],"version-history":[{"count":1,"href":"https:\/\/planeto.be\/fr\/wp-json\/wp\/v2\/product\/3899\/revisions"}],"predecessor-version":[{"id":7973,"href":"https:\/\/planeto.be\/fr\/wp-json\/wp\/v2\/product\/3899\/revisions\/7973"}],"wp:featuredmedia":[{"embeddable":true,"href":"https:\/\/planeto.be\/fr\/wp-json\/wp\/v2\/media\/3898"}],"wp:attachment":[{"href":"https:\/\/planeto.be\/fr\/wp-json\/wp\/v2\/media?parent=3899"}],"wp:term":[{"taxonomy":"product_brand","embeddable":true,"href":"https:\/\/planeto.be\/fr\/wp-json\/wp\/v2\/product_brand?post=3899"},{"taxonomy":"product_cat","embeddable":true,"href":"https:\/\/planeto.be\/fr\/wp-json\/wp\/v2\/product_cat?post=3899"},{"taxonomy":"product_tag","embeddable":true,"href":"https:\/\/planeto.be\/fr\/wp-json\/wp\/v2\/product_tag?post=3899"}],"curies":[{"name":"wp","href":"https:\/\/api.w.org\/{rel}","templated":true}]}}