{"id":3764,"date":"2026-02-04T10:41:34","date_gmt":"2026-02-04T10:41:34","guid":{"rendered":"https:\/\/planeto.be\/product\/wandklok-60-cm-mdf-meerkleurig\/"},"modified":"2026-02-10T08:12:05","modified_gmt":"2026-02-10T08:12:05","slug":"wandklok-60-cm-mdf-meerkleurig","status":"publish","type":"product","link":"https:\/\/planeto.be\/fr\/produit\/wandklok-60-cm-mdf-meerkleurig\/","title":{"rendered":"Planeto Horloge murale 60 cm MDF multicolore"},"content":{"rendered":"<p>Cette horloge murale attirera tous les regards dans votre espace de vie ! Elle d\u00e9gage un charme vintage et son design unique en fait une d\u00e9coration attrayante pour votre maison.<\/p>\n<\/p>\n<p>Cette horloge est fabriqu\u00e9e en MDF robuste. Gr\u00e2ce \u00e0 son grand cadran et \u00e0 ses chiffres clairs, l'horloge d\u00e9corative est clairement lisible, m\u00eame de loin.<\/p>\n<ul>\n<li>Couleur : multicolore<\/li>\n<li>Mat\u00e9riau : MDF<\/li>\n<li>Diam\u00e8tre : 60 cm<\/li>\n<li>\u00c9paisseur : 3 cm<\/li>\n<li>N\u00e9cessite 1 pile AA (non incluse)<\/li>\n<\/ul>","protected":false},"excerpt":{"rendered":"<ul>\n<li>Couleur : multicolore<\/li>\n<li>Mat\u00e9riau : MDF<\/li>\n<li>Diam\u00e8tre : 60 cm<\/li>\n<li>\u00c9paisseur : 3 cm<\/li>\n<li>N\u00e9cessite 1 pile AA (non incluse)<\/li>\n<\/ul>","protected":false},"featured_media":3763,"comment_status":"open","ping_status":"closed","template":"","meta":[],"product_brand":[],"product_cat":[1355,57],"product_tag":[1092,1121,1097,1083],"class_list":{"0":"post-3764","1":"product","2":"type-product","3":"status-publish","4":"has-post-thumbnail","6":"product_cat-decoratie","7":"product_cat-wandklokken","8":"product_tag-60cm","9":"product_tag-mdf","10":"product_tag-meerkleurig","11":"product_tag-wandklok","13":"first","14":"instock","15":"shipping-taxable","16":"purchasable","17":"product-type-simple"},"_links":{"self":[{"href":"https:\/\/planeto.be\/fr\/wp-json\/wp\/v2\/product\/3764","targetHints":{"allow":["GET"]}}],"collection":[{"href":"https:\/\/planeto.be\/fr\/wp-json\/wp\/v2\/product"}],"about":[{"href":"https:\/\/planeto.be\/fr\/wp-json\/wp\/v2\/types\/product"}],"replies":[{"embeddable":true,"href":"https:\/\/planeto.be\/fr\/wp-json\/wp\/v2\/comments?post=3764"}],"version-history":[{"count":1,"href":"https:\/\/planeto.be\/fr\/wp-json\/wp\/v2\/product\/3764\/revisions"}],"predecessor-version":[{"id":7958,"href":"https:\/\/planeto.be\/fr\/wp-json\/wp\/v2\/product\/3764\/revisions\/7958"}],"wp:featuredmedia":[{"embeddable":true,"href":"https:\/\/planeto.be\/fr\/wp-json\/wp\/v2\/media\/3763"}],"wp:attachment":[{"href":"https:\/\/planeto.be\/fr\/wp-json\/wp\/v2\/media?parent=3764"}],"wp:term":[{"taxonomy":"product_brand","embeddable":true,"href":"https:\/\/planeto.be\/fr\/wp-json\/wp\/v2\/product_brand?post=3764"},{"taxonomy":"product_cat","embeddable":true,"href":"https:\/\/planeto.be\/fr\/wp-json\/wp\/v2\/product_cat?post=3764"},{"taxonomy":"product_tag","embeddable":true,"href":"https:\/\/planeto.be\/fr\/wp-json\/wp\/v2\/product_tag?post=3764"}],"curies":[{"name":"wp","href":"https:\/\/api.w.org\/{rel}","templated":true}]}}