{"id":3735,"date":"2026-02-04T10:41:23","date_gmt":"2026-02-04T10:41:23","guid":{"rendered":"https:\/\/planeto.be\/product\/wandklok-39-cm-mdf-en-ijzer-bruin-en-zwart\/"},"modified":"2026-02-10T08:12:05","modified_gmt":"2026-02-10T08:12:05","slug":"wandklok-39-cm-mdf-en-ijzer-bruin-en-zwart","status":"publish","type":"product","link":"https:\/\/planeto.be\/fr\/produit\/wandklok-39-cm-mdf-en-ijzer-bruin-en-zwart\/","title":{"rendered":"Planeto Horloge murale 39 cm MDF et fer brun et noir"},"content":{"rendered":"<p>Cette horloge murale attirera tous les regards dans votre espace de vie ! Elle d\u00e9gage un charme vintage et constitue une d\u00e9coration attrayante pour votre maison.<\/p>\n<\/p>\n<p>Cette horloge est fabriqu\u00e9e en MDF et en fer, ce qui la rend robuste. L'horloge murale a une forme ronde et des chiffres romains pour cr\u00e9er un effet sym\u00e9trique et \u00e9l\u00e9gant. Gr\u00e2ce au grand cadran et aux chiffres clairs, l'horloge peut \u00eatre lue de loin.<\/p>\n<ul>\n<li>Couleur : brun et noir<\/li>\n<li>Mat\u00e9riau : MDF et fer<\/li>\n<li>Diam\u00e8tre : 39 cm<\/li>\n<li>N\u00e9cessite 1 pile AA (non incluse)<\/li>\n<\/ul>","protected":false},"excerpt":{"rendered":"<ul>\n<li>Couleur : brun et noir<\/li>\n<li>Mat\u00e9riau : MDF et fer<\/li>\n<li>Diam\u00e8tre : 39 cm<\/li>\n<li>N\u00e9cessite 1 pile AA (non incluse)<\/li>\n<\/ul>","protected":false},"featured_media":3734,"comment_status":"open","ping_status":"closed","template":"","meta":[],"product_brand":[],"product_cat":[1355,57],"product_tag":[1122,958,979,1121,1083,980],"class_list":{"0":"post-3735","1":"product","2":"type-product","3":"status-publish","4":"has-post-thumbnail","6":"product_cat-decoratie","7":"product_cat-wandklokken","8":"product_tag-39cm","9":"product_tag-bruin","10":"product_tag-ijzer","11":"product_tag-mdf","12":"product_tag-wandklok","13":"product_tag-zwart","15":"first","16":"instock","17":"shipping-taxable","18":"purchasable","19":"product-type-simple"},"_links":{"self":[{"href":"https:\/\/planeto.be\/fr\/wp-json\/wp\/v2\/product\/3735","targetHints":{"allow":["GET"]}}],"collection":[{"href":"https:\/\/planeto.be\/fr\/wp-json\/wp\/v2\/product"}],"about":[{"href":"https:\/\/planeto.be\/fr\/wp-json\/wp\/v2\/types\/product"}],"replies":[{"embeddable":true,"href":"https:\/\/planeto.be\/fr\/wp-json\/wp\/v2\/comments?post=3735"}],"version-history":[{"count":1,"href":"https:\/\/planeto.be\/fr\/wp-json\/wp\/v2\/product\/3735\/revisions"}],"predecessor-version":[{"id":7953,"href":"https:\/\/planeto.be\/fr\/wp-json\/wp\/v2\/product\/3735\/revisions\/7953"}],"wp:featuredmedia":[{"embeddable":true,"href":"https:\/\/planeto.be\/fr\/wp-json\/wp\/v2\/media\/3734"}],"wp:attachment":[{"href":"https:\/\/planeto.be\/fr\/wp-json\/wp\/v2\/media?parent=3735"}],"wp:term":[{"taxonomy":"product_brand","embeddable":true,"href":"https:\/\/planeto.be\/fr\/wp-json\/wp\/v2\/product_brand?post=3735"},{"taxonomy":"product_cat","embeddable":true,"href":"https:\/\/planeto.be\/fr\/wp-json\/wp\/v2\/product_cat?post=3735"},{"taxonomy":"product_tag","embeddable":true,"href":"https:\/\/planeto.be\/fr\/wp-json\/wp\/v2\/product_tag?post=3735"}],"curies":[{"name":"wp","href":"https:\/\/api.w.org\/{rel}","templated":true}]}}