{"id":3723,"date":"2026-02-04T10:41:18","date_gmt":"2026-02-04T10:41:18","guid":{"rendered":"https:\/\/planeto.be\/product\/wandklok-52-cm-ijzer-goudkleurig\/"},"modified":"2026-02-10T08:12:05","modified_gmt":"2026-02-10T08:12:05","slug":"wandklok-52-cm-ijzer-goudkleurig","status":"publish","type":"product","link":"https:\/\/planeto.be\/fr\/produit\/wandklok-52-cm-ijzer-goudkleurig\/","title":{"rendered":"Planeto Horloge murale 52 cm fer couleur or"},"content":{"rendered":"<p>Ajoutez une touche de beaut\u00e9 d\u00e9licate \u00e0 votre int\u00e9rieur avec cette horloge murale \u00e9l\u00e9gante.<\/p>\n<\/p>\n<p>L'horloge n'est pas seulement charmante et \u00e9l\u00e9gante, elle est aussi robuste car elle est fabriqu\u00e9e en fer. C'est un exemple classique d'accessoire d'int\u00e9rieur minimaliste, car le cadran ne comporte pas de chiffres. La couleur or donne \u00e0 l'horloge un aspect classique et chic.<\/p>\n<ul>\n<li>Couleur : or<\/li>\n<li>Mat\u00e9riau : fer<\/li>\n<li>Diam\u00e8tre : 52 cm<\/li>\n<li>N\u00e9cessite 1 pile AA (non incluse)<\/li>\n<\/ul>","protected":false},"excerpt":{"rendered":"<ul>\n<li>Couleur : or<\/li>\n<li>Mat\u00e9riau : fer<\/li>\n<li>Diam\u00e8tre : 52 cm<\/li>\n<li>N\u00e9cessite 1 pile AA (non incluse)<\/li>\n<\/ul>","protected":false},"featured_media":3722,"comment_status":"open","ping_status":"closed","template":"","meta":[],"product_brand":[],"product_cat":[1355,57],"product_tag":[1120,1085,979,1083],"class_list":{"0":"post-3723","1":"product","2":"type-product","3":"status-publish","4":"has-post-thumbnail","6":"product_cat-decoratie","7":"product_cat-wandklokken","8":"product_tag-52cm","9":"product_tag-goudkleurig","10":"product_tag-ijzer","11":"product_tag-wandklok","13":"first","14":"instock","15":"shipping-taxable","16":"purchasable","17":"product-type-simple"},"_links":{"self":[{"href":"https:\/\/planeto.be\/fr\/wp-json\/wp\/v2\/product\/3723","targetHints":{"allow":["GET"]}}],"collection":[{"href":"https:\/\/planeto.be\/fr\/wp-json\/wp\/v2\/product"}],"about":[{"href":"https:\/\/planeto.be\/fr\/wp-json\/wp\/v2\/types\/product"}],"replies":[{"embeddable":true,"href":"https:\/\/planeto.be\/fr\/wp-json\/wp\/v2\/comments?post=3723"}],"version-history":[{"count":1,"href":"https:\/\/planeto.be\/fr\/wp-json\/wp\/v2\/product\/3723\/revisions"}],"predecessor-version":[{"id":7951,"href":"https:\/\/planeto.be\/fr\/wp-json\/wp\/v2\/product\/3723\/revisions\/7951"}],"wp:featuredmedia":[{"embeddable":true,"href":"https:\/\/planeto.be\/fr\/wp-json\/wp\/v2\/media\/3722"}],"wp:attachment":[{"href":"https:\/\/planeto.be\/fr\/wp-json\/wp\/v2\/media?parent=3723"}],"wp:term":[{"taxonomy":"product_brand","embeddable":true,"href":"https:\/\/planeto.be\/fr\/wp-json\/wp\/v2\/product_brand?post=3723"},{"taxonomy":"product_cat","embeddable":true,"href":"https:\/\/planeto.be\/fr\/wp-json\/wp\/v2\/product_cat?post=3723"},{"taxonomy":"product_tag","embeddable":true,"href":"https:\/\/planeto.be\/fr\/wp-json\/wp\/v2\/product_tag?post=3723"}],"curies":[{"name":"wp","href":"https:\/\/api.w.org\/{rel}","templated":true}]}}