{"id":3710,"date":"2026-02-04T10:41:12","date_gmt":"2026-02-04T10:41:12","guid":{"rendered":"https:\/\/planeto.be\/product\/wandklok-lichtgevend-30-cm-wit\/"},"modified":"2026-02-10T08:12:05","modified_gmt":"2026-02-10T08:12:05","slug":"wandklok-lichtgevend-30-cm-wit","status":"publish","type":"product","link":"https:\/\/planeto.be\/fr\/produit\/wandklok-lichtgevend-30-cm-wit\/","title":{"rendered":"Planeto Horloge murale lumineuse 30 cm blanc"},"content":{"rendered":"<p>Cette horloge murale indique toujours l'heure avec pr\u00e9cision !<\/p>\n<\/p>\n<p>Cette horloge est fabriqu\u00e9e en PP (polypropyl\u00e8ne), ce qui la rend facile \u00e0 nettoyer. Gr\u00e2ce \u00e0 sa conception lumineuse, l'heure est facile \u00e0 lire m\u00eame dans des conditions de faible luminosit\u00e9. Avec son grand cadran et ses chiffres clairs, l'horloge d\u00e9corative peut \u00eatre lue clairement m\u00eame de loin.<\/p>\n<ul>\n<li>Couleur : blanc<\/li>\n<li>Mat\u00e9riau : PP (polypropyl\u00e8ne)<\/li>\n<li>Diam\u00e8tre : 30 cm<\/li>\n<li>\u00c9paisseur : 4,4 cm<\/li>\n<li>N\u00e9cessite 1 pile AA (non incluse)<\/li>\n<\/ul>","protected":false},"excerpt":{"rendered":"<ul>\n<li>Couleur : blanc<\/li>\n<li>Mat\u00e9riau : PP (polypropyl\u00e8ne)<\/li>\n<li>Diam\u00e8tre : 30 cm<\/li>\n<li>\u00c9paisseur : 4,4 cm<\/li>\n<li>N\u00e9cessite 1 pile AA (non incluse)<\/li>\n<\/ul>","protected":false},"featured_media":3709,"comment_status":"open","ping_status":"closed","template":"","meta":[],"product_brand":[],"product_cat":[1355,57],"product_tag":[1118,1117,1083,982],"class_list":{"0":"post-3710","1":"product","2":"type-product","3":"status-publish","4":"has-post-thumbnail","6":"product_cat-decoratie","7":"product_cat-wandklokken","8":"product_tag-30cm","9":"product_tag-lichtgevend","10":"product_tag-wandklok","11":"product_tag-wit","13":"first","14":"instock","15":"shipping-taxable","16":"purchasable","17":"product-type-simple"},"_links":{"self":[{"href":"https:\/\/planeto.be\/fr\/wp-json\/wp\/v2\/product\/3710","targetHints":{"allow":["GET"]}}],"collection":[{"href":"https:\/\/planeto.be\/fr\/wp-json\/wp\/v2\/product"}],"about":[{"href":"https:\/\/planeto.be\/fr\/wp-json\/wp\/v2\/types\/product"}],"replies":[{"embeddable":true,"href":"https:\/\/planeto.be\/fr\/wp-json\/wp\/v2\/comments?post=3710"}],"version-history":[{"count":1,"href":"https:\/\/planeto.be\/fr\/wp-json\/wp\/v2\/product\/3710\/revisions"}],"predecessor-version":[{"id":7949,"href":"https:\/\/planeto.be\/fr\/wp-json\/wp\/v2\/product\/3710\/revisions\/7949"}],"wp:featuredmedia":[{"embeddable":true,"href":"https:\/\/planeto.be\/fr\/wp-json\/wp\/v2\/media\/3709"}],"wp:attachment":[{"href":"https:\/\/planeto.be\/fr\/wp-json\/wp\/v2\/media?parent=3710"}],"wp:term":[{"taxonomy":"product_brand","embeddable":true,"href":"https:\/\/planeto.be\/fr\/wp-json\/wp\/v2\/product_brand?post=3710"},{"taxonomy":"product_cat","embeddable":true,"href":"https:\/\/planeto.be\/fr\/wp-json\/wp\/v2\/product_cat?post=3710"},{"taxonomy":"product_tag","embeddable":true,"href":"https:\/\/planeto.be\/fr\/wp-json\/wp\/v2\/product_tag?post=3710"}],"curies":[{"name":"wp","href":"https:\/\/api.w.org\/{rel}","templated":true}]}}