{"id":3696,"date":"2026-02-04T10:41:06","date_gmt":"2026-02-04T10:41:06","guid":{"rendered":"https:\/\/planeto.be\/product\/wandklok-40-cm-metaal-zilverkleurig\/"},"modified":"2026-02-10T08:12:05","modified_gmt":"2026-02-10T08:12:05","slug":"wandklok-40-cm-metaal-zilverkleurig","status":"publish","type":"product","link":"https:\/\/planeto.be\/fr\/produit\/wandklok-40-cm-metaal-zilverkleurig\/","title":{"rendered":"Planeto Horloge murale 40 cm m\u00e9tal couleur argent"},"content":{"rendered":"<p>Cette horloge murale est une v\u00e9ritable pi\u00e8ce ma\u00eetresse de votre espace de vie !<\/p>\n<\/p>\n<p>L'horloge est fabriqu\u00e9e en m\u00e9tal et en aluminium, ce qui la rend robuste. Elle est dot\u00e9e d'un beau design dispers\u00e9 qui ajoute \u00e0 son style \u00e9l\u00e9gant. Gr\u00e2ce aux chiffres clairs, l'heure peut \u00eatre lue clairement m\u00eame \u00e0 une grande distance.<\/p>\n<ul>\n<li>Couleur : argent<\/li>\n<li>Mat\u00e9riau : m\u00e9tal et aluminium<\/li>\n<li>Diam\u00e8tre : 40 cm<\/li>\n<li>N\u00e9cessite 1 pile AA (non incluse)<\/li>\n<\/ul>","protected":false},"excerpt":{"rendered":"<ul>\n<li>Couleur : argent<\/li>\n<li>Mat\u00e9riau : m\u00e9tal et aluminium<\/li>\n<li>Diam\u00e8tre : 40 cm<\/li>\n<li>N\u00e9cessite 1 pile AA (non incluse)<\/li>\n<\/ul>","protected":false},"featured_media":3695,"comment_status":"open","ping_status":"closed","template":"","meta":[],"product_brand":[],"product_cat":[1355,57],"product_tag":[1095,1084,1083,1101],"class_list":{"0":"post-3696","1":"product","2":"type-product","3":"status-publish","4":"has-post-thumbnail","6":"product_cat-decoratie","7":"product_cat-wandklokken","8":"product_tag-40cm","9":"product_tag-metaal","10":"product_tag-wandklok","11":"product_tag-zilverkleurig","13":"first","14":"instock","15":"shipping-taxable","16":"purchasable","17":"product-type-simple"},"_links":{"self":[{"href":"https:\/\/planeto.be\/fr\/wp-json\/wp\/v2\/product\/3696","targetHints":{"allow":["GET"]}}],"collection":[{"href":"https:\/\/planeto.be\/fr\/wp-json\/wp\/v2\/product"}],"about":[{"href":"https:\/\/planeto.be\/fr\/wp-json\/wp\/v2\/types\/product"}],"replies":[{"embeddable":true,"href":"https:\/\/planeto.be\/fr\/wp-json\/wp\/v2\/comments?post=3696"}],"version-history":[{"count":1,"href":"https:\/\/planeto.be\/fr\/wp-json\/wp\/v2\/product\/3696\/revisions"}],"predecessor-version":[{"id":7947,"href":"https:\/\/planeto.be\/fr\/wp-json\/wp\/v2\/product\/3696\/revisions\/7947"}],"wp:featuredmedia":[{"embeddable":true,"href":"https:\/\/planeto.be\/fr\/wp-json\/wp\/v2\/media\/3695"}],"wp:attachment":[{"href":"https:\/\/planeto.be\/fr\/wp-json\/wp\/v2\/media?parent=3696"}],"wp:term":[{"taxonomy":"product_brand","embeddable":true,"href":"https:\/\/planeto.be\/fr\/wp-json\/wp\/v2\/product_brand?post=3696"},{"taxonomy":"product_cat","embeddable":true,"href":"https:\/\/planeto.be\/fr\/wp-json\/wp\/v2\/product_cat?post=3696"},{"taxonomy":"product_tag","embeddable":true,"href":"https:\/\/planeto.be\/fr\/wp-json\/wp\/v2\/product_tag?post=3696"}],"curies":[{"name":"wp","href":"https:\/\/api.w.org\/{rel}","templated":true}]}}