{"id":3689,"date":"2026-02-04T10:41:04","date_gmt":"2026-02-04T10:41:04","guid":{"rendered":"https:\/\/planeto.be\/product\/wandklok-ei-in-pan-188-cm\/"},"modified":"2026-02-10T08:12:05","modified_gmt":"2026-02-10T08:12:05","slug":"wandklok-ei-in-pan-188-cm","status":"publish","type":"product","link":"https:\/\/planeto.be\/fr\/produit\/wandklok-ei-in-pan-188-cm\/","title":{"rendered":"Planeto Horloge murale \u0153uf en casserole 18,8 cm"},"content":{"rendered":"<p>Ne manquez pas cette nouvelle horloge murale amusante ! Elle est con\u00e7ue comme un \u0153uf au plat dans une po\u00eale \u00e0 frire.<\/p>\n<\/p>\n<p>Cette horloge est fabriqu\u00e9e en ABS, ce qui la rend robuste et facile \u00e0 nettoyer. L'horloge comporte des chiffres clairs qui vous permettent de lire l'heure rapidement et facilement. Elle a la forme d'une po\u00eale \u00e0 frire, le cadran est un \u0153uf au plat et les aiguilles sont un couteau et une fourchette. Cette horloge murale est une d\u00e9coration parfaite pour votre maison.<\/p>\n<ul>\n<li>Couleur : multicolore<\/li>\n<li>Mat\u00e9riau : acrylonitrile-butadi\u00e8ne-styr\u00e8ne (ABS)<\/li>\n<li>Dimensions : 18,8 x 4,3 x 35,4 cm (L x P x H)<\/li>\n<li>N\u00e9cessite 1 pile AA (non incluse)<\/li>\n<\/ul>","protected":false},"excerpt":{"rendered":"<ul>\n<li>Couleur : multicolore<\/li>\n<li>Mat\u00e9riau : acrylonitrile-butadi\u00e8ne-styr\u00e8ne (ABS)<\/li>\n<li>Dimensions : 18,8 x 4,3 x 35,4 cm (L x P x H)<\/li>\n<li>N\u00e9cessite 1 pile AA (non incluse)<\/li>\n<\/ul>","protected":false},"featured_media":3688,"comment_status":"open","ping_status":"closed","template":"","meta":[],"product_brand":[],"product_cat":[1355,57],"product_tag":[1116,1114,1115,1083],"class_list":{"0":"post-3689","1":"product","2":"type-product","3":"status-publish","4":"has-post-thumbnail","6":"product_cat-decoratie","7":"product_cat-wandklokken","8":"product_tag-18-8cm","9":"product_tag-ei","10":"product_tag-pan","11":"product_tag-wandklok","13":"first","14":"instock","15":"shipping-taxable","16":"purchasable","17":"product-type-simple"},"_links":{"self":[{"href":"https:\/\/planeto.be\/fr\/wp-json\/wp\/v2\/product\/3689","targetHints":{"allow":["GET"]}}],"collection":[{"href":"https:\/\/planeto.be\/fr\/wp-json\/wp\/v2\/product"}],"about":[{"href":"https:\/\/planeto.be\/fr\/wp-json\/wp\/v2\/types\/product"}],"replies":[{"embeddable":true,"href":"https:\/\/planeto.be\/fr\/wp-json\/wp\/v2\/comments?post=3689"}],"version-history":[{"count":1,"href":"https:\/\/planeto.be\/fr\/wp-json\/wp\/v2\/product\/3689\/revisions"}],"predecessor-version":[{"id":7946,"href":"https:\/\/planeto.be\/fr\/wp-json\/wp\/v2\/product\/3689\/revisions\/7946"}],"wp:featuredmedia":[{"embeddable":true,"href":"https:\/\/planeto.be\/fr\/wp-json\/wp\/v2\/media\/3688"}],"wp:attachment":[{"href":"https:\/\/planeto.be\/fr\/wp-json\/wp\/v2\/media?parent=3689"}],"wp:term":[{"taxonomy":"product_brand","embeddable":true,"href":"https:\/\/planeto.be\/fr\/wp-json\/wp\/v2\/product_brand?post=3689"},{"taxonomy":"product_cat","embeddable":true,"href":"https:\/\/planeto.be\/fr\/wp-json\/wp\/v2\/product_cat?post=3689"},{"taxonomy":"product_tag","embeddable":true,"href":"https:\/\/planeto.be\/fr\/wp-json\/wp\/v2\/product_tag?post=3689"}],"curies":[{"name":"wp","href":"https:\/\/api.w.org\/{rel}","templated":true}]}}