{"id":3677,"date":"2026-02-04T10:40:59","date_gmt":"2026-02-04T10:40:59","guid":{"rendered":"https:\/\/planeto.be\/product\/wandklok-lepel-en-vork-31-cm-aluminium-zilverkleurig\/"},"modified":"2026-02-10T08:12:05","modified_gmt":"2026-02-10T08:12:05","slug":"wandklok-lepel-en-vork-31-cm-aluminium-zilverkleurig","status":"publish","type":"product","link":"https:\/\/planeto.be\/fr\/produit\/wandklok-lepel-en-vork-31-cm-aluminium-zilverkleurig\/","title":{"rendered":"Planeto Horloge murale cuill\u00e8re-fourchette 31 cm aluminium argent\u00e9"},"content":{"rendered":"<p>D\u00e9corez votre cuisine ou votre salle \u00e0 manger avec cette horloge murale qui attire l'attention.<\/p>\n<\/p>\n<p>D\u00e9cor\u00e9e de fourchettes et de cuill\u00e8res, cette horloge apporte une touche d'ambiance \u00e0 votre int\u00e9rieur. Le cadran, situ\u00e9 au centre du cercle, pr\u00e9sente des chiffres clairs qui vous permettent de lire l'heure rapidement et facilement.<\/p>\n<ul>\n<li>Couleur : argent<\/li>\n<li>Mat\u00e9riau : aluminium<\/li>\n<li>Diam\u00e8tre : 31 cm<\/li>\n<li>N\u00e9cessite 1 pile AA (non incluse)<\/li>\n<li>Capacit\u00e9 de charge : 110 kg<\/li>\n<\/ul>","protected":false},"excerpt":{"rendered":"<ul>\n<li>Couleur : argent<\/li>\n<li>Mat\u00e9riau : aluminium<\/li>\n<li>Diam\u00e8tre : 31 cm<\/li>\n<li>N\u00e9cessite 1 pile AA (non incluse)<\/li>\n<li>Capacit\u00e9 de charge : 110 kg<\/li>\n<\/ul>","protected":false},"featured_media":3676,"comment_status":"open","ping_status":"closed","template":"","meta":[],"product_brand":[],"product_cat":[1355,57],"product_tag":[1113,1005,1111,1112,1083,1101],"class_list":{"0":"post-3677","1":"product","2":"type-product","3":"status-publish","4":"has-post-thumbnail","6":"product_cat-decoratie","7":"product_cat-wandklokken","8":"product_tag-31cm","9":"product_tag-aluminium","10":"product_tag-lepel","11":"product_tag-vork","12":"product_tag-wandklok","13":"product_tag-zilverkleurig","15":"first","16":"instock","17":"shipping-taxable","18":"purchasable","19":"product-type-simple"},"_links":{"self":[{"href":"https:\/\/planeto.be\/fr\/wp-json\/wp\/v2\/product\/3677","targetHints":{"allow":["GET"]}}],"collection":[{"href":"https:\/\/planeto.be\/fr\/wp-json\/wp\/v2\/product"}],"about":[{"href":"https:\/\/planeto.be\/fr\/wp-json\/wp\/v2\/types\/product"}],"replies":[{"embeddable":true,"href":"https:\/\/planeto.be\/fr\/wp-json\/wp\/v2\/comments?post=3677"}],"version-history":[{"count":1,"href":"https:\/\/planeto.be\/fr\/wp-json\/wp\/v2\/product\/3677\/revisions"}],"predecessor-version":[{"id":7944,"href":"https:\/\/planeto.be\/fr\/wp-json\/wp\/v2\/product\/3677\/revisions\/7944"}],"wp:featuredmedia":[{"embeddable":true,"href":"https:\/\/planeto.be\/fr\/wp-json\/wp\/v2\/media\/3676"}],"wp:attachment":[{"href":"https:\/\/planeto.be\/fr\/wp-json\/wp\/v2\/media?parent=3677"}],"wp:term":[{"taxonomy":"product_brand","embeddable":true,"href":"https:\/\/planeto.be\/fr\/wp-json\/wp\/v2\/product_brand?post=3677"},{"taxonomy":"product_cat","embeddable":true,"href":"https:\/\/planeto.be\/fr\/wp-json\/wp\/v2\/product_cat?post=3677"},{"taxonomy":"product_tag","embeddable":true,"href":"https:\/\/planeto.be\/fr\/wp-json\/wp\/v2\/product_tag?post=3677"}],"curies":[{"name":"wp","href":"https:\/\/api.w.org\/{rel}","templated":true}]}}