{"id":3617,"date":"2026-02-04T10:40:36","date_gmt":"2026-02-04T10:40:36","guid":{"rendered":"https:\/\/planeto.be\/product\/3d-wandklok-modern-xxl-100-cm-zilverkleurig\/"},"modified":"2026-02-10T08:12:06","modified_gmt":"2026-02-10T08:12:06","slug":"3d-wandklok-modern-xxl-100-cm-zilverkleurig","status":"publish","type":"product","link":"https:\/\/planeto.be\/fr\/produit\/3d-wandklok-modern-xxl-100-cm-zilverkleurig\/","title":{"rendered":"Planeto Horloge murale 3D moderne XXL 100 cm couleur argent"},"content":{"rendered":"<p>Cette horloge murale 3D extra-large est un excellent compl\u00e9ment \u00e0 votre int\u00e9rieur !<\/p>\n<\/p>\n<p>L'horloge pr\u00e9sente un effet 3D et sera la pi\u00e8ce ma\u00eetresse de votre int\u00e9rieur. Il s'agit \u00e9galement d'un article \u00e0 monter soi-m\u00eame, ce qui signifie que vous pouvez d\u00e9cider de la taille de l'horloge en fonction de vos besoins et de vos pr\u00e9f\u00e9rences. L'horloge a un aspect brillant qui ajoute \u00e0 son design attrayant. L'horloge donne \u00e0 votre int\u00e9rieur un aspect soign\u00e9 et ordonn\u00e9. L'installation est facile.<\/p>\n<ul>\n<li>Couleur : argent<\/li>\n<li>Mat\u00e9riau : EVA (\u00e9thyl\u00e8ne-ac\u00e9tate de vinyle)<\/li>\n<li>Diam\u00e8tre total (assembl\u00e9) : 100 cm<\/li>\n<li>Longueur de l'aiguille des heures : 23,5 cm<\/li>\n<li>Longueur de l'aiguille des minutes : 31,5 cm<\/li>\n<li>N\u00e9cessite 1 pile AA (non incluse)<\/li>\n<\/ul>\n<p> <a title=\"https:\/\/vdxl.im\/8720286137765_doc_en_1.pdf?t=1732607412\" href=\"https:\/\/vdxl.im\/8720286137765_doc_en_1.pdf?t=1732607412\" target=\"_blank\">GPSR<\/a><\/p>","protected":false},"excerpt":{"rendered":"<ul>\n<li>Couleur : argent<\/li>\n<li>Mat\u00e9riau : EVA (\u00e9thyl\u00e8ne-ac\u00e9tate de vinyle)<\/li>\n<li>Diam\u00e8tre total (assembl\u00e9) : 100 cm<\/li>\n<li>Longueur de l'aiguille des heures : 23,5 cm<\/li>\n<li>Longueur de l'aiguille des minutes : 31,5 cm<\/li>\n<li>N\u00e9cessite 1 pile AA (non incluse)<\/li>\n<\/ul>","protected":false},"featured_media":3616,"comment_status":"open","ping_status":"closed","template":"","meta":[],"product_brand":[],"product_cat":[1355,57],"product_tag":[1100,1099,1083,1091,1101],"class_list":{"0":"post-3617","1":"product","2":"type-product","3":"status-publish","4":"has-post-thumbnail","6":"product_cat-decoratie","7":"product_cat-wandklokken","8":"product_tag-100cm","9":"product_tag-modern","10":"product_tag-wandklok","11":"product_tag-xxl","12":"product_tag-zilverkleurig","14":"first","15":"instock","16":"shipping-taxable","17":"purchasable","18":"product-type-simple"},"_links":{"self":[{"href":"https:\/\/planeto.be\/fr\/wp-json\/wp\/v2\/product\/3617","targetHints":{"allow":["GET"]}}],"collection":[{"href":"https:\/\/planeto.be\/fr\/wp-json\/wp\/v2\/product"}],"about":[{"href":"https:\/\/planeto.be\/fr\/wp-json\/wp\/v2\/types\/product"}],"replies":[{"embeddable":true,"href":"https:\/\/planeto.be\/fr\/wp-json\/wp\/v2\/comments?post=3617"}],"version-history":[{"count":1,"href":"https:\/\/planeto.be\/fr\/wp-json\/wp\/v2\/product\/3617\/revisions"}],"predecessor-version":[{"id":7934,"href":"https:\/\/planeto.be\/fr\/wp-json\/wp\/v2\/product\/3617\/revisions\/7934"}],"wp:featuredmedia":[{"embeddable":true,"href":"https:\/\/planeto.be\/fr\/wp-json\/wp\/v2\/media\/3616"}],"wp:attachment":[{"href":"https:\/\/planeto.be\/fr\/wp-json\/wp\/v2\/media?parent=3617"}],"wp:term":[{"taxonomy":"product_brand","embeddable":true,"href":"https:\/\/planeto.be\/fr\/wp-json\/wp\/v2\/product_brand?post=3617"},{"taxonomy":"product_cat","embeddable":true,"href":"https:\/\/planeto.be\/fr\/wp-json\/wp\/v2\/product_cat?post=3617"},{"taxonomy":"product_tag","embeddable":true,"href":"https:\/\/planeto.be\/fr\/wp-json\/wp\/v2\/product_tag?post=3617"}],"curies":[{"name":"wp","href":"https:\/\/api.w.org\/{rel}","templated":true}]}}