{"id":3605,"date":"2026-02-04T10:40:31","date_gmt":"2026-02-04T10:40:31","guid":{"rendered":"https:\/\/planeto.be\/product\/3d-wandklok-modern-xxl-100-cm-zwart-en-wit\/"},"modified":"2026-02-10T08:12:06","modified_gmt":"2026-02-10T08:12:06","slug":"3d-wandklok-modern-xxl-100-cm-zwart-en-wit","status":"publish","type":"product","link":"https:\/\/planeto.be\/fr\/produit\/3d-wandklok-modern-xxl-100-cm-zwart-en-wit\/","title":{"rendered":"Planeto Horloge murale 3D moderne XXL 100 cm noir et blanc"},"content":{"rendered":"<p>Cette horloge murale 3D extra-large est un excellent compl\u00e9ment \u00e0 votre int\u00e9rieur !<\/p>\n<\/p>\n<p>L'horloge pr\u00e9sente un effet 3D et sera la pi\u00e8ce ma\u00eetresse de votre int\u00e9rieur. Il s'agit \u00e9galement d'un article de bricolage, ce qui signifie que vous pouvez d\u00e9cider de la taille de l'horloge en fonction de vos besoins et de vos pr\u00e9f\u00e9rences. L'horloge donne \u00e0 votre int\u00e9rieur un aspect soign\u00e9 et ordonn\u00e9. L'installation est facile.<\/p>\n<ul>\n<li>Couleur : noir et blanc<\/li>\n<li>Mat\u00e9riau : EVA (\u00e9thyl\u00e8ne-ac\u00e9tate de vinyle)<\/li>\n<li>Diam\u00e8tre total (assembl\u00e9) : 100 cm<\/li>\n<li>Longueur de l'aiguille des heures : 23,5 cm<\/li>\n<li>Longueur de l'aiguille des minutes : 31,5 cm<\/li>\n<li>N\u00e9cessite 1 pile AA (non incluse)<\/li>\n<\/ul>","protected":false},"excerpt":{"rendered":"<ul>\n<li>Couleur : noir et blanc<\/li>\n<li>Mat\u00e9riau : EVA (\u00e9thyl\u00e8ne-ac\u00e9tate de vinyle)<\/li>\n<li>Diam\u00e8tre total (assembl\u00e9) : 100 cm<\/li>\n<li>Longueur de l'aiguille des heures : 23,5 cm<\/li>\n<li>Longueur de l'aiguille des minutes : 31,5 cm<\/li>\n<li>N\u00e9cessite 1 pile AA (non incluse)<\/li>\n<\/ul>","protected":false},"featured_media":3604,"comment_status":"open","ping_status":"closed","template":"","meta":[],"product_brand":[],"product_cat":[1355,57],"product_tag":[1100,1099,1083,982,1091,980],"class_list":{"0":"post-3605","1":"product","2":"type-product","3":"status-publish","4":"has-post-thumbnail","6":"product_cat-decoratie","7":"product_cat-wandklokken","8":"product_tag-100cm","9":"product_tag-modern","10":"product_tag-wandklok","11":"product_tag-wit","12":"product_tag-xxl","13":"product_tag-zwart","15":"first","16":"instock","17":"shipping-taxable","18":"purchasable","19":"product-type-simple"},"_links":{"self":[{"href":"https:\/\/planeto.be\/fr\/wp-json\/wp\/v2\/product\/3605","targetHints":{"allow":["GET"]}}],"collection":[{"href":"https:\/\/planeto.be\/fr\/wp-json\/wp\/v2\/product"}],"about":[{"href":"https:\/\/planeto.be\/fr\/wp-json\/wp\/v2\/types\/product"}],"replies":[{"embeddable":true,"href":"https:\/\/planeto.be\/fr\/wp-json\/wp\/v2\/comments?post=3605"}],"version-history":[{"count":1,"href":"https:\/\/planeto.be\/fr\/wp-json\/wp\/v2\/product\/3605\/revisions"}],"predecessor-version":[{"id":7932,"href":"https:\/\/planeto.be\/fr\/wp-json\/wp\/v2\/product\/3605\/revisions\/7932"}],"wp:featuredmedia":[{"embeddable":true,"href":"https:\/\/planeto.be\/fr\/wp-json\/wp\/v2\/media\/3604"}],"wp:attachment":[{"href":"https:\/\/planeto.be\/fr\/wp-json\/wp\/v2\/media?parent=3605"}],"wp:term":[{"taxonomy":"product_brand","embeddable":true,"href":"https:\/\/planeto.be\/fr\/wp-json\/wp\/v2\/product_brand?post=3605"},{"taxonomy":"product_cat","embeddable":true,"href":"https:\/\/planeto.be\/fr\/wp-json\/wp\/v2\/product_cat?post=3605"},{"taxonomy":"product_tag","embeddable":true,"href":"https:\/\/planeto.be\/fr\/wp-json\/wp\/v2\/product_tag?post=3605"}],"curies":[{"name":"wp","href":"https:\/\/api.w.org\/{rel}","templated":true}]}}