{"id":3598,"date":"2026-02-04T10:40:29","date_gmt":"2026-02-04T10:40:29","guid":{"rendered":"https:\/\/planeto.be\/product\/wandklok-58-cm-metaal-rood\/"},"modified":"2026-02-10T08:12:06","modified_gmt":"2026-02-10T08:12:06","slug":"wandklok-58-cm-metaal-rood","status":"publish","type":"product","link":"https:\/\/planeto.be\/fr\/produit\/wandklok-58-cm-metaal-rood\/","title":{"rendered":"Planeto Horloge murale 58 cm m\u00e9tal rouge"},"content":{"rendered":"<p>Notre magnifique horloge murale en m\u00e9tal attirera tous les regards dans votre maison ! Les chiffres romains font de cette horloge murale une pi\u00e8ce \u00e9tonnante et un excellent compl\u00e9ment \u00e0 votre d\u00e9coration.<\/p>\n<\/p>\n<p>L'horloge est fabriqu\u00e9e en m\u00e9tal robuste, ce qui la rend tr\u00e8s r\u00e9sistante. L'horloge est tr\u00e8s pr\u00e9cise car elle est \u00e9quip\u00e9e d'un mouvement \u00e0 quartz. Le grand cadran et les chiffres romains clairs facilitent la lecture de l'heure, m\u00eame de loin. Elle peut \u00eatre facilement accroch\u00e9e au mur.<\/p>\n<ul>\n<li>Couleur : rouge et noir<\/li>\n<li>Mat\u00e9riau : m\u00e9tal<\/li>\n<li>Diam\u00e8tre : 58 cm<\/li>\n<li>Avec chiffres romains<\/li>\n<li>N\u00e9cessite 1 pile AA (non incluse)<\/li>\n<\/ul>","protected":false},"excerpt":{"rendered":"<ul>\n<li>Couleur : rouge et noir<\/li>\n<li>Mat\u00e9riau : m\u00e9tal<\/li>\n<li>Diam\u00e8tre : 58 cm<\/li>\n<li>Avec chiffres romains<\/li>\n<li>N\u00e9cessite 1 pile AA (non incluse)<\/li>\n<\/ul>","protected":false},"featured_media":3597,"comment_status":"open","ping_status":"closed","template":"","meta":[],"product_brand":[],"product_cat":[1355,57],"product_tag":[1096,1084,1098,1083],"class_list":{"0":"post-3598","1":"product","2":"type-product","3":"status-publish","4":"has-post-thumbnail","6":"product_cat-decoratie","7":"product_cat-wandklokken","8":"product_tag-58cm","9":"product_tag-metaal","10":"product_tag-rood","11":"product_tag-wandklok","13":"first","14":"instock","15":"shipping-taxable","16":"purchasable","17":"product-type-simple"},"_links":{"self":[{"href":"https:\/\/planeto.be\/fr\/wp-json\/wp\/v2\/product\/3598","targetHints":{"allow":["GET"]}}],"collection":[{"href":"https:\/\/planeto.be\/fr\/wp-json\/wp\/v2\/product"}],"about":[{"href":"https:\/\/planeto.be\/fr\/wp-json\/wp\/v2\/types\/product"}],"replies":[{"embeddable":true,"href":"https:\/\/planeto.be\/fr\/wp-json\/wp\/v2\/comments?post=3598"}],"version-history":[{"count":1,"href":"https:\/\/planeto.be\/fr\/wp-json\/wp\/v2\/product\/3598\/revisions"}],"predecessor-version":[{"id":7931,"href":"https:\/\/planeto.be\/fr\/wp-json\/wp\/v2\/product\/3598\/revisions\/7931"}],"wp:featuredmedia":[{"embeddable":true,"href":"https:\/\/planeto.be\/fr\/wp-json\/wp\/v2\/media\/3597"}],"wp:attachment":[{"href":"https:\/\/planeto.be\/fr\/wp-json\/wp\/v2\/media?parent=3598"}],"wp:term":[{"taxonomy":"product_brand","embeddable":true,"href":"https:\/\/planeto.be\/fr\/wp-json\/wp\/v2\/product_brand?post=3598"},{"taxonomy":"product_cat","embeddable":true,"href":"https:\/\/planeto.be\/fr\/wp-json\/wp\/v2\/product_cat?post=3598"},{"taxonomy":"product_tag","embeddable":true,"href":"https:\/\/planeto.be\/fr\/wp-json\/wp\/v2\/product_tag?post=3598"}],"curies":[{"name":"wp","href":"https:\/\/api.w.org\/{rel}","templated":true}]}}