{"id":3575,"date":"2026-02-04T10:40:19","date_gmt":"2026-02-04T10:40:19","guid":{"rendered":"https:\/\/planeto.be\/product\/wandklok-58-cm-metaal-goudkleurig-en-zwart\/"},"modified":"2026-02-10T08:12:06","modified_gmt":"2026-02-10T08:12:06","slug":"wandklok-58-cm-metaal-goudkleurig-en-zwart","status":"publish","type":"product","link":"https:\/\/planeto.be\/fr\/produit\/wandklok-58-cm-metaal-goudkleurig-en-zwart\/","title":{"rendered":"Planeto Horloge murale 58 cm m\u00e9tal or et noir"},"content":{"rendered":"<p>Notre magnifique horloge murale en m\u00e9tal dor\u00e9 attirera tous les regards dans votre maison ! Le design de l'engrenage fait de cette horloge murale une pi\u00e8ce d'horlogerie \u00e9tonnante et un compl\u00e9ment id\u00e9al \u00e0 votre d\u00e9coration.<\/p>\n<\/p>\n<p>L'horloge est fabriqu\u00e9e en m\u00e9tal et en MDF, ce qui la rend tr\u00e8s durable. L'horloge est tr\u00e8s pr\u00e9cise car elle est \u00e9quip\u00e9e d'un mouvement \u00e0 quartz. Le grand cadran et les chiffres clairs facilitent la lecture de l'heure, m\u00eame de loin. Elle peut \u00eatre facilement accroch\u00e9e au mur.<\/p>\n<ul>\n<li>Couleur : or et noir<\/li>\n<li>Mat\u00e9riau : m\u00e9tal et MDF<\/li>\n<li>Diam\u00e8tre : 58 cm<\/li>\n<li>Avec une conception unique de l'engrenage<\/li>\n<li>N\u00e9cessite 1 pile AA (non incluse)<\/li>\n<\/ul>","protected":false},"excerpt":{"rendered":"<ul>\n<li>Couleur : or et noir<\/li>\n<li>Mat\u00e9riau : m\u00e9tal et MDF<\/li>\n<li>Diam\u00e8tre : 58 cm<\/li>\n<li>Avec une conception unique de l'engrenage<\/li>\n<li>N\u00e9cessite 1 pile AA (non incluse)<\/li>\n<\/ul>","protected":false},"featured_media":3574,"comment_status":"open","ping_status":"closed","template":"","meta":[],"product_brand":[],"product_cat":[1355,57],"product_tag":[1096,1085,1084,1083,980],"class_list":{"0":"post-3575","1":"product","2":"type-product","3":"status-publish","4":"has-post-thumbnail","6":"product_cat-decoratie","7":"product_cat-wandklokken","8":"product_tag-58cm","9":"product_tag-goudkleurig","10":"product_tag-metaal","11":"product_tag-wandklok","12":"product_tag-zwart","14":"first","15":"instock","16":"shipping-taxable","17":"purchasable","18":"product-type-simple"},"_links":{"self":[{"href":"https:\/\/planeto.be\/fr\/wp-json\/wp\/v2\/product\/3575","targetHints":{"allow":["GET"]}}],"collection":[{"href":"https:\/\/planeto.be\/fr\/wp-json\/wp\/v2\/product"}],"about":[{"href":"https:\/\/planeto.be\/fr\/wp-json\/wp\/v2\/types\/product"}],"replies":[{"embeddable":true,"href":"https:\/\/planeto.be\/fr\/wp-json\/wp\/v2\/comments?post=3575"}],"version-history":[{"count":1,"href":"https:\/\/planeto.be\/fr\/wp-json\/wp\/v2\/product\/3575\/revisions"}],"predecessor-version":[{"id":7928,"href":"https:\/\/planeto.be\/fr\/wp-json\/wp\/v2\/product\/3575\/revisions\/7928"}],"wp:featuredmedia":[{"embeddable":true,"href":"https:\/\/planeto.be\/fr\/wp-json\/wp\/v2\/media\/3574"}],"wp:attachment":[{"href":"https:\/\/planeto.be\/fr\/wp-json\/wp\/v2\/media?parent=3575"}],"wp:term":[{"taxonomy":"product_brand","embeddable":true,"href":"https:\/\/planeto.be\/fr\/wp-json\/wp\/v2\/product_brand?post=3575"},{"taxonomy":"product_cat","embeddable":true,"href":"https:\/\/planeto.be\/fr\/wp-json\/wp\/v2\/product_cat?post=3575"},{"taxonomy":"product_tag","embeddable":true,"href":"https:\/\/planeto.be\/fr\/wp-json\/wp\/v2\/product_tag?post=3575"}],"curies":[{"name":"wp","href":"https:\/\/api.w.org\/{rel}","templated":true}]}}