{"id":3560,"date":"2026-02-04T10:40:12","date_gmt":"2026-02-04T10:40:12","guid":{"rendered":"https:\/\/planeto.be\/product\/wandklok-43-cm-metaal-zwart\/"},"modified":"2026-02-10T08:12:06","modified_gmt":"2026-02-10T08:12:06","slug":"wandklok-43-cm-metaal-zwart","status":"publish","type":"product","link":"https:\/\/planeto.be\/fr\/produit\/wandklok-43-cm-metaal-zwart\/","title":{"rendered":"Planeto Horloge murale 43 cm m\u00e9tal noir"},"content":{"rendered":"<p>Notre magnifique horloge murale en m\u00e9tal attirera tous les regards dans votre maison ! Les magnifiques d\u00e9tails en cristal font de cette horloge murale une pi\u00e8ce d'horlogerie \u00e9blouissante et un compl\u00e9ment id\u00e9al \u00e0 votre d\u00e9coration.<\/p>\n<\/p>\n<p>L'horloge est fabriqu\u00e9e en m\u00e9tal robuste, ce qui la rend tr\u00e8s r\u00e9sistante. L'horloge est tr\u00e8s pr\u00e9cise car elle est \u00e9quip\u00e9e d'un mouvement \u00e0 quartz. Le grand cadran et les chiffres clairs facilitent la lecture de l'heure, m\u00eame de loin. Elle peut \u00eatre facilement accroch\u00e9e au mur.<\/p>\n<ul>\n<li>Couleur : noir et blanc<\/li>\n<li>Mat\u00e9riau : m\u00e9tal<\/li>\n<li>Diam\u00e8tre : 43 cm<\/li>\n<li>Avec des perles de cristal brillantes<\/li>\n<li>N\u00e9cessite 1 pile AA (non incluse)<\/li>\n<\/ul>","protected":false},"excerpt":{"rendered":"<ul>\n<li>Couleur : noir et blanc<\/li>\n<li>Mat\u00e9riau : m\u00e9tal<\/li>\n<li>Diam\u00e8tre : 43 cm<\/li>\n<li>Avec des perles de cristal brillantes<\/li>\n<li>N\u00e9cessite 1 pile AA (non incluse)<\/li>\n<\/ul>","protected":false},"featured_media":3559,"comment_status":"open","ping_status":"closed","template":"","meta":[],"product_brand":[],"product_cat":[1355,57],"product_tag":[1094,1084,1083,980],"class_list":{"0":"post-3560","1":"product","2":"type-product","3":"status-publish","4":"has-post-thumbnail","6":"product_cat-decoratie","7":"product_cat-wandklokken","8":"product_tag-43cm","9":"product_tag-metaal","10":"product_tag-wandklok","11":"product_tag-zwart","13":"first","14":"instock","15":"shipping-taxable","16":"purchasable","17":"product-type-simple"},"_links":{"self":[{"href":"https:\/\/planeto.be\/fr\/wp-json\/wp\/v2\/product\/3560","targetHints":{"allow":["GET"]}}],"collection":[{"href":"https:\/\/planeto.be\/fr\/wp-json\/wp\/v2\/product"}],"about":[{"href":"https:\/\/planeto.be\/fr\/wp-json\/wp\/v2\/types\/product"}],"replies":[{"embeddable":true,"href":"https:\/\/planeto.be\/fr\/wp-json\/wp\/v2\/comments?post=3560"}],"version-history":[{"count":1,"href":"https:\/\/planeto.be\/fr\/wp-json\/wp\/v2\/product\/3560\/revisions"}],"predecessor-version":[{"id":7926,"href":"https:\/\/planeto.be\/fr\/wp-json\/wp\/v2\/product\/3560\/revisions\/7926"}],"wp:featuredmedia":[{"embeddable":true,"href":"https:\/\/planeto.be\/fr\/wp-json\/wp\/v2\/media\/3559"}],"wp:attachment":[{"href":"https:\/\/planeto.be\/fr\/wp-json\/wp\/v2\/media?parent=3560"}],"wp:term":[{"taxonomy":"product_brand","embeddable":true,"href":"https:\/\/planeto.be\/fr\/wp-json\/wp\/v2\/product_brand?post=3560"},{"taxonomy":"product_cat","embeddable":true,"href":"https:\/\/planeto.be\/fr\/wp-json\/wp\/v2\/product_cat?post=3560"},{"taxonomy":"product_tag","embeddable":true,"href":"https:\/\/planeto.be\/fr\/wp-json\/wp\/v2\/product_tag?post=3560"}],"curies":[{"name":"wp","href":"https:\/\/api.w.org\/{rel}","templated":true}]}}