{"id":3546,"date":"2026-02-04T10:40:06","date_gmt":"2026-02-04T10:40:06","guid":{"rendered":"https:\/\/planeto.be\/product\/wandklok-vintage-stijl-quartz-mechanisme-xxl-60-cm-metaal\/"},"modified":"2026-02-10T08:12:06","modified_gmt":"2026-02-10T08:12:06","slug":"wandklok-vintage-stijl-quartz-mechanisme-xxl-60-cm-metaal","status":"publish","type":"product","link":"https:\/\/planeto.be\/fr\/produit\/wandklok-vintage-stijl-quartz-mechanisme-xxl-60-cm-metaal\/","title":{"rendered":"Planeto Horloge murale style vintage m\u00e9canisme \u00e0 quartz XXL 60 cm m\u00e9tal"},"content":{"rendered":"<p>Notre horloge murale de style antique sera un excellent compl\u00e9ment \u00e0 la d\u00e9coration de votre pi\u00e8ce !<\/p>\n<\/p>\n<p>L'horloge est fabriqu\u00e9e en m\u00e9tal robuste et en MDF et est tr\u00e8s durable. \u00c9quip\u00e9e de m\u00e9canismes \u00e0 quartz de haute qualit\u00e9, l'horloge donne l'heure avec une grande pr\u00e9cision. Les chiffres romains ajoutent au style vintage de l'horloge. L'horloge peut \u00eatre facilement accroch\u00e9e au mur.<\/p>\n<ul>\n<li>Couleur : multicolore<\/li>\n<li>Mat\u00e9riau : m\u00e9tal et MDF<\/li>\n<li>Diam\u00e8tre total : 60 cm<\/li>\n<li>N\u00e9cessite 1 pile AA (non incluse)<\/li>\n<\/ul>","protected":false},"excerpt":{"rendered":"<ul>\n<li>Couleur : multicolore<\/li>\n<li>Mat\u00e9riau : m\u00e9tal et MDF<\/li>\n<li>Diam\u00e8tre total : 60 cm<\/li>\n<li>N\u00e9cessite 1 pile AA (non incluse)<\/li>\n<\/ul>","protected":false},"featured_media":3545,"comment_status":"open","ping_status":"closed","template":"","meta":[],"product_brand":[],"product_cat":[1355,57],"product_tag":[1092,1090,1084,1089,1088,1087,1083,1091],"class_list":{"0":"post-3546","1":"product","2":"type-product","3":"status-publish","4":"has-post-thumbnail","6":"product_cat-decoratie","7":"product_cat-wandklokken","8":"product_tag-60cm","9":"product_tag-mechanisme","10":"product_tag-metaal","11":"product_tag-quartz","12":"product_tag-stijl","13":"product_tag-vintage","14":"product_tag-wandklok","15":"product_tag-xxl","17":"first","18":"instock","19":"shipping-taxable","20":"purchasable","21":"product-type-simple"},"_links":{"self":[{"href":"https:\/\/planeto.be\/fr\/wp-json\/wp\/v2\/product\/3546","targetHints":{"allow":["GET"]}}],"collection":[{"href":"https:\/\/planeto.be\/fr\/wp-json\/wp\/v2\/product"}],"about":[{"href":"https:\/\/planeto.be\/fr\/wp-json\/wp\/v2\/types\/product"}],"replies":[{"embeddable":true,"href":"https:\/\/planeto.be\/fr\/wp-json\/wp\/v2\/comments?post=3546"}],"version-history":[{"count":1,"href":"https:\/\/planeto.be\/fr\/wp-json\/wp\/v2\/product\/3546\/revisions"}],"predecessor-version":[{"id":7924,"href":"https:\/\/planeto.be\/fr\/wp-json\/wp\/v2\/product\/3546\/revisions\/7924"}],"wp:featuredmedia":[{"embeddable":true,"href":"https:\/\/planeto.be\/fr\/wp-json\/wp\/v2\/media\/3545"}],"wp:attachment":[{"href":"https:\/\/planeto.be\/fr\/wp-json\/wp\/v2\/media?parent=3546"}],"wp:term":[{"taxonomy":"product_brand","embeddable":true,"href":"https:\/\/planeto.be\/fr\/wp-json\/wp\/v2\/product_brand?post=3546"},{"taxonomy":"product_cat","embeddable":true,"href":"https:\/\/planeto.be\/fr\/wp-json\/wp\/v2\/product_cat?post=3546"},{"taxonomy":"product_tag","embeddable":true,"href":"https:\/\/planeto.be\/fr\/wp-json\/wp\/v2\/product_tag?post=3546"}],"curies":[{"name":"wp","href":"https:\/\/api.w.org\/{rel}","templated":true}]}}