{"id":3538,"date":"2026-02-04T10:40:00","date_gmt":"2026-02-04T10:40:00","guid":{"rendered":"https:\/\/planeto.be\/product\/wandklok-70-cm-metaal-goudkleurig\/"},"modified":"2026-02-10T08:12:06","modified_gmt":"2026-02-10T08:12:06","slug":"wandklok-70-cm-metaal-goudkleurig","status":"publish","type":"product","link":"https:\/\/planeto.be\/fr\/produit\/wandklok-70-cm-metaal-goudkleurig\/","title":{"rendered":"Planeto Horloge murale 70 cm m\u00e9tal couleur or"},"content":{"rendered":"<p>Notre magnifique horloge murale en m\u00e9tal dor\u00e9 attirera tous les regards dans votre maison ! Les magnifiques d\u00e9tails en cristal font de cette horloge murale une pi\u00e8ce d'horlogerie \u00e9blouissante et un compl\u00e9ment id\u00e9al \u00e0 votre d\u00e9coration.<\/p>\n<\/p>\n<p>L'horloge est fabriqu\u00e9e en m\u00e9tal robuste, ce qui la rend tr\u00e8s r\u00e9sistante. L'horloge est tr\u00e8s pr\u00e9cise car elle est \u00e9quip\u00e9e d'un mouvement \u00e0 quartz. Le cadran dor\u00e9 et les chiffres clairs facilitent la lecture de l'heure, m\u00eame de loin. Elle peut \u00eatre facilement accroch\u00e9e au mur.<\/p>\n<ul>\n<li>Couleur : dor\u00e9<\/li>\n<li>Mat\u00e9riau : m\u00e9tal<\/li>\n<li>Diam\u00e8tre : 70 cm<\/li>\n<li>Avec des d\u00e9tails en cristal brillant<\/li>\n<li>N\u00e9cessite 1 pile AA (non incluse)<\/li>\n<\/ul>","protected":false},"excerpt":{"rendered":"<ul>\n<li>Couleur : dor\u00e9<\/li>\n<li>Mat\u00e9riau : m\u00e9tal<\/li>\n<li>Diam\u00e8tre : 70 cm<\/li>\n<li>Avec des d\u00e9tails en cristal brillant<\/li>\n<li>N\u00e9cessite 1 pile AA (non incluse)<\/li>\n<\/ul>","protected":false},"featured_media":3537,"comment_status":"open","ping_status":"closed","template":"","meta":[],"product_brand":[],"product_cat":[1355,57],"product_tag":[1086,1085,1084,1083],"class_list":{"0":"post-3538","1":"product","2":"type-product","3":"status-publish","4":"has-post-thumbnail","6":"product_cat-decoratie","7":"product_cat-wandklokken","8":"product_tag-70cm","9":"product_tag-goudkleurig","10":"product_tag-metaal","11":"product_tag-wandklok","13":"first","14":"instock","15":"shipping-taxable","16":"purchasable","17":"product-type-simple"},"_links":{"self":[{"href":"https:\/\/planeto.be\/fr\/wp-json\/wp\/v2\/product\/3538","targetHints":{"allow":["GET"]}}],"collection":[{"href":"https:\/\/planeto.be\/fr\/wp-json\/wp\/v2\/product"}],"about":[{"href":"https:\/\/planeto.be\/fr\/wp-json\/wp\/v2\/types\/product"}],"replies":[{"embeddable":true,"href":"https:\/\/planeto.be\/fr\/wp-json\/wp\/v2\/comments?post=3538"}],"version-history":[{"count":1,"href":"https:\/\/planeto.be\/fr\/wp-json\/wp\/v2\/product\/3538\/revisions"}],"predecessor-version":[{"id":7923,"href":"https:\/\/planeto.be\/fr\/wp-json\/wp\/v2\/product\/3538\/revisions\/7923"}],"wp:featuredmedia":[{"embeddable":true,"href":"https:\/\/planeto.be\/fr\/wp-json\/wp\/v2\/media\/3537"}],"wp:attachment":[{"href":"https:\/\/planeto.be\/fr\/wp-json\/wp\/v2\/media?parent=3538"}],"wp:term":[{"taxonomy":"product_brand","embeddable":true,"href":"https:\/\/planeto.be\/fr\/wp-json\/wp\/v2\/product_brand?post=3538"},{"taxonomy":"product_cat","embeddable":true,"href":"https:\/\/planeto.be\/fr\/wp-json\/wp\/v2\/product_cat?post=3538"},{"taxonomy":"product_tag","embeddable":true,"href":"https:\/\/planeto.be\/fr\/wp-json\/wp\/v2\/product_tag?post=3538"}],"curies":[{"name":"wp","href":"https:\/\/api.w.org\/{rel}","templated":true}]}}