{"id":3521,"date":"2026-02-03T11:29:05","date_gmt":"2026-02-03T11:29:05","guid":{"rendered":"https:\/\/planeto.be\/product\/schuifdeur-76x205-cm-aluminium-en-esg-glas-zwart\/"},"modified":"2026-02-10T08:10:52","modified_gmt":"2026-02-10T08:10:52","slug":"schuifdeur-76x205-cm-aluminium-en-esg-glas-zwart","status":"publish","type":"product","link":"https:\/\/planeto.be\/fr\/produit\/schuifdeur-76x205-cm-aluminium-en-esg-glas-zwart\/","title":{"rendered":"Planeto Porte coulissante 76\u00d7205 cm aluminium et verre ESG noir"},"content":{"rendered":"<p>Cr\u00e9ez une transition gracieuse d'une pi\u00e8ce \u00e0 l'autre avec cette porte coulissante en aluminium. Cette porte coulissante design est une solution parfaite pour une ouverture peu encombrante.<\/p>\n<\/p>\n<p>Cette porte coulissante est \u00e9quip\u00e9e d'un verre de s\u00e9curit\u00e9 de 5 mm d'\u00e9paisseur soutenu par un cadre en aluminium anticorrosion de 20 mm d'\u00e9paisseur, rev\u00eatu d'une peinture en poudre, ce qui lui conf\u00e8re une grande long\u00e9vit\u00e9. De plus, le panneau de verre est facile \u00e0 nettoyer et \u00e0 entretenir.<\/p>\n<\/p>\n<p>La porte ne peut \u00eatre mont\u00e9e qu'en combinaison avec des kits de ferrures pour portes coulissantes. Dans notre magasin (SKU : 145263), vous trouverez les kits de quincaillerie pour portes coulissantes assortis, qui doivent \u00eatre achet\u00e9s s\u00e9par\u00e9ment. Pour la m\u00e9thode d'installation, veuillez vous r\u00e9f\u00e9rer \u00e0 notre manuel d'installation pour la porte et les kits de quincaillerie pour portes coulissantes.<\/p>\n<ul>\n<li>Couleur : noir<\/li>\n<li>Mat\u00e9riau : aluminium et verre ESG<\/li>\n<li>Traitement de surface : rev\u00eatement en poudre<\/li>\n<li>Dimensions de la porte : 76 x 205 cm (L x H)<\/li>\n<li>Epaisseur de la porte : 20 mm<\/li>\n<li>Epaisseur du verre : 5 mm<\/li>\n<li>Antirouille<\/li>\n<li>Accessoires de montage inclus<\/li>\n<li>Rouleaux et guides non inclus<\/li>\n<li>Assemblage n\u00e9cessaire<\/li>\n<li><strong>La livraison comprend<\/strong><\/li>\n<li>1 x porte<\/li>\n<li>1 x butoir de porte<\/li>\n<\/ul>","protected":false},"excerpt":{"rendered":"<ul>\n<li>Couleur : noir<\/li>\n<li>Mat\u00e9riau : aluminium et verre ESG<\/li>\n<li>Traitement de surface : rev\u00eatement en poudre<\/li>\n<li>Dimensions de la porte : 76 x 205 cm (L x H)<\/li>\n<li>Epaisseur de la porte : 20 mm<\/li>\n<li>Epaisseur du verre : 5 mm<\/li>\n<li>Antirouille<\/li>\n<li>Accessoires de montage inclus<\/li>\n<li>Rouleaux et guides non inclus<\/li>\n<li>Assemblage n\u00e9cessaire<\/li>\n<li><strong>La livraison comprend<\/strong><\/li>\n<li>1 x porte<\/li>\n<li>1 x butoir de porte<\/li>\n<\/ul>","protected":false},"featured_media":3520,"comment_status":"open","ping_status":"closed","template":"","meta":[],"product_brand":[],"product_cat":[1353,55],"product_tag":[1080,1005,1078,1079,1077,980],"class_list":{"0":"post-3521","1":"product","2":"type-product","3":"status-publish","4":"has-post-thumbnail","6":"product_cat-badkamer","7":"product_cat-voordeuren","8":"product_tag-76x205","9":"product_tag-aluminium","10":"product_tag-esg","11":"product_tag-glas","12":"product_tag-schuifdeur","13":"product_tag-zwart","15":"first","16":"instock","17":"shipping-taxable","18":"purchasable","19":"product-type-simple"},"_links":{"self":[{"href":"https:\/\/planeto.be\/fr\/wp-json\/wp\/v2\/product\/3521","targetHints":{"allow":["GET"]}}],"collection":[{"href":"https:\/\/planeto.be\/fr\/wp-json\/wp\/v2\/product"}],"about":[{"href":"https:\/\/planeto.be\/fr\/wp-json\/wp\/v2\/types\/product"}],"replies":[{"embeddable":true,"href":"https:\/\/planeto.be\/fr\/wp-json\/wp\/v2\/comments?post=3521"}],"version-history":[{"count":1,"href":"https:\/\/planeto.be\/fr\/wp-json\/wp\/v2\/product\/3521\/revisions"}],"predecessor-version":[{"id":7921,"href":"https:\/\/planeto.be\/fr\/wp-json\/wp\/v2\/product\/3521\/revisions\/7921"}],"wp:featuredmedia":[{"embeddable":true,"href":"https:\/\/planeto.be\/fr\/wp-json\/wp\/v2\/media\/3520"}],"wp:attachment":[{"href":"https:\/\/planeto.be\/fr\/wp-json\/wp\/v2\/media?parent=3521"}],"wp:term":[{"taxonomy":"product_brand","embeddable":true,"href":"https:\/\/planeto.be\/fr\/wp-json\/wp\/v2\/product_brand?post=3521"},{"taxonomy":"product_cat","embeddable":true,"href":"https:\/\/planeto.be\/fr\/wp-json\/wp\/v2\/product_cat?post=3521"},{"taxonomy":"product_tag","embeddable":true,"href":"https:\/\/planeto.be\/fr\/wp-json\/wp\/v2\/product_tag?post=3521"}],"curies":[{"name":"wp","href":"https:\/\/api.w.org\/{rel}","templated":true}]}}