{"id":3514,"date":"2026-02-03T11:26:52","date_gmt":"2026-02-03T11:26:52","guid":{"rendered":"https:\/\/planeto.be\/product\/tapijt-rond-210-cm-gevlochten-jute\/"},"modified":"2026-02-10T08:11:55","modified_gmt":"2026-02-10T08:11:55","slug":"tapijt-rond-210-cm-gevlochten-jute","status":"publish","type":"product","link":"https:\/\/planeto.be\/fr\/produit\/tapijt-rond-210-cm-gevlochten-jute\/","title":{"rendered":"Planeto Carpet round 210 cm jute tress\u00e9"},"content":{"rendered":"<p>Ajoutez une touche naturelle \u00e0 votre int\u00e9rieur avec ce tapis de jute tress\u00e9 ! C'est le choix id\u00e9al pour d\u00e9corer votre pi\u00e8ce tout en prot\u00e9geant vos sols.<\/p>\n<\/p>\n<ul>\n<li>Mat\u00e9riau de haute qualit\u00e9 : le tapis est fabriqu\u00e9 en jute 100%. Le jute est un mat\u00e9riau tr\u00e8s durable et naturellement r\u00e9sistant qui n\u00e9cessite peu d'entretien.<\/li>\n<li>Look tendance : le tapis rond est tiss\u00e9 \u00e0 la main par des artisans qualifi\u00e9s avec un savoir-faire exceptionnel, et gr\u00e2ce \u00e0 sa texture attrayante, le tapis s'int\u00e8gre parfaitement \u00e0 votre int\u00e9rieur.<\/li>\n<li>Tapis polyvalent : le tapis est suffisamment polyvalent pour \u00eatre utilis\u00e9 seul ou associ\u00e9 \u00e0 d'autres tapis. C'est le tapis id\u00e9al pour relooker votre salon, votre chambre ou votre entr\u00e9e.<\/li>\n<\/ul>\n<p>Remarque :<\/p>\n<ul>\n<li>Le jute est un produit naturel dont la couleur peut varier en fonction du lot, de la saison, de l'usine et du pays.<\/li>\n<li>Chaque tapis est unique ; des variations de couleur et de dessin peuvent se produire car chaque produit est fabriqu\u00e9 \u00e0 la main. La livraison est al\u00e9atoire, ce qui garantit l'exclusivit\u00e9 et l'individualit\u00e9 de votre produit.<\/li>\n<li>Le tapis est emball\u00e9 pour faciliter le transport. Laissez au produit le temps de se redresser et de s'aplanir.<\/li>\n<\/ul>\n<p>Avertissement :<\/p>\n<ul>\n<li>Ne pas laver, blanchir, s\u00e9cher au s\u00e8che-linge ou repasser.<\/li>\n<\/ul>\n<ul>\n<li>Mat\u00e9riau : jute tress\u00e9<\/li>\n<li>Diam\u00e8tre : 210 cm<\/li>\n<li>Dans un ton naturel de jute<\/li>\n<li>Solide, r\u00e9sistant et durable<\/li>\n<li>Texture attrayante<\/li>\n<li>Fait \u00e0 la main<\/li>\n<li>Aucun assemblage n'est n\u00e9cessaire<\/li>\n<\/ul>","protected":false},"excerpt":{"rendered":"<ul>\n<li>Mat\u00e9riau : jute tress\u00e9<\/li>\n<li>Diam\u00e8tre : 210 cm<\/li>\n<li>Dans un ton naturel de jute<\/li>\n<li>Solide, r\u00e9sistant et durable<\/li>\n<li>Texture attrayante<\/li>\n<li>Fait \u00e0 la main<\/li>\n<li>Aucun assemblage n'est n\u00e9cessaire<\/li>\n<\/ul>","protected":false},"featured_media":3513,"comment_status":"open","ping_status":"closed","template":"","meta":[],"product_brand":[],"product_cat":[1355,392],"product_tag":[1076,1030,411,1008,394],"class_list":{"0":"post-3514","1":"product","2":"type-product","3":"status-publish","4":"has-post-thumbnail","6":"product_cat-decoratie","7":"product_cat-vloerkleden","8":"product_tag-210cm","9":"product_tag-gevlochten","10":"product_tag-jute","11":"product_tag-rond","12":"product_tag-tapijt","14":"first","15":"instock","16":"shipping-taxable","17":"purchasable","18":"product-type-simple"},"_links":{"self":[{"href":"https:\/\/planeto.be\/fr\/wp-json\/wp\/v2\/product\/3514","targetHints":{"allow":["GET"]}}],"collection":[{"href":"https:\/\/planeto.be\/fr\/wp-json\/wp\/v2\/product"}],"about":[{"href":"https:\/\/planeto.be\/fr\/wp-json\/wp\/v2\/types\/product"}],"replies":[{"embeddable":true,"href":"https:\/\/planeto.be\/fr\/wp-json\/wp\/v2\/comments?post=3514"}],"version-history":[{"count":2,"href":"https:\/\/planeto.be\/fr\/wp-json\/wp\/v2\/product\/3514\/revisions"}],"predecessor-version":[{"id":7920,"href":"https:\/\/planeto.be\/fr\/wp-json\/wp\/v2\/product\/3514\/revisions\/7920"}],"wp:featuredmedia":[{"embeddable":true,"href":"https:\/\/planeto.be\/fr\/wp-json\/wp\/v2\/media\/3513"}],"wp:attachment":[{"href":"https:\/\/planeto.be\/fr\/wp-json\/wp\/v2\/media?parent=3514"}],"wp:term":[{"taxonomy":"product_brand","embeddable":true,"href":"https:\/\/planeto.be\/fr\/wp-json\/wp\/v2\/product_brand?post=3514"},{"taxonomy":"product_cat","embeddable":true,"href":"https:\/\/planeto.be\/fr\/wp-json\/wp\/v2\/product_cat?post=3514"},{"taxonomy":"product_tag","embeddable":true,"href":"https:\/\/planeto.be\/fr\/wp-json\/wp\/v2\/product_tag?post=3514"}],"curies":[{"name":"wp","href":"https:\/\/api.w.org\/{rel}","templated":true}]}}