{"id":3501,"date":"2026-02-03T11:26:47","date_gmt":"2026-02-03T11:26:47","guid":{"rendered":"https:\/\/planeto.be\/product\/vloerkleed-met-latex-onderkant-200x300-cm-jute\/"},"modified":"2026-02-10T08:11:55","modified_gmt":"2026-02-10T08:11:55","slug":"vloerkleed-met-latex-onderkant-200x300-cm-jute","status":"publish","type":"product","link":"https:\/\/planeto.be\/fr\/produit\/vloerkleed-met-latex-onderkant-200x300-cm-jute\/","title":{"rendered":"Planeto Tapis avec fond en latex 200\u00d7300 cm jute"},"content":{"rendered":"<p>Donnez une touche naturelle \u00e0 votre int\u00e9rieur avec ce tapis en jute tress\u00e9 ! Gr\u00e2ce au support en latex naturel, le tapis est antistatique et antid\u00e9rapant.<\/p>\n<\/p>\n<ul>\n<li>Mat\u00e9riau durable : le tapis est fabriqu\u00e9 en jute 100%. Le jute est un mat\u00e9riau tr\u00e8s durable et naturellement r\u00e9sistant.<\/li>\n<li>Conception antid\u00e9rapante : le tapis est dot\u00e9 d'un dessous en latex qui permet de le maintenir en place pour une plus grande s\u00e9curit\u00e9.<\/li>\n<li>Tapis polyvalent : le tapis est suffisamment polyvalent pour \u00eatre utilis\u00e9 seul ou associ\u00e9 \u00e0 d'autres tapis. C'est le tapis id\u00e9al pour relooker votre salon, votre chambre ou votre entr\u00e9e.<\/li>\n<\/ul>\n<p>Remarque :<\/p>\n<ul>\n<li>Les tapis sont pli\u00e9s dans une bo\u00eete pour faciliter le transport. Laissez au produit le temps de se redresser et de s'aplatir.<\/li>\n<\/ul>\n<ul>\n<li>Mati\u00e8re : jute 100%<\/li>\n<li>Dimensions : 200 x 300 cm (L x L)<\/li>\n<li>Tiss\u00e9 \u00e0 la machine<\/li>\n<li>Fond en latex naturel<\/li>\n<li>Anti-statique<\/li>\n<li>Support antid\u00e9rapant<\/li>\n<li>Fibres de jute naturelles et durables<\/li>\n<li>Aucun assemblage n'est n\u00e9cessaire<\/li>\n<\/ul>","protected":false},"excerpt":{"rendered":"<ul>\n<li>Mati\u00e8re : jute 100%<\/li>\n<li>Dimensions : 200 x 300 cm (L x L)<\/li>\n<li>Tiss\u00e9 \u00e0 la machine<\/li>\n<li>Fond en latex naturel<\/li>\n<li>Anti-statique<\/li>\n<li>Support antid\u00e9rapant<\/li>\n<li>Fibres de jute naturelles et durables<\/li>\n<li>Aucun assemblage n'est n\u00e9cessaire<\/li>\n<\/ul>","protected":false},"featured_media":3500,"comment_status":"open","ping_status":"closed","template":"","meta":[],"product_brand":[],"product_cat":[1355,392],"product_tag":[1074,411,1065,1066,397],"class_list":{"0":"post-3501","1":"product","2":"type-product","3":"status-publish","4":"has-post-thumbnail","6":"product_cat-decoratie","7":"product_cat-vloerkleden","8":"product_tag-200x300","9":"product_tag-jute","10":"product_tag-latex","11":"product_tag-onderkant","12":"product_tag-vloerkleed","14":"first","15":"outofstock","16":"shipping-taxable","17":"purchasable","18":"product-type-simple"},"_links":{"self":[{"href":"https:\/\/planeto.be\/fr\/wp-json\/wp\/v2\/product\/3501","targetHints":{"allow":["GET"]}}],"collection":[{"href":"https:\/\/planeto.be\/fr\/wp-json\/wp\/v2\/product"}],"about":[{"href":"https:\/\/planeto.be\/fr\/wp-json\/wp\/v2\/types\/product"}],"replies":[{"embeddable":true,"href":"https:\/\/planeto.be\/fr\/wp-json\/wp\/v2\/comments?post=3501"}],"version-history":[{"count":2,"href":"https:\/\/planeto.be\/fr\/wp-json\/wp\/v2\/product\/3501\/revisions"}],"predecessor-version":[{"id":7918,"href":"https:\/\/planeto.be\/fr\/wp-json\/wp\/v2\/product\/3501\/revisions\/7918"}],"wp:featuredmedia":[{"embeddable":true,"href":"https:\/\/planeto.be\/fr\/wp-json\/wp\/v2\/media\/3500"}],"wp:attachment":[{"href":"https:\/\/planeto.be\/fr\/wp-json\/wp\/v2\/media?parent=3501"}],"wp:term":[{"taxonomy":"product_brand","embeddable":true,"href":"https:\/\/planeto.be\/fr\/wp-json\/wp\/v2\/product_brand?post=3501"},{"taxonomy":"product_cat","embeddable":true,"href":"https:\/\/planeto.be\/fr\/wp-json\/wp\/v2\/product_cat?post=3501"},{"taxonomy":"product_tag","embeddable":true,"href":"https:\/\/planeto.be\/fr\/wp-json\/wp\/v2\/product_tag?post=3501"}],"curies":[{"name":"wp","href":"https:\/\/api.w.org\/{rel}","templated":true}]}}