{"id":3494,"date":"2026-02-03T11:26:44","date_gmt":"2026-02-03T11:26:44","guid":{"rendered":"https:\/\/planeto.be\/product\/tapijt-met-ontwerp-rond-150-cm-gevlochten-jute\/"},"modified":"2026-02-10T08:11:55","modified_gmt":"2026-02-10T08:11:55","slug":"tapijt-met-ontwerp-rond-150-cm-gevlochten-jute","status":"publish","type":"product","link":"https:\/\/planeto.be\/fr\/produit\/tapijt-met-ontwerp-rond-150-cm-gevlochten-jute\/","title":{"rendered":"Planeto Tapis avec design autour de 150 cm jute tress\u00e9"},"content":{"rendered":"<p>Ajoutez une touche naturelle \u00e0 votre int\u00e9rieur avec notre tapis en jute tress\u00e9 ! Le tapis rond est tiss\u00e9 \u00e0 la main par des artisans qualifi\u00e9s avec un savoir-faire exceptionnel. Avec sa texture attrayante et son design r\u00e9tro, le tapis s'int\u00e9grera parfaitement \u00e0 votre int\u00e9rieur.<\/p>\n<\/p>\n<p>Le jute est un mat\u00e9riau tr\u00e8s durable et naturellement solide qui n\u00e9cessite peu d'entretien. Veuillez noter que chaque tapis est unique ; des variations de couleur et de dessin peuvent se produire car le produit est fabriqu\u00e9 \u00e0 la main. La livraison est al\u00e9atoire, ce qui garantit l'exclusivit\u00e9 et l'individualit\u00e9 de votre produit.<\/p>\n<\/p>\n<p>Note importante : le tapis est emball\u00e9 pour faciliter le transport. Veuillez laisser au produit le temps de se redresser et de s'aplatir.<\/p>\n<ul>\n<li>Couleur : naturel<\/li>\n<li>Mat\u00e9riau : jute tress\u00e9 avec design<\/li>\n<li>Diam\u00e8tre : 150 cm<\/li>\n<li>Dans un ton naturel de jute<\/li>\n<li>Solide, r\u00e9sistant et durable<\/li>\n<li>Texture attrayante<\/li>\n<li>Fait \u00e0 la main<\/li>\n<li>Mati\u00e8re : Jute : 100%<\/li>\n<\/ul>","protected":false},"excerpt":{"rendered":"<ul>\n<li>Couleur : naturel<\/li>\n<li>Mat\u00e9riau : jute tress\u00e9 avec design<\/li>\n<li>Diam\u00e8tre : 150 cm<\/li>\n<li>Dans un ton naturel de jute<\/li>\n<li>Solide, r\u00e9sistant et durable<\/li>\n<li>Texture attrayante<\/li>\n<li>Fait \u00e0 la main<\/li>\n<li>Mati\u00e8re : Jute : 100%<\/li>\n<\/ul>","protected":false},"featured_media":3493,"comment_status":"open","ping_status":"closed","template":"","meta":[],"product_brand":[],"product_cat":[1355,392],"product_tag":[1012,1030,411,1050,1008,394],"class_list":{"0":"post-3494","1":"product","2":"type-product","3":"status-publish","4":"has-post-thumbnail","6":"product_cat-decoratie","7":"product_cat-vloerkleden","8":"product_tag-150cm","9":"product_tag-gevlochten","10":"product_tag-jute","11":"product_tag-ontwerp","12":"product_tag-rond","13":"product_tag-tapijt","15":"first","16":"instock","17":"shipping-taxable","18":"purchasable","19":"product-type-simple"},"_links":{"self":[{"href":"https:\/\/planeto.be\/fr\/wp-json\/wp\/v2\/product\/3494","targetHints":{"allow":["GET"]}}],"collection":[{"href":"https:\/\/planeto.be\/fr\/wp-json\/wp\/v2\/product"}],"about":[{"href":"https:\/\/planeto.be\/fr\/wp-json\/wp\/v2\/types\/product"}],"replies":[{"embeddable":true,"href":"https:\/\/planeto.be\/fr\/wp-json\/wp\/v2\/comments?post=3494"}],"version-history":[{"count":2,"href":"https:\/\/planeto.be\/fr\/wp-json\/wp\/v2\/product\/3494\/revisions"}],"predecessor-version":[{"id":7917,"href":"https:\/\/planeto.be\/fr\/wp-json\/wp\/v2\/product\/3494\/revisions\/7917"}],"wp:featuredmedia":[{"embeddable":true,"href":"https:\/\/planeto.be\/fr\/wp-json\/wp\/v2\/media\/3493"}],"wp:attachment":[{"href":"https:\/\/planeto.be\/fr\/wp-json\/wp\/v2\/media?parent=3494"}],"wp:term":[{"taxonomy":"product_brand","embeddable":true,"href":"https:\/\/planeto.be\/fr\/wp-json\/wp\/v2\/product_brand?post=3494"},{"taxonomy":"product_cat","embeddable":true,"href":"https:\/\/planeto.be\/fr\/wp-json\/wp\/v2\/product_cat?post=3494"},{"taxonomy":"product_tag","embeddable":true,"href":"https:\/\/planeto.be\/fr\/wp-json\/wp\/v2\/product_tag?post=3494"}],"curies":[{"name":"wp","href":"https:\/\/api.w.org\/{rel}","templated":true}]}}