{"id":3429,"date":"2026-02-03T11:26:17","date_gmt":"2026-02-03T11:26:17","guid":{"rendered":"https:\/\/planeto.be\/product\/tapijt-met-latex-onderkant-140x200-cm-jute-natuurlijk\/"},"modified":"2026-02-10T08:11:55","modified_gmt":"2026-02-10T08:11:55","slug":"tapijt-met-latex-onderkant-140x200-cm-jute-natuurlijk","status":"publish","type":"product","link":"https:\/\/planeto.be\/fr\/produit\/tapijt-met-latex-onderkant-140x200-cm-jute-natuurlijk\/","title":{"rendered":"Planeto Tapis avec fond en latex 140\u00d7200 cm jute naturel"},"content":{"rendered":"<p>Ajoutez une touche naturelle \u00e0 votre int\u00e9rieur avec notre tapis en jute tiss\u00e9 ! Le jute est un mat\u00e9riau tr\u00e8s durable et naturellement r\u00e9sistant. Gr\u00e2ce \u00e0 sa base en latex, le tapis est antistatique et antid\u00e9rapant.<\/p>\n<\/p>\n<p>Note : Nos tapis sont pli\u00e9s dans une bo\u00eete pour faciliter le transport. Veuillez laisser au produit le temps de se redresser et de s'aplatir.<\/p>\n<ul>\n<li>Couleur : naturel<\/li>\n<li>Mat\u00e9riau : jute tiss\u00e9 fil\u00e9 \u00e0 l'anneau avec dessous en latex<\/li>\n<li>Dimensions : 140 x 200 cm (L x L)<\/li>\n<li>Fond en latex naturel<\/li>\n<li>Anti-statique<\/li>\n<li>Support antid\u00e9rapant<\/li>\n<li>Fibres de jute naturelles et durables<\/li>\n<li>Mati\u00e8re : Jute : 100%<\/li>\n<\/ul>","protected":false},"excerpt":{"rendered":"<ul>\n<li>Couleur : naturel<\/li>\n<li>Mat\u00e9riau : jute tiss\u00e9 fil\u00e9 \u00e0 l'anneau avec dessous en latex<\/li>\n<li>Dimensions : 140 x 200 cm (L x L)<\/li>\n<li>Fond en latex naturel<\/li>\n<li>Anti-statique<\/li>\n<li>Support antid\u00e9rapant<\/li>\n<li>Fibres de jute naturelles et durables<\/li>\n<li>Mati\u00e8re : Jute : 100%<\/li>\n<\/ul>","protected":false},"featured_media":3428,"comment_status":"open","ping_status":"closed","template":"","meta":[],"product_brand":[],"product_cat":[1355,392],"product_tag":[1067,411,1065,950,1066,394],"class_list":{"0":"post-3429","1":"product","2":"type-product","3":"status-publish","4":"has-post-thumbnail","6":"product_cat-decoratie","7":"product_cat-vloerkleden","8":"product_tag-140x200","9":"product_tag-jute","10":"product_tag-latex","11":"product_tag-natuurlijk","12":"product_tag-onderkant","13":"product_tag-tapijt","15":"first","16":"instock","17":"shipping-taxable","18":"purchasable","19":"product-type-simple"},"_links":{"self":[{"href":"https:\/\/planeto.be\/fr\/wp-json\/wp\/v2\/product\/3429","targetHints":{"allow":["GET"]}}],"collection":[{"href":"https:\/\/planeto.be\/fr\/wp-json\/wp\/v2\/product"}],"about":[{"href":"https:\/\/planeto.be\/fr\/wp-json\/wp\/v2\/types\/product"}],"replies":[{"embeddable":true,"href":"https:\/\/planeto.be\/fr\/wp-json\/wp\/v2\/comments?post=3429"}],"version-history":[{"count":2,"href":"https:\/\/planeto.be\/fr\/wp-json\/wp\/v2\/product\/3429\/revisions"}],"predecessor-version":[{"id":7907,"href":"https:\/\/planeto.be\/fr\/wp-json\/wp\/v2\/product\/3429\/revisions\/7907"}],"wp:featuredmedia":[{"embeddable":true,"href":"https:\/\/planeto.be\/fr\/wp-json\/wp\/v2\/media\/3428"}],"wp:attachment":[{"href":"https:\/\/planeto.be\/fr\/wp-json\/wp\/v2\/media?parent=3429"}],"wp:term":[{"taxonomy":"product_brand","embeddable":true,"href":"https:\/\/planeto.be\/fr\/wp-json\/wp\/v2\/product_brand?post=3429"},{"taxonomy":"product_cat","embeddable":true,"href":"https:\/\/planeto.be\/fr\/wp-json\/wp\/v2\/product_cat?post=3429"},{"taxonomy":"product_tag","embeddable":true,"href":"https:\/\/planeto.be\/fr\/wp-json\/wp\/v2\/product_tag?post=3429"}],"curies":[{"name":"wp","href":"https:\/\/api.w.org\/{rel}","templated":true}]}}