{"id":3394,"date":"2026-02-03T11:26:03","date_gmt":"2026-02-03T11:26:03","guid":{"rendered":"https:\/\/planeto.be\/product\/vloerkleed-handgemaakt-80x160-cm-jute-naturel\/"},"modified":"2026-02-10T08:11:55","modified_gmt":"2026-02-10T08:11:55","slug":"vloerkleed-handgemaakt-80x160-cm-jute-naturel","status":"publish","type":"product","link":"https:\/\/planeto.be\/fr\/produit\/vloerkleed-handgemaakt-80x160-cm-jute-naturel\/","title":{"rendered":"Planeto Tapis fait main 80\u00d7160 cm jute naturel"},"content":{"rendered":"<p>Ajoutez une touche naturelle \u00e0 votre int\u00e9rieur avec notre tapis de jute tress\u00e9 ! Ce tapis esth\u00e9tique est tiss\u00e9 \u00e0 la main par des artisans qualifi\u00e9s avec un savoir-faire exceptionnel, ce qui lui permet de s'int\u00e9grer parfaitement \u00e0 votre int\u00e9rieur. <\/p>\n<\/p>\n<p>Ce tapis est fait de jute et de coton tress\u00e9s, ce qui le rend doux au toucher tout en le rendant durable et peu exigeant en termes d'entretien. Veuillez noter que chaque tapis est unique ; des variations de couleur et de dessin peuvent se produire car le produit est fabriqu\u00e9 \u00e0 la main. La livraison est al\u00e9atoire. <\/p>\n<\/p>\n<p>Remarque importante : nos tapis sont emball\u00e9s en rouleaux pour faciliter le transport. Il faut donc laisser au produit le temps de se redresser et de s'aplatir.<\/p>\n<ul>\n<li>Couleur : naturel<\/li>\n<li>Mati\u00e8re : jute tress\u00e9 et coton<\/li>\n<li>Dimensions : 80 x 160 cm (L x L)<\/li>\n<li>Fait \u00e0 la main<\/li>\n<li>Texture attrayante<\/li>\n<\/ul>","protected":false},"excerpt":{"rendered":"<ul>\n<li>Couleur : naturel<\/li>\n<li>Mati\u00e8re : jute tress\u00e9 et coton<\/li>\n<li>Dimensions : 80 x 160 cm (L x L)<\/li>\n<li>Fait \u00e0 la main<\/li>\n<li>Texture attrayante<\/li>\n<\/ul>","protected":false},"featured_media":3392,"comment_status":"open","ping_status":"closed","template":"","meta":[],"product_brand":[],"product_cat":[1355,392],"product_tag":[951,400,411,953,397],"class_list":{"0":"post-3394","1":"product","2":"type-product","3":"status-publish","4":"has-post-thumbnail","6":"product_cat-decoratie","7":"product_cat-vloerkleden","8":"product_tag-80x160","9":"product_tag-handgemaakt","10":"product_tag-jute","11":"product_tag-naturel","12":"product_tag-vloerkleed","14":"first","15":"instock","16":"shipping-taxable","17":"purchasable","18":"product-type-simple"},"_links":{"self":[{"href":"https:\/\/planeto.be\/fr\/wp-json\/wp\/v2\/product\/3394","targetHints":{"allow":["GET"]}}],"collection":[{"href":"https:\/\/planeto.be\/fr\/wp-json\/wp\/v2\/product"}],"about":[{"href":"https:\/\/planeto.be\/fr\/wp-json\/wp\/v2\/types\/product"}],"replies":[{"embeddable":true,"href":"https:\/\/planeto.be\/fr\/wp-json\/wp\/v2\/comments?post=3394"}],"version-history":[{"count":2,"href":"https:\/\/planeto.be\/fr\/wp-json\/wp\/v2\/product\/3394\/revisions"}],"predecessor-version":[{"id":7902,"href":"https:\/\/planeto.be\/fr\/wp-json\/wp\/v2\/product\/3394\/revisions\/7902"}],"wp:featuredmedia":[{"embeddable":true,"href":"https:\/\/planeto.be\/fr\/wp-json\/wp\/v2\/media\/3392"}],"wp:attachment":[{"href":"https:\/\/planeto.be\/fr\/wp-json\/wp\/v2\/media?parent=3394"}],"wp:term":[{"taxonomy":"product_brand","embeddable":true,"href":"https:\/\/planeto.be\/fr\/wp-json\/wp\/v2\/product_brand?post=3394"},{"taxonomy":"product_cat","embeddable":true,"href":"https:\/\/planeto.be\/fr\/wp-json\/wp\/v2\/product_cat?post=3394"},{"taxonomy":"product_tag","embeddable":true,"href":"https:\/\/planeto.be\/fr\/wp-json\/wp\/v2\/product_tag?post=3394"}],"curies":[{"name":"wp","href":"https:\/\/api.w.org\/{rel}","templated":true}]}}