{"id":3367,"date":"2026-02-03T11:25:57","date_gmt":"2026-02-03T11:25:57","guid":{"rendered":"https:\/\/planeto.be\/product\/olie-absorberende-pads-100-st-40x50-cm-grijs\/"},"modified":"2026-02-10T07:54:52","modified_gmt":"2026-02-10T07:54:52","slug":"olie-absorberende-pads-100-st-40x50-cm-grijs","status":"publish","type":"product","link":"https:\/\/planeto.be\/fr\/produit\/olie-absorberende-pads-100-st-40x50-cm-grijs\/","title":{"rendered":"Planeto Tampons absorbants 100 pcs 40\u00d750 cm gris"},"content":{"rendered":"<p>Les tampons absorbant l'huile offrent une solution efficace et conviviale pour un nettoyage rapide et efficace des d\u00e9versements.<\/p>\n<\/p>\n<ul>\n<li>Mat\u00e9riau durable : fabriqu\u00e9s en polypropyl\u00e8ne, les tampons sont con\u00e7us pour durer longtemps, m\u00eame dans des environnements exigeants. Ils sont r\u00e9sistants aux d\u00e9chirures et aux rigueurs d'une utilisation fr\u00e9quente, ce qui les rend id\u00e9aux pour une utilisation r\u00e9p\u00e9t\u00e9e sans sacrifier l'efficacit\u00e9.<\/li>\n<li>Conception l\u00e9g\u00e8re : malgr\u00e9 leur durabilit\u00e9, les tampons absorbants restent l\u00e9gers, ce qui les rend faciles \u00e0 transporter et rapides \u00e0 d\u00e9ployer. La conception compacte permet un stockage et un transport efficaces. Ils sont parfaits pour une intervention rapide et sans probl\u00e8me en cas de d\u00e9versement, quelle que soit la situation.<\/li>\n<li>Large application : les tampons absorbants sont parfaits pour les ateliers, les usines et le m\u00e9nage, car ils absorbent efficacement l'eau, les boissons et les d\u00e9versements d'huile. Ils conviennent \u00e9galement \u00e0 l'entretien des voitures et d'autres \u00e9quipements, garantissant un environnement de travail propre et ordonn\u00e9.<\/li>\n<li>Deuxi\u00e8me usage : Con\u00e7us dans une optique de durabilit\u00e9, les tampons d'huile peuvent servir \u00e0 r\u00e9duire les d\u00e9chets, ce qui en fait une solution rentable pour la gestion continue des d\u00e9versements.<\/li>\n<li>Taille personnalisable : les tampons de contr\u00f4le des d\u00e9versements peuvent facilement \u00eatre d\u00e9coup\u00e9s en morceaux plus petits pour des t\u00e2ches sp\u00e9cifiques, ce qui les rend flexibles pour r\u00e9pondre \u00e0 diff\u00e9rents besoins de nettoyage.<\/li>\n<\/ul>\n<ul>\n<li>Couleur : gris<\/li>\n<li>Mat\u00e9riau : polypropyl\u00e8ne<\/li>\n<li>Dimensions : 40 x 50 cm (L x l)<\/li>\n<li>Poids par pi\u00e8ce : 33 g<\/li>\n<li>Perfor\u00e9<\/li>\n<li><strong>La livraison comprend<\/strong><\/li>\n<li>100 x oreiller absorbant l'huile<\/li>\n<\/ul>","protected":false},"excerpt":{"rendered":"<ul>\n<li>Couleur : gris<\/li>\n<li>Mat\u00e9riau : polypropyl\u00e8ne<\/li>\n<li>Dimensions : 40 x 50 cm (L x l)<\/li>\n<li>Poids par pi\u00e8ce : 33 g<\/li>\n<li>Perfor\u00e9<\/li>\n<li><strong>La livraison comprend<\/strong><\/li>\n<li>100 x oreiller absorbant l'huile<\/li>\n<\/ul>","protected":false},"featured_media":3365,"comment_status":"open","ping_status":"closed","template":"","meta":[],"product_brand":[],"product_cat":[1354,54],"product_tag":[1061,1059,1009,1058,1060],"class_list":{"0":"post-3367","1":"product","2":"type-product","3":"status-publish","4":"has-post-thumbnail","6":"product_cat-huishouden","7":"product_cat-meubelreinigers","8":"product_tag-40x50","9":"product_tag-absorberende","10":"product_tag-grijs","11":"product_tag-olie","12":"product_tag-pads","14":"first","15":"instock","16":"shipping-taxable","17":"purchasable","18":"product-type-simple"},"_links":{"self":[{"href":"https:\/\/planeto.be\/fr\/wp-json\/wp\/v2\/product\/3367","targetHints":{"allow":["GET"]}}],"collection":[{"href":"https:\/\/planeto.be\/fr\/wp-json\/wp\/v2\/product"}],"about":[{"href":"https:\/\/planeto.be\/fr\/wp-json\/wp\/v2\/types\/product"}],"replies":[{"embeddable":true,"href":"https:\/\/planeto.be\/fr\/wp-json\/wp\/v2\/comments?post=3367"}],"version-history":[{"count":1,"href":"https:\/\/planeto.be\/fr\/wp-json\/wp\/v2\/product\/3367\/revisions"}],"predecessor-version":[{"id":7898,"href":"https:\/\/planeto.be\/fr\/wp-json\/wp\/v2\/product\/3367\/revisions\/7898"}],"wp:featuredmedia":[{"embeddable":true,"href":"https:\/\/planeto.be\/fr\/wp-json\/wp\/v2\/media\/3365"}],"wp:attachment":[{"href":"https:\/\/planeto.be\/fr\/wp-json\/wp\/v2\/media?parent=3367"}],"wp:term":[{"taxonomy":"product_brand","embeddable":true,"href":"https:\/\/planeto.be\/fr\/wp-json\/wp\/v2\/product_brand?post=3367"},{"taxonomy":"product_cat","embeddable":true,"href":"https:\/\/planeto.be\/fr\/wp-json\/wp\/v2\/product_cat?post=3367"},{"taxonomy":"product_tag","embeddable":true,"href":"https:\/\/planeto.be\/fr\/wp-json\/wp\/v2\/product_tag?post=3367"}],"curies":[{"name":"wp","href":"https:\/\/api.w.org\/{rel}","templated":true}]}}