{"id":3338,"date":"2026-02-03T11:25:50","date_gmt":"2026-02-03T11:25:50","guid":{"rendered":"https:\/\/planeto.be\/product\/houtverzorgingsset-2x250-ml-care-kit\/"},"modified":"2026-02-10T07:54:52","modified_gmt":"2026-02-10T07:54:52","slug":"houtverzorgingsset-2x250-ml-care-kit","status":"publish","type":"product","link":"https:\/\/planeto.be\/fr\/produit\/houtverzorgingsset-2x250-ml-care-kit\/","title":{"rendered":"Kit d'entretien Planeto Wood 2\u00d7250 ml KIT D'ENTRETIEN"},"content":{"rendered":"<p>Le bois est un produit naturel d'une grande authenticit\u00e9. Le kit d'entretien du bois est un excellent choix pour maintenir vos meubles en bois en parfait \u00e9tat.<\/p>\n<\/p>\n<p>Notre set comprend un nettoyant efficace et un polish pratique. Ils sont sp\u00e9cialement con\u00e7us pour les meubles en bois avec une finition mate \u00e0 la cire ou \u00e0 l'huile. Ce set unique nettoie, soigne et offre une protection suppl\u00e9mentaire au bois. Le nettoyant pour bois, \u00e0 base d'eau, rajeunit le bois et lui donne un aspect frais et propre. Il nettoie en profondeur sans \u00eatre abrasif. Le polish peut utiliser des absorbeurs d'UV pour prot\u00e9ger le bois contre la d\u00e9coloration et l'alt\u00e9ration de la couleur, et il permet un nettoyage rapide. En outre, il peut contribuer \u00e0 prot\u00e9ger et \u00e0 mettre en valeur la beaut\u00e9 naturelle du bois pr\u00e9cieux.<\/p>\n<ul>\n<li>Dimensions de l'\u00e9ponge : 9 x 5 x 1,5 cm (L x L x H)<\/li>\n<li>Chiffon doux : 17 x 15 cm (L x l)<\/li>\n<li>Contenu du nettoyant : 250 ml<\/li>\n<li>Capacit\u00e9 de l'agent de polissage : 250 ml<\/li>\n<li>Bouteilles avec \u00e9tiquettes, capsules et sous-capsules color\u00e9es<\/li>\n<li>Avec livret d'instructions<\/li>\n<li><strong>La livraison comprend<\/strong><\/li>\n<li>1 x nettoyeur<\/li>\n<li>1 x agent de polissage<\/li>\n<li>1 x manuel<\/li>\n<li>1 x chiffon doux<\/li>\n<li>1 x \u00e9ponge<\/li>\n<li>Accessoires<\/li>\n<\/ul>\n<p> \/ Mode d'emploi et pr\u00e9cautions d'utilisation : se r\u00e9f\u00e9rer au livret d'information fourni avec le kit. EUH210 Fiche de donn\u00e9es de s\u00e9curit\u00e9 disponible sur demande. EUH208 Contient du 1,2-benzisothiazol-3(2H)-one. Peut provoquer une r\u00e9action allergique. \/ Mode d'emploi et pr\u00e9cautions d'emploi : se r\u00e9f\u00e9rer au livret d'information fourni avec le kit. Contient (R\u00e8glement (CE) n\u00b0 648 \/ 2004) : moins de 5% agents de surface non ioniques. Conservateurs : m\u00e9thylchlorothiazolinone, m\u00e9thylisothiazolinone, bronopol, parfums. EUH210 Fiche de donn\u00e9es de s\u00e9curit\u00e9 disponible sur demande. EUH208 Contient une masse r\u00e9actionnelle d'isothiazolinones. Peut provoquer une r\u00e9action allergique. Produit contenant des biocides. Principe actif : C(M)IT\/MIT (3:1). <a title=\"https:\/\/vdxl.im\/8719883803289_doc_en_1.pdf?t=1745412247\" href=\"https:\/\/vdxl.im\/8719883803289_doc_en_1.pdf?t=1745412247\" target=\"_blank\">GPSR<\/a><\/p>","protected":false},"excerpt":{"rendered":"<ul>\n<li>Dimensions de l'\u00e9ponge : 9 x 5 x 1,5 cm (L x L x H)<\/li>\n<li>Chiffon doux : 17 x 15 cm (L x l)<\/li>\n<li>Contenu du nettoyant : 250 ml<\/li>\n<li>Capacit\u00e9 de l'agent de polissage : 250 ml<\/li>\n<li>Bouteilles avec \u00e9tiquettes, capsules et sous-capsules color\u00e9es<\/li>\n<li>Avec livret d'instructions<\/li>\n<li><strong>La livraison comprend<\/strong><\/li>\n<li>1 x nettoyeur<\/li>\n<li>1 x agent de polissage<\/li>\n<li>1 x manuel<\/li>\n<li>1 x chiffon doux<\/li>\n<li>1 x \u00e9ponge<\/li>\n<li>Accessoires<\/li>\n<\/ul>","protected":false},"featured_media":3336,"comment_status":"open","ping_status":"closed","template":"","meta":[],"product_brand":[],"product_cat":[1354,54],"product_tag":[1034,1054,1057,1055],"class_list":{"0":"post-3338","1":"product","2":"type-product","3":"status-publish","4":"has-post-thumbnail","6":"product_cat-huishouden","7":"product_cat-meubelreinigers","8":"product_tag-2x250","9":"product_tag-care","10":"product_tag-houtverzorgingsset","11":"product_tag-kit","13":"first","14":"instock","15":"shipping-taxable","16":"purchasable","17":"product-type-simple"},"_links":{"self":[{"href":"https:\/\/planeto.be\/fr\/wp-json\/wp\/v2\/product\/3338","targetHints":{"allow":["GET"]}}],"collection":[{"href":"https:\/\/planeto.be\/fr\/wp-json\/wp\/v2\/product"}],"about":[{"href":"https:\/\/planeto.be\/fr\/wp-json\/wp\/v2\/types\/product"}],"replies":[{"embeddable":true,"href":"https:\/\/planeto.be\/fr\/wp-json\/wp\/v2\/comments?post=3338"}],"version-history":[{"count":1,"href":"https:\/\/planeto.be\/fr\/wp-json\/wp\/v2\/product\/3338\/revisions"}],"predecessor-version":[{"id":7893,"href":"https:\/\/planeto.be\/fr\/wp-json\/wp\/v2\/product\/3338\/revisions\/7893"}],"wp:featuredmedia":[{"embeddable":true,"href":"https:\/\/planeto.be\/fr\/wp-json\/wp\/v2\/media\/3336"}],"wp:attachment":[{"href":"https:\/\/planeto.be\/fr\/wp-json\/wp\/v2\/media?parent=3338"}],"wp:term":[{"taxonomy":"product_brand","embeddable":true,"href":"https:\/\/planeto.be\/fr\/wp-json\/wp\/v2\/product_brand?post=3338"},{"taxonomy":"product_cat","embeddable":true,"href":"https:\/\/planeto.be\/fr\/wp-json\/wp\/v2\/product_cat?post=3338"},{"taxonomy":"product_tag","embeddable":true,"href":"https:\/\/planeto.be\/fr\/wp-json\/wp\/v2\/product_tag?post=3338"}],"curies":[{"name":"wp","href":"https:\/\/api.w.org\/{rel}","templated":true}]}}