{"id":3324,"date":"2026-02-03T11:25:47","date_gmt":"2026-02-03T11:25:47","guid":{"rendered":"https:\/\/planeto.be\/product\/leerverzorgingsset-2x250-ml-care-kit\/"},"modified":"2026-02-10T07:54:52","modified_gmt":"2026-02-10T07:54:52","slug":"leerverzorgingsset-2x250-ml-care-kit","status":"publish","type":"product","link":"https:\/\/planeto.be\/fr\/produit\/leerverzorgingsset-2x250-ml-care-kit\/","title":{"rendered":"Kit d'entretien du cuir Planeto 2\u00d7250 ml KIT D'ENTRETIEN"},"content":{"rendered":"<p>Le cuir est un produit naturel \u00e0 l'aspect magnifique et luxueux. Avec notre kit d'entretien du cuir, vous avez fait un excellent choix pour pr\u00e9server la beaut\u00e9 et l'\u00e9tat de votre cuir.<\/p>\n<\/p>\n<p>Ce set contient des produits s\u00fbrs pour nettoyer, nourrir et prot\u00e9ger votre cuir de l'humidit\u00e9, de la graisse de la peau, de la sueur, de la salet\u00e9 et des rayons UV. Un entretien r\u00e9gulier permet de conserver la souplesse du cuir et de prolonger sa dur\u00e9e de vie. Il est \u00e9galement parfait pour le similicuir, le cuir PU et le cuir PVC.<\/p>\n<\/p>\n<p>Remarque : ne pas utiliser ce kit sur les cuirs ponc\u00e9s\/bross\u00e9s, tels que le nubuck et le daim.<\/p>\n<ul>\n<li>Dimensions de l'\u00e9ponge : 9 x 5 x 1,5 cm (L x L x H)<\/li>\n<li>Chiffon doux : 17 x 15 cm (L x l)<\/li>\n<li>Contenu du nettoyant : 250 ml<\/li>\n<li>Contenu du protecteur : 250 ml<\/li>\n<li>Bouteilles avec \u00e9tiquettes, capsules et sous-capsules color\u00e9es<\/li>\n<li>Avec livret d'instructions<\/li>\n<li><strong>La livraison comprend<\/strong><\/li>\n<li>1 x liquide de nettoyage<\/li>\n<li>1 x liquide de protection<\/li>\n<li>1 x manuel<\/li>\n<li>1 x chiffon doux<\/li>\n<li>1 x \u00e9ponge<\/li>\n<li>Accessoires<\/li>\n<\/ul>","protected":false},"excerpt":{"rendered":"<ul>\n<li>Dimensions de l'\u00e9ponge : 9 x 5 x 1,5 cm (L x L x H)<\/li>\n<li>Chiffon doux : 17 x 15 cm (L x l)<\/li>\n<li>Contenu du nettoyant : 250 ml<\/li>\n<li>Contenu du protecteur : 250 ml<\/li>\n<li>Bouteilles avec \u00e9tiquettes, capsules et sous-capsules color\u00e9es<\/li>\n<li>Avec livret d'instructions<\/li>\n<li><strong>La livraison comprend<\/strong><\/li>\n<li>1 x liquide de nettoyage<\/li>\n<li>1 x liquide de protection<\/li>\n<li>1 x manuel<\/li>\n<li>1 x chiffon doux<\/li>\n<li>1 x \u00e9ponge<\/li>\n<li>Accessoires<\/li>\n<\/ul>","protected":false},"featured_media":3323,"comment_status":"open","ping_status":"closed","template":"","meta":[],"product_brand":[],"product_cat":[1354,54],"product_tag":[1034,1054,1055,1053],"class_list":{"0":"post-3324","1":"product","2":"type-product","3":"status-publish","4":"has-post-thumbnail","6":"product_cat-huishouden","7":"product_cat-meubelreinigers","8":"product_tag-2x250","9":"product_tag-care","10":"product_tag-kit","11":"product_tag-leerverzorgingsset","13":"first","14":"instock","15":"shipping-taxable","16":"purchasable","17":"product-type-simple"},"_links":{"self":[{"href":"https:\/\/planeto.be\/fr\/wp-json\/wp\/v2\/product\/3324","targetHints":{"allow":["GET"]}}],"collection":[{"href":"https:\/\/planeto.be\/fr\/wp-json\/wp\/v2\/product"}],"about":[{"href":"https:\/\/planeto.be\/fr\/wp-json\/wp\/v2\/types\/product"}],"replies":[{"embeddable":true,"href":"https:\/\/planeto.be\/fr\/wp-json\/wp\/v2\/comments?post=3324"}],"version-history":[{"count":1,"href":"https:\/\/planeto.be\/fr\/wp-json\/wp\/v2\/product\/3324\/revisions"}],"predecessor-version":[{"id":7890,"href":"https:\/\/planeto.be\/fr\/wp-json\/wp\/v2\/product\/3324\/revisions\/7890"}],"wp:featuredmedia":[{"embeddable":true,"href":"https:\/\/planeto.be\/fr\/wp-json\/wp\/v2\/media\/3323"}],"wp:attachment":[{"href":"https:\/\/planeto.be\/fr\/wp-json\/wp\/v2\/media?parent=3324"}],"wp:term":[{"taxonomy":"product_brand","embeddable":true,"href":"https:\/\/planeto.be\/fr\/wp-json\/wp\/v2\/product_brand?post=3324"},{"taxonomy":"product_cat","embeddable":true,"href":"https:\/\/planeto.be\/fr\/wp-json\/wp\/v2\/product_cat?post=3324"},{"taxonomy":"product_tag","embeddable":true,"href":"https:\/\/planeto.be\/fr\/wp-json\/wp\/v2\/product_tag?post=3324"}],"curies":[{"name":"wp","href":"https:\/\/api.w.org\/{rel}","templated":true}]}}