{"id":3317,"date":"2026-02-03T11:25:45","date_gmt":"2026-02-03T11:25:45","guid":{"rendered":"https:\/\/planeto.be\/product\/houtolie-voor-meubels-250-ml\/"},"modified":"2026-02-10T07:54:52","modified_gmt":"2026-02-10T07:54:52","slug":"houtolie-voor-meubels-250-ml","status":"publish","type":"product","link":"https:\/\/planeto.be\/fr\/produit\/houtolie-voor-meubels-250-ml\/","title":{"rendered":"Planeto Huile pour meubles 250 ml"},"content":{"rendered":"<p>Cette huile pour le bois nettoie, conditionne et apporte une protection suppl\u00e9mentaire au bois. Elle a \u00e9t\u00e9 sp\u00e9cialement d\u00e9velopp\u00e9e pour entretenir vos meubles gr\u00e2ce aux efforts conjoints de notre \u00e9quipe de recherche et d\u00e9veloppement et de nos fournisseurs.<\/p>\n<\/p>\n<p>Cette huile pour bois nourrit, prot\u00e8ge et rehausse la beaut\u00e9 naturelle du bois pr\u00e9cieux et cr\u00e9e une surface bois\u00e9e hydrofuge pour prot\u00e9ger vos meubles. L'huile de protection du bois est sp\u00e9cialement con\u00e7ue pour tous les types de bois tels que le ch\u00eane, le ch\u00eane sauvage, le bois de c\u0153ur, le h\u00eatre, le noyer, le pin et les meubles d'int\u00e9rieur. Cette huile pour bois peut \u00eatre utilis\u00e9e pour le traitement initial et le rafra\u00eechissement des surfaces huil\u00e9es. L'huile scelle et restaure la beaut\u00e9 naturelle et la brillance de vos meubles en bois, les rajeunissant et leur donnant un aspect frais et propre. Elle peut \u00eatre utilis\u00e9e sur des meubles en bois non scell\u00e9s et finis \u00e0 l'huile. L'huile pour bois peut \u00eatre utilis\u00e9e facilement (avec des instructions) \u00e0 l'int\u00e9rieur pour les surfaces tr\u00e8s sollicit\u00e9es, telles que les planches \u00e0 d\u00e9couper, les tables en bois, les plans de travail de cuisine, les meubles en bois massif, les planches, les parquets et le ch\u00eane non trait\u00e9, le ch\u00eane sauvage, le bois de c\u0153ur, le h\u00eatre, le noyer et le pin.<\/p>\n<ul>\n<li>Couleur : brun et blanc<\/li>\n<li>Dimensions du chiffon doux : 17 x 15 cm (L x l)<\/li>\n<li>Contenu : 250 ml<\/li>\n<li>Capuchon inclus et capuchon int\u00e9rieur<\/li>\n<li>\u00c9tiquette de bouteille multicouche<\/li>\n<li>Manuel inclus<\/li>\n<\/ul>\n<p> \/ Mode d'emploi et pr\u00e9cautions d'utilisation : se r\u00e9f\u00e9rer au livret d'information fourni avec le kit. EUH210 Fiche de donn\u00e9es de s\u00e9curit\u00e9 disponible sur demande. EUH208 Contient une masse r\u00e9actionnelle d'isothiazolinones. Peut provoquer une r\u00e9action allergique. Produit contenant des biocides. Principe actif : C(M)IT\/MIT (3:1). <a title=\"https:\/\/vdxl.im\/8720286631911_doc_en_1.pdf?t=1729759850\" href=\"https:\/\/vdxl.im\/8720286631911_doc_en_1.pdf?t=1729759850\" target=\"_blank\">GPSR<\/a><\/p>","protected":false},"excerpt":{"rendered":"<ul>\n<li>Couleur : brun et blanc<\/li>\n<li>Dimensions du chiffon doux : 17 x 15 cm (L x l)<\/li>\n<li>Contenu : 250 ml<\/li>\n<li>Capuchon inclus et capuchon int\u00e9rieur<\/li>\n<li>\u00c9tiquette de bouteille multicouche<\/li>\n<li>Manuel inclus<\/li>\n<\/ul>","protected":false},"featured_media":3315,"comment_status":"open","ping_status":"closed","template":"","meta":[],"product_brand":[],"product_cat":[1354,54],"product_tag":[1051,1052],"class_list":{"0":"post-3317","1":"product","2":"type-product","3":"status-publish","4":"has-post-thumbnail","6":"product_cat-huishouden","7":"product_cat-meubelreinigers","8":"product_tag-houtolie","9":"product_tag-meubels","11":"first","12":"instock","13":"shipping-taxable","14":"purchasable","15":"product-type-simple"},"_links":{"self":[{"href":"https:\/\/planeto.be\/fr\/wp-json\/wp\/v2\/product\/3317","targetHints":{"allow":["GET"]}}],"collection":[{"href":"https:\/\/planeto.be\/fr\/wp-json\/wp\/v2\/product"}],"about":[{"href":"https:\/\/planeto.be\/fr\/wp-json\/wp\/v2\/types\/product"}],"replies":[{"embeddable":true,"href":"https:\/\/planeto.be\/fr\/wp-json\/wp\/v2\/comments?post=3317"}],"version-history":[{"count":1,"href":"https:\/\/planeto.be\/fr\/wp-json\/wp\/v2\/product\/3317\/revisions"}],"predecessor-version":[{"id":7889,"href":"https:\/\/planeto.be\/fr\/wp-json\/wp\/v2\/product\/3317\/revisions\/7889"}],"wp:featuredmedia":[{"embeddable":true,"href":"https:\/\/planeto.be\/fr\/wp-json\/wp\/v2\/media\/3315"}],"wp:attachment":[{"href":"https:\/\/planeto.be\/fr\/wp-json\/wp\/v2\/media?parent=3317"}],"wp:term":[{"taxonomy":"product_brand","embeddable":true,"href":"https:\/\/planeto.be\/fr\/wp-json\/wp\/v2\/product_brand?post=3317"},{"taxonomy":"product_cat","embeddable":true,"href":"https:\/\/planeto.be\/fr\/wp-json\/wp\/v2\/product_cat?post=3317"},{"taxonomy":"product_tag","embeddable":true,"href":"https:\/\/planeto.be\/fr\/wp-json\/wp\/v2\/product_tag?post=3317"}],"curies":[{"name":"wp","href":"https:\/\/api.w.org\/{rel}","templated":true}]}}