{"id":3308,"date":"2026-02-03T11:25:43","date_gmt":"2026-02-03T11:25:43","guid":{"rendered":"https:\/\/planeto.be\/product\/geurverwijderaar-en-verfrisser-250-ml\/"},"modified":"2026-02-10T07:54:52","modified_gmt":"2026-02-10T07:54:52","slug":"geurverwijderaar-en-verfrisser-250-ml","status":"publish","type":"product","link":"https:\/\/planeto.be\/fr\/produit\/geurverwijderaar-en-verfrisser-250-ml\/","title":{"rendered":"Planeto D\u00e9sodorisant et rafra\u00eechissant 250 ml"},"content":{"rendered":"<p>Ce d\u00e9sodorisant a \u00e9t\u00e9 sp\u00e9cialement mis au point gr\u00e2ce aux efforts conjugu\u00e9s de notre \u00e9quipe de recherche et d\u00e9veloppement et de nos fournisseurs, afin de pr\u00e9server vos meubles et autres objets.<\/p>\n<\/p>\n<p>Ce d\u00e9sodorisant est une formule professionnelle sp\u00e9cialement con\u00e7ue pour nettoyer la salet\u00e9 dans votre maison. Cet \u00e9liminateur d'odeurs \u00e0 base d'eau convient aux meubles recouverts de tissu, aux tapis, aux rideaux et aux lits pour animaux de compagnie. De plus, cet \u00e9liminateur d'odeurs est con\u00e7u pour \u00e9liminer les salissures caus\u00e9es par les animaux de compagnie, telles que l'urine, et d\u00e9courage les animaux de marquer \u00e0 plusieurs reprises. Il permet d'\u00e9liminer rapidement les odeurs et les taches tenaces de chien et de chat, avec un parfum printanier ! Bien entendu, ce rafra\u00eechisseur peut \u00eatre utilis\u00e9 en toute s\u00e9curit\u00e9 en pr\u00e9sence d'animaux domestiques. Ce produit convient \u00e9galement aux tapis, moquettes, griffoirs et paniers pour chiens.<\/p>\n<ul>\n<li>Couleur : bleu et blanc<\/li>\n<li>Contenu : 250 ml<\/li>\n<li>Avec buse<\/li>\n<li>\u00c9tiquette de bouteille multicouche<\/li>\n<li>Manuel inclus<\/li>\n<li>Convient aux tapis\/animaux de compagnie\/meubles pour chats\/paniers pour chiens<\/li>\n<\/ul>","protected":false},"excerpt":{"rendered":"<ul>\n<li>Couleur : bleu et blanc<\/li>\n<li>Contenu : 250 ml<\/li>\n<li>Avec buse<\/li>\n<li>\u00c9tiquette de bouteille multicouche<\/li>\n<li>Manuel inclus<\/li>\n<li>Convient aux tapis\/animaux de compagnie\/meubles pour chats\/paniers pour chiens<\/li>\n<\/ul>","protected":false},"featured_media":3306,"comment_status":"open","ping_status":"closed","template":"","meta":[],"product_brand":[],"product_cat":[1354,54],"product_tag":[1048,1043],"class_list":{"0":"post-3308","1":"product","2":"type-product","3":"status-publish","4":"has-post-thumbnail","6":"product_cat-huishouden","7":"product_cat-meubelreinigers","8":"product_tag-geurverwijderaar","9":"product_tag-verfrisser","11":"first","12":"instock","13":"shipping-taxable","14":"purchasable","15":"product-type-simple"},"_links":{"self":[{"href":"https:\/\/planeto.be\/fr\/wp-json\/wp\/v2\/product\/3308","targetHints":{"allow":["GET"]}}],"collection":[{"href":"https:\/\/planeto.be\/fr\/wp-json\/wp\/v2\/product"}],"about":[{"href":"https:\/\/planeto.be\/fr\/wp-json\/wp\/v2\/types\/product"}],"replies":[{"embeddable":true,"href":"https:\/\/planeto.be\/fr\/wp-json\/wp\/v2\/comments?post=3308"}],"version-history":[{"count":1,"href":"https:\/\/planeto.be\/fr\/wp-json\/wp\/v2\/product\/3308\/revisions"}],"predecessor-version":[{"id":7887,"href":"https:\/\/planeto.be\/fr\/wp-json\/wp\/v2\/product\/3308\/revisions\/7887"}],"wp:featuredmedia":[{"embeddable":true,"href":"https:\/\/planeto.be\/fr\/wp-json\/wp\/v2\/media\/3306"}],"wp:attachment":[{"href":"https:\/\/planeto.be\/fr\/wp-json\/wp\/v2\/media?parent=3308"}],"wp:term":[{"taxonomy":"product_brand","embeddable":true,"href":"https:\/\/planeto.be\/fr\/wp-json\/wp\/v2\/product_brand?post=3308"},{"taxonomy":"product_cat","embeddable":true,"href":"https:\/\/planeto.be\/fr\/wp-json\/wp\/v2\/product_cat?post=3308"},{"taxonomy":"product_tag","embeddable":true,"href":"https:\/\/planeto.be\/fr\/wp-json\/wp\/v2\/product_tag?post=3308"}],"curies":[{"name":"wp","href":"https:\/\/api.w.org\/{rel}","templated":true}]}}