{"id":3300,"date":"2026-02-03T11:25:41","date_gmt":"2026-02-03T11:25:41","guid":{"rendered":"https:\/\/planeto.be\/product\/textielvlekverwijderaar-tapijtreiniger-250-ml\/"},"modified":"2026-02-10T07:54:52","modified_gmt":"2026-02-10T07:54:52","slug":"textielvlekverwijderaar-tapijtreiniger-250-ml","status":"publish","type":"product","link":"https:\/\/planeto.be\/fr\/produit\/textielvlekverwijderaar-tapijtreiniger-250-ml\/","title":{"rendered":"Planeto D\u00e9tachant textile \/ Nettoyant moquette 250 ml"},"content":{"rendered":"<p>Ce d\u00e9tachant textile a \u00e9t\u00e9 sp\u00e9cialement d\u00e9velopp\u00e9 pour prendre soin de vos textiles domestiques, gr\u00e2ce aux efforts conjoints de notre \u00e9quipe de recherche et d\u00e9veloppement et de nos fournisseurs.<\/p>\n<\/p>\n<p>Ce nettoyant unique nettoie et traite le rev\u00eatement de vos pi\u00e8ces pr\u00e9cieuses en une seule \u00e9tape. Il \u00e9limine les salissures profondes et tenaces ainsi que les odeurs naus\u00e9abondes qui adh\u00e8rent facilement aux fibres textiles. De plus, le nettoyant permet un nettoyage en profondeur de tous les types de tissus d'ameublement, tapis, moquettes, si\u00e8ges de voiture, housses de si\u00e8ges de voiture, fauteuils et canap\u00e9s. Gr\u00e2ce \u00e0 sa formule \u00e9prouv\u00e9e, le d\u00e9tachant est \u00e9galement parfait pour les appareils de nettoyage humide. Il n'encrasse pas les syst\u00e8mes de nettoyage sensibles avec des additifs chimiques.<\/p>\n<ul>\n<li>Couleur : bleu et blanc<\/li>\n<li>Dimensions du chiffon en microfibre : 17 x 15 cm (L x l)<\/li>\n<li>Contenu : 250 ml<\/li>\n<li>Avec buse<\/li>\n<li>\u00c9tiquette de bouteille multicouche<\/li>\n<li>Convient pour les tapis d'escalier<\/li>\n<li>Manuel inclus<\/li>\n<li>\u00c9limine les odeurs naus\u00e9abondes qui adh\u00e8rent facilement aux fibres textiles<\/li>\n<li>Sp\u00e9cialement d\u00e9velopp\u00e9 avec l'\u00e9quipe de recherche et le fournisseur<\/li>\n<\/ul>","protected":false},"excerpt":{"rendered":"<ul>\n<li>Couleur : bleu et blanc<\/li>\n<li>Dimensions du chiffon en microfibre : 17 x 15 cm (L x l)<\/li>\n<li>Contenu : 250 ml<\/li>\n<li>Avec buse<\/li>\n<li>\u00c9tiquette de bouteille multicouche<\/li>\n<li>Convient pour les tapis d'escalier<\/li>\n<li>Manuel inclus<\/li>\n<li>\u00c9limine les odeurs naus\u00e9abondes qui adh\u00e8rent facilement aux fibres textiles<\/li>\n<li>Sp\u00e9cialement d\u00e9velopp\u00e9 avec l'\u00e9quipe de recherche et le fournisseur<\/li>\n<\/ul>","protected":false},"featured_media":3298,"comment_status":"open","ping_status":"closed","template":"","meta":[],"product_brand":[],"product_cat":[1354,54],"product_tag":[1047,1046],"class_list":{"0":"post-3300","1":"product","2":"type-product","3":"status-publish","4":"has-post-thumbnail","6":"product_cat-huishouden","7":"product_cat-meubelreinigers","8":"product_tag-tapijtreiniger","9":"product_tag-textielvlekverwijderaar","11":"first","12":"instock","13":"shipping-taxable","14":"purchasable","15":"product-type-simple"},"_links":{"self":[{"href":"https:\/\/planeto.be\/fr\/wp-json\/wp\/v2\/product\/3300","targetHints":{"allow":["GET"]}}],"collection":[{"href":"https:\/\/planeto.be\/fr\/wp-json\/wp\/v2\/product"}],"about":[{"href":"https:\/\/planeto.be\/fr\/wp-json\/wp\/v2\/types\/product"}],"replies":[{"embeddable":true,"href":"https:\/\/planeto.be\/fr\/wp-json\/wp\/v2\/comments?post=3300"}],"version-history":[{"count":1,"href":"https:\/\/planeto.be\/fr\/wp-json\/wp\/v2\/product\/3300\/revisions"}],"predecessor-version":[{"id":7885,"href":"https:\/\/planeto.be\/fr\/wp-json\/wp\/v2\/product\/3300\/revisions\/7885"}],"wp:featuredmedia":[{"embeddable":true,"href":"https:\/\/planeto.be\/fr\/wp-json\/wp\/v2\/media\/3298"}],"wp:attachment":[{"href":"https:\/\/planeto.be\/fr\/wp-json\/wp\/v2\/media?parent=3300"}],"wp:term":[{"taxonomy":"product_brand","embeddable":true,"href":"https:\/\/planeto.be\/fr\/wp-json\/wp\/v2\/product_brand?post=3300"},{"taxonomy":"product_cat","embeddable":true,"href":"https:\/\/planeto.be\/fr\/wp-json\/wp\/v2\/product_cat?post=3300"},{"taxonomy":"product_tag","embeddable":true,"href":"https:\/\/planeto.be\/fr\/wp-json\/wp\/v2\/product_tag?post=3300"}],"curies":[{"name":"wp","href":"https:\/\/api.w.org\/{rel}","templated":true}]}}